{"id":26335,"date":"2021-10-11T14:29:35","date_gmt":"2021-10-11T12:29:35","guid":{"rendered":"http:\/\/praxistrainings-lms.de\/?page_id=26335"},"modified":"2025-12-11T21:04:30","modified_gmt":"2025-12-11T20:04:30","slug":"impressum","status":"publish","type":"page","link":"https:\/\/praxistrainings-lms.de\/cs\/impressum\/","title":{"rendered":"otisk"},"content":{"rendered":"<div data-elementor-type=\"wp-page\" data-elementor-id=\"26335\" class=\"elementor elementor-26335\" data-elementor-post-type=\"page\">\n\t\t\t\t\t\t<section class=\"elementor-section elementor-top-section elementor-element elementor-element-68a5792 elementor-section-boxed elementor-section-height-default elementor-section-height-default\" data-id=\"68a5792\" data-element_type=\"section\" data-e-type=\"section\">\n\t\t\t\t\t\t<div class=\"elementor-container elementor-column-gap-default\">\n\t\t\t\t\t<div class=\"elementor-column elementor-col-100 elementor-top-column elementor-element elementor-element-7e814e2\" data-id=\"7e814e2\" data-element_type=\"column\" data-e-type=\"column\">\n\t\t\t<div class=\"elementor-widget-wrap elementor-element-populated\">\n\t\t\t\t\t\t<div class=\"elementor-element elementor-element-7bfc6ad elementor-widget elementor-widget-html\" data-id=\"7bfc6ad\" data-element_type=\"widget\" data-e-type=\"widget\" data-widget_type=\"html.default\">\n\t\t\t\t<div class=\"elementor-widget-container\">\n\t\t\t\t\t<h1>otisk<\/h1>\r\n\r\n<h2>Podle \u00a7 5 TMG<\/h2>\r\n<p>Majitelka: Jennifer Ziegler<br \/>\r\nN\u00e1zev spole\u010dnosti: Praktick\u00fd v\u00fdcvik LMS<br \/>\r\nK\u00f6sters Kamp 11<br \/>\r\n31840 Hessensk\u00fd Oldendorf<\/p>\r\n\r\n<h2>Kontakt<\/h2>\r\n<p>Telefon: +49 5152-7800574<br \/>\r\nE-mail: jennifer.ziegler@praxistrainings-lms.de<\/p>\r\n\r\n<h2>DI\u010c<\/h2>\r\n<p>Da\u0148ov\u00e9 identifika\u010dn\u00ed \u010d\u00edslo podle \u00a7 27 z\u00e1kona o dani z obratu:<br \/>\r\nDE346203134<\/p>\r\n\r\n<h2>registrace firmy<\/h2>\r\n<p>Obchodn\u00ed z\u00e1pis podle \u00a7 14 GewO byl ud\u011blen dne 1. listopadu 2021 po\u0159\u00e1dkov\u00fdm \u00fa\u0159adem ve Frankfurtu nad Mohanem.<\/p>\r\n\r\n<h2>Informace o poji\u0161t\u011bn\u00ed profesn\u00ed odpov\u011bdnosti<\/h2>\r\n<p><strong>N\u00e1zev a s\u00eddlo pojistitele:<\/strong><br \/>\r\n\r\nAllianz Insurance AG<br>\r\n\r\nS\u00eddlo spole\u010dnosti: Mnichov<br>\r\nRejst\u0159\u00edkov\u00fd soud: Okresn\u00ed soud v Mnichov\u011b HRB 75727\r\n<\/p>\r\n<p><strong>Oblast platnosti poji\u0161t\u011bn\u00ed:<\/strong><br \/>N\u011bmecko, Rakousko, \u0160v\u00fdcarsko<\/p>\r\n\r\n<h2>Redak\u010dn\u00ed odpov\u011bdnost<\/h2>\r\n<p>Jennifer Ziegler<br \/>\r\nK\u00f6sters Kamp 11<br \/>\r\n31840 Hessensk\u00fd Oldendorf<\/p>\r\n\r\n<h2>\u0158e\u0161en\u00ed spor\u016f EU<\/h2>\r\n<p>Evropsk\u00e1 komise poskytuje platformu pro online \u0159e\u0161en\u00ed spor\u016f (OS): <a href=\"https:\/\/ec.europa.eu\/consumers\/odr\/\" target=\"_blank\" rel=\"noopener noreferrer\">https:\/\/ec.europa.eu\/consumers\/odr\/<\/a>.<br \/> Na\u0161i e-mailovou adresu naleznete v\u00fd\u0161e v tir\u00e1\u017ei.<\/p>\r\n\r\n<h2>\u0158e\u0161en\u00ed spot\u0159ebitelsk\u00fdch spor\u016f\/univerz\u00e1ln\u00ed rozhod\u010d\u00ed komise<\/h2>\r\n<p>Nejsme ani povinni, ani ochotni se \u00fa\u010dastnit \u0159\u00edzen\u00ed o \u0159e\u0161en\u00ed spor\u016f p\u0159ed rozhod\u010d\u00ed komis\u00ed pro spot\u0159ebitele.<\/p>\r\n\r\n\t\t\t\t<\/div>\n\t\t\t\t<\/div>\n\t\t\t\t\t<\/div>\n\t\t<\/div>\n\t\t\t\t\t<\/div>\n\t\t<\/section>\n\t\t\t\t<section class=\"elementor-section elementor-top-section elementor-element elementor-element-ec7579c elementor-section-boxed elementor-section-height-default elementor-section-height-default\" data-id=\"ec7579c\" data-element_type=\"section\" data-e-type=\"section\">\n\t\t\t\t\t\t<div class=\"elementor-container elementor-column-gap-default\">\n\t\t\t\t\t<div class=\"elementor-column elementor-col-100 elementor-top-column elementor-element elementor-element-e77aae9\" data-id=\"e77aae9\" data-element_type=\"column\" data-e-type=\"column\">\n\t\t\t<div class=\"elementor-widget-wrap elementor-element-populated\">\n\t\t\t\t\t\t<div class=\"elementor-element elementor-element-d215696 elementor-widget elementor-widget-heading\" data-id=\"d215696\" data-element_type=\"widget\" data-e-type=\"widget\" data-widget_type=\"heading.default\">\n\t\t\t\t<div class=\"elementor-widget-container\">\n\t\t\t\t\t<h2 class=\"elementor-heading-title elementor-size-default\">Vlo\u017een\u00e9 obr\u00e1zky<\/h2>\t\t\t\t<\/div>\n\t\t\t\t<\/div>\n\t\t\t\t\t<\/div>\n\t\t<\/div>\n\t\t\t\t\t<\/div>\n\t\t<\/section>\n\t\t\t\t<section class=\"elementor-section elementor-top-section elementor-element elementor-element-713a290 elementor-section-boxed elementor-section-height-default elementor-section-height-default\" data-id=\"713a290\" data-element_type=\"section\" data-e-type=\"section\">\n\t\t\t\t\t\t<div class=\"elementor-container elementor-column-gap-default\">\n\t\t\t\t\t<div class=\"elementor-column elementor-col-100 elementor-top-column elementor-element elementor-element-39e514c\" data-id=\"39e514c\" data-element_type=\"column\" data-e-type=\"column\">\n\t\t\t<div class=\"elementor-widget-wrap elementor-element-populated\">\n\t\t\t\t\t\t<div class=\"elementor-element elementor-element-6c1d698 elementor-widget elementor-widget-text-editor\" data-id=\"6c1d698\" data-element_type=\"widget\" data-e-type=\"widget\" data-widget_type=\"text-editor.default\">\n\t\t\t\t<div class=\"elementor-widget-container\">\n\t\t\t\t\t\t\t\t\t<ul><li><a href=\"https:\/\/pixabay.com\/\" target=\"_blank\" rel=\"noopener\">pixabay.com<\/a><\/li><li><a href=\"https:\/\/pexels.com\/\" target=\"_blank\" rel=\"noopener\">pexels.com<\/a><\/li><li><a href=\"https:\/\/stock.adobe.com\/\" target=\"_blank\" rel=\"noopener\">stock.adobe.com<\/a><\/li><li><a href=\"https:\/\/unsplash.com\">unsplash.com<\/a><\/li><li>a dal\u0161\u00ed obrazov\u00e9 datab\u00e1ze v souladu s pr\u00e1vy na u\u017e\u00edv\u00e1n\u00ed<\/li><li>Obr\u00e1zky generovan\u00e9 um\u011blou inteligenc\u00ed (ozna\u010den\u00e9 ikonou \u201cAI\u201d nebo uveden\u00e9 v popisu obr\u00e1zku)<\/li><li>Vlastn\u00ed obr\u00e1zky<\/li><\/ul>\t\t\t\t\t\t\t\t<\/div>\n\t\t\t\t<\/div>\n\t\t\t\t\t<\/div>\n\t\t<\/div>\n\t\t\t\t\t<\/div>\n\t\t<\/section>\n\t\t\t\t<section class=\"elementor-section elementor-top-section elementor-element elementor-element-7de06a0 elementor-section-boxed elementor-section-height-default elementor-section-height-default\" data-id=\"7de06a0\" data-element_type=\"section\" data-e-type=\"section\">\n\t\t\t\t\t\t<div class=\"elementor-container elementor-column-gap-default\">\n\t\t\t\t\t<div class=\"elementor-column elementor-col-100 elementor-top-column elementor-element elementor-element-0900a55\" data-id=\"0900a55\" data-element_type=\"column\" data-e-type=\"column\">\n\t\t\t<div class=\"elementor-widget-wrap elementor-element-populated\">\n\t\t\t\t\t\t<div class=\"elementor-element elementor-element-79188c5 elementor-widget elementor-widget-text-editor\" data-id=\"79188c5\" data-element_type=\"widget\" data-e-type=\"widget\" data-widget_type=\"text-editor.default\">\n\t\t\t\t<div class=\"elementor-widget-container\">\n\t\t\t\t\t\t\t\t\t<p>K 11. prosinci 2025 \u2013 Zm\u011bny: Zkr\u00e1cen\u00ed n\u00e1zvu spole\u010dnosti z \u201cPraxistrainings-Lebensmittelsicherheit\u201d na \u201cPraxistrainings-LMS\u201d; zkr\u00e1cen\u00ed informac\u00ed o pojistiteli; zm\u011bny v postupu \u0159e\u0161en\u00ed spot\u0159ebitelsk\u00fdch spor\u016f.<\/p>\t\t\t\t\t\t\t\t<\/div>\n\t\t\t\t<\/div>\n\t\t\t\t\t<\/div>\n\t\t<\/div>\n\t\t\t\t\t<\/div>\n\t\t<\/section>\n\t\t\t\t<\/div>","protected":false},"excerpt":{"rendered":"<p>Impressum Angaben gem\u00e4\u00df \u00a7 5 TMG Inhabering: Jennifer Ziegler Unternehmenstitel: Praxistrainings-LMS K\u00f6sters Kamp 11 31840 Hessisch Oldendorf Kontakt Telefon: +49 5152-7800574 E-Mail: jennifer.ziegler@praxistrainings-lms.de Umsatzsteuer-ID Umsatzsteuer-Identifikationsnummer gem\u00e4\u00df \u00a7 27 a Umsatzsteuergesetz: DE346203134 Gewerbeanmeldung Die Gewerbeanmeldung nach \u00a7 14 GewO wurde am 01.11.2021 durch das Ordnungsamt Frankfurt am Main erteilt. Angaben zur Berufs\u00adhaftpflicht\u00adversicherung Name und Sitz des [&hellip;]<\/p>\n","protected":false},"author":1,"featured_media":0,"parent":0,"menu_order":0,"comment_status":"closed","ping_status":"closed","template":"","meta":{"_acf_changed":false,"site-sidebar-layout":"no-sidebar","site-content-layout":"page-builder","ast-site-content-layout":"default","site-content-style":"default","site-sidebar-style":"default","ast-global-header-display":"","ast-banner-title-visibility":"","ast-main-header-display":"","ast-hfb-above-header-display":"","ast-hfb-below-header-display":"","ast-hfb-mobile-header-display":"","site-post-title":"disabled","ast-breadcrumbs-content":"","ast-featured-img":"disabled","footer-sml-layout":"","ast-disable-related-posts":"","theme-transparent-header-meta":"default","adv-header-id-meta":"","stick-header-meta":"","header-above-stick-meta":"","header-main-stick-meta":"","header-below-stick-meta":"","astra-migrate-meta-layouts":"default","ast-page-background-enabled":"default","ast-page-background-meta":{"desktop":{"background-color":"","background-image":"","background-repeat":"repeat","background-position":"center center","background-size":"auto","background-attachment":"scroll","background-type":"","background-media":"","overlay-type":"","overlay-color":"","overlay-opacity":"","overlay-gradient":""},"tablet":{"background-color":"","background-image":"","background-repeat":"repeat","background-position":"center center","background-size":"auto","background-attachment":"scroll","background-type":"","background-media":"","overlay-type":"","overlay-color":"","overlay-opacity":"","overlay-gradient":""},"mobile":{"background-color":"","background-image":"","background-repeat":"repeat","background-position":"center center","background-size":"auto","background-attachment":"scroll","background-type":"","background-media":"","overlay-type":"","overlay-color":"","overlay-opacity":"","overlay-gradient":""}},"ast-content-background-meta":{"desktop":{"background-color":"var(--ast-global-color-5)","background-image":"","background-repeat":"repeat","background-position":"center center","background-size":"auto","background-attachment":"scroll","background-type":"","background-media":"","overlay-type":"","overlay-color":"","overlay-opacity":"","overlay-gradient":""},"tablet":{"background-color":"var(--ast-global-color-5)","background-image":"","background-repeat":"repeat","background-position":"center center","background-size":"auto","background-attachment":"scroll","background-type":"","background-media":"","overlay-type":"","overlay-color":"","overlay-opacity":"","overlay-gradient":""},"mobile":{"background-color":"var(--ast-global-color-5)","background-image":"","background-repeat":"repeat","background-position":"center center","background-size":"auto","background-attachment":"scroll","background-type":"","background-media":"","overlay-type":"","overlay-color":"","overlay-opacity":"","overlay-gradient":""}},"footnotes":""},"class_list":["post-26335","page","type-page","status-publish","hentry"],"acf":[],"yoast_head":"<!-- This site is optimized with the Yoast SEO Premium plugin v27.4 (Yoast SEO v27.4) - https:\/\/yoast.com\/product\/yoast-seo-premium-wordpress\/ -->\n<title>Impressum von Praxistrainings-LMS: Jetzt informieren!<\/title>\n<meta name=\"description\" content=\"Sie m\u00f6chten mehr \u00fcber das Unternehmen Praxistrainings-LMS erfahren? Hier gelangen Sie direkt zum Impressum.\" \/>\n<meta name=\"robots\" content=\"index, follow, max-snippet:-1, max-image-preview:large, max-video-preview:-1\" \/>\n<link rel=\"canonical\" href=\"https:\/\/praxistrainings-lms.de\/cs\/impressum\/\" \/>\n<meta property=\"og:locale\" content=\"cs_CZ\" \/>\n<meta property=\"og:type\" content=\"article\" \/>\n<meta property=\"og:title\" content=\"Impressum\" \/>\n<meta property=\"og:description\" content=\"Sie m\u00f6chten mehr \u00fcber das Unternehmen Praxistrainings-LMS erfahren? Hier gelangen Sie direkt zum Impressum.\" \/>\n<meta property=\"og:url\" content=\"https:\/\/praxistrainings-lms.de\/cs\/impressum\/\" \/>\n<meta property=\"og:site_name\" content=\"Praxistrainings-LMS\" \/>\n<meta property=\"article:publisher\" content=\"https:\/\/www.facebook.com\/jennifer.ziegler.praxistraining.lms.de\" \/>\n<meta property=\"article:modified_time\" content=\"2025-12-11T20:04:30+00:00\" \/>\n<meta name=\"twitter:card\" content=\"summary_large_image\" \/>\n<meta name=\"twitter:label1\" content=\"Odhadovan\u00e1 doba \u010dten\u00ed\" \/>\n\t<meta name=\"twitter:data1\" content=\"1 minuta\" \/>\n<script type=\"application\/ld+json\" class=\"yoast-schema-graph\">{\"@context\":\"https:\\\/\\\/schema.org\",\"@graph\":[{\"@type\":\"WebPage\",\"@id\":\"https:\\\/\\\/praxistrainings-lms.de\\\/impressum\\\/\",\"url\":\"https:\\\/\\\/praxistrainings-lms.de\\\/impressum\\\/\",\"name\":\"Impressum von Praxistrainings-LMS: Jetzt informieren!\",\"isPartOf\":{\"@id\":\"https:\\\/\\\/praxistrainings-lms.de\\\/#website\"},\"datePublished\":\"2021-10-11T12:29:35+00:00\",\"dateModified\":\"2025-12-11T20:04:30+00:00\",\"description\":\"Sie m\u00f6chten mehr \u00fcber das Unternehmen Praxistrainings-LMS erfahren? Hier gelangen Sie direkt zum Impressum.\",\"breadcrumb\":{\"@id\":\"https:\\\/\\\/praxistrainings-lms.de\\\/impressum\\\/#breadcrumb\"},\"inLanguage\":\"cs\",\"potentialAction\":[{\"@type\":\"ReadAction\",\"target\":[\"https:\\\/\\\/praxistrainings-lms.de\\\/impressum\\\/\"]}]},{\"@type\":\"BreadcrumbList\",\"@id\":\"https:\\\/\\\/praxistrainings-lms.de\\\/impressum\\\/#breadcrumb\",\"itemListElement\":[{\"@type\":\"ListItem\",\"position\":1,\"name\":\"Startseite\",\"item\":\"https:\\\/\\\/praxistrainings-lms.de\\\/\"},{\"@type\":\"ListItem\",\"position\":2,\"name\":\"Impressum\"}]},{\"@type\":\"WebSite\",\"@id\":\"https:\\\/\\\/praxistrainings-lms.de\\\/#website\",\"url\":\"https:\\\/\\\/praxistrainings-lms.de\\\/\",\"name\":\"Praxistrainings-LMS\",\"description\":\"Schulungen f\u00fcr QM &amp; QS von Lebensmittel-Unternehmen\",\"publisher\":{\"@id\":\"https:\\\/\\\/praxistrainings-lms.de\\\/#organization\"},\"potentialAction\":[{\"@type\":\"SearchAction\",\"target\":{\"@type\":\"EntryPoint\",\"urlTemplate\":\"https:\\\/\\\/praxistrainings-lms.de\\\/?s={search_term_string}\"},\"query-input\":{\"@type\":\"PropertyValueSpecification\",\"valueRequired\":true,\"valueName\":\"search_term_string\"}}],\"inLanguage\":\"cs\"},{\"@type\":\"Organization\",\"@id\":\"https:\\\/\\\/praxistrainings-lms.de\\\/#organization\",\"name\":\"Praxistrainings-LMS\",\"url\":\"https:\\\/\\\/praxistrainings-lms.de\\\/\",\"logo\":{\"@type\":\"ImageObject\",\"inLanguage\":\"cs\",\"@id\":\"https:\\\/\\\/praxistrainings-lms.de\\\/#\\\/schema\\\/logo\\\/image\\\/\",\"url\":\"https:\\\/\\\/praxistrainings-lms.de\\\/wp-content\\\/uploads\\\/2022\\\/02\\\/WEB_LMS_Logo_Blue-e1646829814308.png\",\"contentUrl\":\"https:\\\/\\\/praxistrainings-lms.de\\\/wp-content\\\/uploads\\\/2022\\\/02\\\/WEB_LMS_Logo_Blue-e1646829814308.png\",\"width\":286,\"height\":143,\"caption\":\"Praxistrainings-LMS\"},\"image\":{\"@id\":\"https:\\\/\\\/praxistrainings-lms.de\\\/#\\\/schema\\\/logo\\\/image\\\/\"},\"sameAs\":[\"https:\\\/\\\/www.facebook.com\\\/jennifer.ziegler.praxistraining.lms.de\",\"https:\\\/\\\/www.linkedin.com\\\/in\\\/jennifer-ziegler-sichere-lm\\\/\",\"https:\\\/\\\/www.youtube.com\\\/channel\\\/UCQ1DGMwNQlP9uMcX_P-_gTg\"]}]}<\/script>\n<!-- \/ Yoast SEO Premium plugin. -->","yoast_head_json":{"title":"Otisk od Praxistrainings-LMS: Zjist\u011bte to hned!","description":"Chcete se dozv\u011bd\u011bt v\u00edce o spole\u010dnosti Praxistrainings-LMS? Zde m\u016f\u017eete p\u0159ej\u00edt p\u0159\u00edmo k otisku.","robots":{"index":"index","follow":"follow","max-snippet":"max-snippet:-1","max-image-preview":"max-image-preview:large","max-video-preview":"max-video-preview:-1"},"canonical":"https:\/\/praxistrainings-lms.de\/cs\/impressum\/","og_locale":"cs_CZ","og_type":"article","og_title":"Impressum","og_description":"Sie m\u00f6chten mehr \u00fcber das Unternehmen Praxistrainings-LMS erfahren? Hier gelangen Sie direkt zum Impressum.","og_url":"https:\/\/praxistrainings-lms.de\/cs\/impressum\/","og_site_name":"Praxistrainings-LMS","article_publisher":"https:\/\/www.facebook.com\/jennifer.ziegler.praxistraining.lms.de","article_modified_time":"2025-12-11T20:04:30+00:00","twitter_card":"summary_large_image","twitter_misc":{"Odhadovan\u00e1 doba \u010dten\u00ed":"1 minuta"},"schema":{"@context":"https:\/\/schema.org","@graph":[{"@type":"WebPage","@id":"https:\/\/praxistrainings-lms.de\/impressum\/","url":"https:\/\/praxistrainings-lms.de\/impressum\/","name":"Otisk od Praxistrainings-LMS: Zjist\u011bte to hned!","isPartOf":{"@id":"https:\/\/praxistrainings-lms.de\/#website"},"datePublished":"2021-10-11T12:29:35+00:00","dateModified":"2025-12-11T20:04:30+00:00","description":"Chcete se dozv\u011bd\u011bt v\u00edce o spole\u010dnosti Praxistrainings-LMS? Zde m\u016f\u017eete p\u0159ej\u00edt p\u0159\u00edmo k otisku.","breadcrumb":{"@id":"https:\/\/praxistrainings-lms.de\/impressum\/#breadcrumb"},"inLanguage":"cs","potentialAction":[{"@type":"ReadAction","target":["https:\/\/praxistrainings-lms.de\/impressum\/"]}]},{"@type":"BreadcrumbList","@id":"https:\/\/praxistrainings-lms.de\/impressum\/#breadcrumb","itemListElement":[{"@type":"ListItem","position":1,"name":"Startseite","item":"https:\/\/praxistrainings-lms.de\/"},{"@type":"ListItem","position":2,"name":"Impressum"}]},{"@type":"WebSite","@id":"https:\/\/praxistrainings-lms.de\/#website","url":"https:\/\/praxistrainings-lms.de\/","name":"Cvi\u010den\u00ed \u0161kolen\u00ed LMS","description":"\u0160kolen\u00ed pro QM &amp; QS potravin\u00e1\u0159sk\u00fdch spole\u010dnost\u00ed","publisher":{"@id":"https:\/\/praxistrainings-lms.de\/#organization"},"potentialAction":[{"@type":"SearchAction","target":{"@type":"EntryPoint","urlTemplate":"https:\/\/praxistrainings-lms.de\/?s={search_term_string}"},"query-input":{"@type":"PropertyValueSpecification","valueRequired":true,"valueName":"search_term_string"}}],"inLanguage":"cs"},{"@type":"Organization","@id":"https:\/\/praxistrainings-lms.de\/#organization","name":"Cvi\u010den\u00ed \u0161kolen\u00ed LMS","url":"https:\/\/praxistrainings-lms.de\/","logo":{"@type":"ImageObject","inLanguage":"cs","@id":"https:\/\/praxistrainings-lms.de\/#\/schema\/logo\/image\/","url":"https:\/\/praxistrainings-lms.de\/wp-content\/uploads\/2022\/02\/WEB_LMS_Logo_Blue-e1646829814308.png","contentUrl":"https:\/\/praxistrainings-lms.de\/wp-content\/uploads\/2022\/02\/WEB_LMS_Logo_Blue-e1646829814308.png","width":286,"height":143,"caption":"Praxistrainings-LMS"},"image":{"@id":"https:\/\/praxistrainings-lms.de\/#\/schema\/logo\/image\/"},"sameAs":["https:\/\/www.facebook.com\/jennifer.ziegler.praxistraining.lms.de","https:\/\/www.linkedin.com\/in\/jennifer-ziegler-sichere-lm\/","https:\/\/www.youtube.com\/channel\/UCQ1DGMwNQlP9uMcX_P-_gTg"]}]}},"_links":{"self":[{"href":"https:\/\/praxistrainings-lms.de\/cs\/wp-json\/wp\/v2\/pages\/26335","targetHints":{"allow":["GET"]}}],"collection":[{"href":"https:\/\/praxistrainings-lms.de\/cs\/wp-json\/wp\/v2\/pages"}],"about":[{"href":"https:\/\/praxistrainings-lms.de\/cs\/wp-json\/wp\/v2\/types\/page"}],"author":[{"embeddable":true,"href":"https:\/\/praxistrainings-lms.de\/cs\/wp-json\/wp\/v2\/users\/1"}],"replies":[{"embeddable":true,"href":"https:\/\/praxistrainings-lms.de\/cs\/wp-json\/wp\/v2\/comments?post=26335"}],"version-history":[{"count":5,"href":"https:\/\/praxistrainings-lms.de\/cs\/wp-json\/wp\/v2\/pages\/26335\/revisions"}],"predecessor-version":[{"id":73316,"href":"https:\/\/praxistrainings-lms.de\/cs\/wp-json\/wp\/v2\/pages\/26335\/revisions\/73316"}],"wp:attachment":[{"href":"https:\/\/praxistrainings-lms.de\/cs\/wp-json\/wp\/v2\/media?parent=26335"}],"curies":[{"name":"wp","href":"https:\/\/api.w.org\/{rel}","templated":true}]}}