{"id":24046,"date":"2021-09-21T11:54:34","date_gmt":"2021-09-21T09:54:34","guid":{"rendered":"http:\/\/praxistrainings-lms.de\/warenkorb\/"},"modified":"2023-05-08T14:05:44","modified_gmt":"2023-05-08T12:05:44","slug":"warenkorb","status":"publish","type":"page","link":"https:\/\/praxistrainings-lms.de\/es\/warenkorb\/","title":{"rendered":"Carro de compras"},"content":{"rendered":"<div data-elementor-type=\"wp-page\" data-elementor-id=\"24046\" class=\"elementor elementor-24046\" data-elementor-post-type=\"page\">\n\t\t\t\t\t\t<section class=\"elementor-section elementor-top-section elementor-element elementor-element-4b891d3a elementor-section-boxed elementor-section-height-default elementor-section-height-default\" data-id=\"4b891d3a\" data-element_type=\"section\" data-e-type=\"section\">\n\t\t\t\t\t\t<div class=\"elementor-container elementor-column-gap-default\">\n\t\t\t\t\t<div class=\"elementor-column elementor-col-100 elementor-top-column elementor-element elementor-element-6492aba\" data-id=\"6492aba\" data-element_type=\"column\" data-e-type=\"column\">\n\t\t\t<div class=\"elementor-widget-wrap elementor-element-populated\">\n\t\t\t\t\t\t<div class=\"elementor-element elementor-element-10714fd6 elementor-widget elementor-widget-text-editor\" data-id=\"10714fd6\" data-element_type=\"widget\" data-e-type=\"widget\" data-widget_type=\"text-editor.default\">\n\t\t\t\t<div class=\"elementor-widget-container\">\n\t\t\t\t\t\t\t\t\t\t\t\t\t\t\t\t\t<\/div>\n\t\t\t\t<\/div>\n\t\t\t\t\t<\/div>\n\t\t<\/div>\n\t\t\t\t\t<\/div>\n\t\t<\/section>\n\t\t\t\t<section class=\"elementor-section elementor-top-section elementor-element elementor-element-84f2343 elementor-section-boxed elementor-section-height-default elementor-section-height-default\" data-id=\"84f2343\" data-element_type=\"section\" data-e-type=\"section\">\n\t\t\t\t\t\t<div class=\"elementor-container elementor-column-gap-default\">\n\t\t\t\t\t<div class=\"elementor-column elementor-col-100 elementor-top-column elementor-element elementor-element-083fe02\" data-id=\"083fe02\" data-element_type=\"column\" data-e-type=\"column\">\n\t\t\t<div class=\"elementor-widget-wrap elementor-element-populated\">\n\t\t\t\t\t\t<div class=\"elementor-element elementor-element-88b981f elementor-widget elementor-widget-text-editor\" data-id=\"88b981f\" data-element_type=\"widget\" data-e-type=\"widget\" data-widget_type=\"text-editor.default\">\n\t\t\t\t<div class=\"elementor-widget-container\">\n\t\t\t\t\t\t\t\t\t<p>Esperamos que disfrute de su pedido de Praxistrainings-LMS. Para consultas, solicitudes, sugerencias: <a href=\"mailto:info@praxistrainings-lms.de\">info@praxistrainings-lms.de<\/a>.<\/p>\n<p><iframe id=\"zShareTpcCheck\" style=\"display: none;\" src=\"chrome-extension:\/\/ddafdejlekcmnafgnbllcfkebabhabcl\/html\/tpc.html\"><\/iframe><span id=\"zoho_button_ext\" style=\"display: none; position: absolute; z-index: 99999999; width: 80px; height: 31px; background-image: url('chrome-extension:\/\/ddafdejlekcmnafgnbllcfkebabhabcl\/images\/zshare.png'); background-size: 80px 31px; opacity: 0.9; cursor: pointer; top: 0px; left: 0px;\"><\/span><\/p>\t\t\t\t\t\t\t\t<\/div>\n\t\t\t\t<\/div>\n\t\t\t\t\t<\/div>\n\t\t<\/div>\n\t\t\t\t\t<\/div>\n\t\t<\/section>\n\t\t\t\t<section class=\"elementor-section elementor-top-section elementor-element elementor-element-6ab550f elementor-section-boxed elementor-section-height-default elementor-section-height-default\" data-id=\"6ab550f\" data-element_type=\"section\" data-e-type=\"section\">\n\t\t\t\t\t\t<div class=\"elementor-container elementor-column-gap-default\">\n\t\t\t\t\t<div class=\"elementor-column elementor-col-100 elementor-top-column elementor-element elementor-element-a78cd6c\" data-id=\"a78cd6c\" data-element_type=\"column\" data-e-type=\"column\">\n\t\t\t<div class=\"elementor-widget-wrap elementor-element-populated\">\n\t\t\t\t\t\t<div class=\"elementor-element elementor-element-9ec9f7a elementor-widget elementor-widget-text-editor\" data-id=\"9ec9f7a\" data-element_type=\"widget\" data-e-type=\"widget\" data-widget_type=\"text-editor.default\">\n\t\t\t\t<div class=\"elementor-widget-container\">\n\t\t\t\t\t\t\t\t\t<p><a href=\"https:\/\/praxistrainings-lms.de\/\">Casa<\/a><\/p>\n<p><iframe id=\"zShareTpcCheck\" style=\"display: none;\" src=\"chrome-extension:\/\/ddafdejlekcmnafgnbllcfkebabhabcl\/html\/tpc.html\"><\/iframe><span id=\"zoho_button_ext\" style=\"display: none; position: absolute; z-index: 99999999; width: 80px; height: 31px; background-image: url('chrome-extension:\/\/ddafdejlekcmnafgnbllcfkebabhabcl\/images\/zshare.png'); background-size: 80px 31px; opacity: 0.9; cursor: pointer; top: 0px; left: 0px;\"><\/span><\/p>\n<p><iframe id=\"zShareTpcCheck\" style=\"display: none;\" src=\"chrome-extension:\/\/ddafdejlekcmnafgnbllcfkebabhabcl\/html\/tpc.html\"><\/iframe><\/p>\t\t\t\t\t\t\t\t<\/div>\n\t\t\t\t<\/div>\n\t\t\t\t\t<\/div>\n\t\t<\/div>\n\t\t\t\t\t<\/div>\n\t\t<\/section>\n\t\t\t\t<\/div>","protected":false},"excerpt":{"rendered":"<p>Esperamos que disfrute de su pedido en Praxistrainings-LMS. Si tiene alguna pregunta, solicitud o sugerencia, cont\u00e1ctenos en info@praxistrainings-lms.de.<\/p>","protected":false},"author":1,"featured_media":0,"parent":0,"menu_order":0,"comment_status":"closed","ping_status":"closed","template":"","meta":{"_acf_changed":false,"site-sidebar-layout":"default","site-content-layout":"","ast-site-content-layout":"default","site-content-style":"default","site-sidebar-style":"default","ast-global-header-display":"","ast-banner-title-visibility":"","ast-main-header-display":"","ast-hfb-above-header-display":"","ast-hfb-below-header-display":"","ast-hfb-mobile-header-display":"","site-post-title":"","ast-breadcrumbs-content":"","ast-featured-img":"","footer-sml-layout":"","ast-disable-related-posts":"","theme-transparent-header-meta":"","adv-header-id-meta":"","stick-header-meta":"","header-above-stick-meta":"","header-main-stick-meta":"","header-below-stick-meta":"","astra-migrate-meta-layouts":"default","ast-page-background-enabled":"default","ast-page-background-meta":{"desktop":{"background-color":"","background-image":"","background-repeat":"repeat","background-position":"center center","background-size":"auto","background-attachment":"scroll","background-type":"","background-media":"","overlay-type":"","overlay-color":"","overlay-opacity":"","overlay-gradient":""},"tablet":{"background-color":"","background-image":"","background-repeat":"repeat","background-position":"center center","background-size":"auto","background-attachment":"scroll","background-type":"","background-media":"","overlay-type":"","overlay-color":"","overlay-opacity":"","overlay-gradient":""},"mobile":{"background-color":"","background-image":"","background-repeat":"repeat","background-position":"center center","background-size":"auto","background-attachment":"scroll","background-type":"","background-media":"","overlay-type":"","overlay-color":"","overlay-opacity":"","overlay-gradient":""}},"ast-content-background-meta":{"desktop":{"background-color":"var(--ast-global-color-5)","background-image":"","background-repeat":"repeat","background-position":"center center","background-size":"auto","background-attachment":"scroll","background-type":"","background-media":"","overlay-type":"","overlay-color":"","overlay-opacity":"","overlay-gradient":""},"tablet":{"background-color":"var(--ast-global-color-5)","background-image":"","background-repeat":"repeat","background-position":"center center","background-size":"auto","background-attachment":"scroll","background-type":"","background-media":"","overlay-type":"","overlay-color":"","overlay-opacity":"","overlay-gradient":""},"mobile":{"background-color":"var(--ast-global-color-5)","background-image":"","background-repeat":"repeat","background-position":"center center","background-size":"auto","background-attachment":"scroll","background-type":"","background-media":"","overlay-type":"","overlay-color":"","overlay-opacity":"","overlay-gradient":""}},"footnotes":""},"class_list":["post-24046","page","type-page","status-publish","hentry"],"acf":[],"yoast_head":"<!-- This site is optimized with the Yoast SEO Premium plugin v27.4 (Yoast SEO v27.4) - https:\/\/yoast.com\/product\/yoast-seo-premium-wordpress\/ -->\n<title>Ihr Warenkorb bei Praxistrainings-LMS: Jetzt informieren!<\/title>\n<meta name=\"description\" content=\"Im Warenkorb finden Sie alle Ihre Bestellungen bei Praxistrainings-LMS - fertig zum Kauf. Bezahlung per Pay-Pal, Kreditkarte, \u00dcberweisung.\" \/>\n<meta name=\"robots\" content=\"index, follow, max-snippet:-1, max-image-preview:large, max-video-preview:-1\" \/>\n<link rel=\"canonical\" href=\"https:\/\/praxistrainings-lms.de\/es\/warenkorb\/\" \/>\n<meta property=\"og:locale\" content=\"es_ES\" \/>\n<meta property=\"og:type\" content=\"article\" \/>\n<meta property=\"og:title\" content=\"Warenkorb\" \/>\n<meta property=\"og:description\" content=\"Im Warenkorb finden Sie alle Ihre Bestellungen bei Praxistrainings-LMS - fertig zum Kauf. Bezahlung per Pay-Pal, Kreditkarte, \u00dcberweisung.\" \/>\n<meta property=\"og:url\" content=\"https:\/\/praxistrainings-lms.de\/es\/warenkorb\/\" \/>\n<meta property=\"og:site_name\" content=\"Praxistrainings-LMS\" \/>\n<meta property=\"article:publisher\" content=\"https:\/\/www.facebook.com\/jennifer.ziegler.praxistraining.lms.de\" \/>\n<meta property=\"article:modified_time\" content=\"2023-05-08T12:05:44+00:00\" \/>\n<meta name=\"twitter:card\" content=\"summary_large_image\" \/>\n<meta name=\"twitter:label1\" content=\"Tiempo de lectura\" \/>\n\t<meta name=\"twitter:data1\" content=\"1 minuto\" \/>\n<script type=\"application\/ld+json\" class=\"yoast-schema-graph\">{\"@context\":\"https:\\\/\\\/schema.org\",\"@graph\":[{\"@type\":\"WebPage\",\"@id\":\"https:\\\/\\\/praxistrainings-lms.de\\\/warenkorb\\\/\",\"url\":\"https:\\\/\\\/praxistrainings-lms.de\\\/warenkorb\\\/\",\"name\":\"Ihr Warenkorb bei Praxistrainings-LMS: Jetzt informieren!\",\"isPartOf\":{\"@id\":\"https:\\\/\\\/praxistrainings-lms.de\\\/#website\"},\"datePublished\":\"2021-09-21T09:54:34+00:00\",\"dateModified\":\"2023-05-08T12:05:44+00:00\",\"description\":\"Im Warenkorb finden Sie alle Ihre Bestellungen bei Praxistrainings-LMS - fertig zum Kauf. Bezahlung per Pay-Pal, Kreditkarte, \u00dcberweisung.\",\"breadcrumb\":{\"@id\":\"https:\\\/\\\/praxistrainings-lms.de\\\/warenkorb\\\/#breadcrumb\"},\"inLanguage\":\"es\",\"potentialAction\":[{\"@type\":\"ReadAction\",\"target\":[\"https:\\\/\\\/praxistrainings-lms.de\\\/warenkorb\\\/\"]}]},{\"@type\":\"BreadcrumbList\",\"@id\":\"https:\\\/\\\/praxistrainings-lms.de\\\/warenkorb\\\/#breadcrumb\",\"itemListElement\":[{\"@type\":\"ListItem\",\"position\":1,\"name\":\"Startseite\",\"item\":\"https:\\\/\\\/praxistrainings-lms.de\\\/\"},{\"@type\":\"ListItem\",\"position\":2,\"name\":\"Warenkorb\"}]},{\"@type\":\"WebSite\",\"@id\":\"https:\\\/\\\/praxistrainings-lms.de\\\/#website\",\"url\":\"https:\\\/\\\/praxistrainings-lms.de\\\/\",\"name\":\"Praxistrainings-LMS\",\"description\":\"Schulungen f\u00fcr QM &amp; QS von Lebensmittel-Unternehmen\",\"publisher\":{\"@id\":\"https:\\\/\\\/praxistrainings-lms.de\\\/#organization\"},\"potentialAction\":[{\"@type\":\"SearchAction\",\"target\":{\"@type\":\"EntryPoint\",\"urlTemplate\":\"https:\\\/\\\/praxistrainings-lms.de\\\/?s={search_term_string}\"},\"query-input\":{\"@type\":\"PropertyValueSpecification\",\"valueRequired\":true,\"valueName\":\"search_term_string\"}}],\"inLanguage\":\"es\"},{\"@type\":\"Organization\",\"@id\":\"https:\\\/\\\/praxistrainings-lms.de\\\/#organization\",\"name\":\"Praxistrainings-LMS\",\"url\":\"https:\\\/\\\/praxistrainings-lms.de\\\/\",\"logo\":{\"@type\":\"ImageObject\",\"inLanguage\":\"es\",\"@id\":\"https:\\\/\\\/praxistrainings-lms.de\\\/#\\\/schema\\\/logo\\\/image\\\/\",\"url\":\"https:\\\/\\\/praxistrainings-lms.de\\\/wp-content\\\/uploads\\\/2022\\\/02\\\/WEB_LMS_Logo_Blue-e1646829814308.png\",\"contentUrl\":\"https:\\\/\\\/praxistrainings-lms.de\\\/wp-content\\\/uploads\\\/2022\\\/02\\\/WEB_LMS_Logo_Blue-e1646829814308.png\",\"width\":286,\"height\":143,\"caption\":\"Praxistrainings-LMS\"},\"image\":{\"@id\":\"https:\\\/\\\/praxistrainings-lms.de\\\/#\\\/schema\\\/logo\\\/image\\\/\"},\"sameAs\":[\"https:\\\/\\\/www.facebook.com\\\/jennifer.ziegler.praxistraining.lms.de\",\"https:\\\/\\\/www.linkedin.com\\\/in\\\/jennifer-ziegler-sichere-lm\\\/\",\"https:\\\/\\\/www.youtube.com\\\/channel\\\/UCQ1DGMwNQlP9uMcX_P-_gTg\"]}]}<\/script>\n<!-- \/ Yoast SEO Premium plugin. -->","yoast_head_json":{"title":"Tu carrito de compras en el LMS de formaci\u00f3n pr\u00e1ctica: \u00a1Desc\u00fabrelo ahora!","description":"En el carrito de compras encontrar\u00e1 todos sus pedidos de Praxistrainings-LMS, listos para comprar. Pago mediante Pay-Pal, tarjeta de cr\u00e9dito, transferencia bancaria.","robots":{"index":"index","follow":"follow","max-snippet":"max-snippet:-1","max-image-preview":"max-image-preview:large","max-video-preview":"max-video-preview:-1"},"canonical":"https:\/\/praxistrainings-lms.de\/es\/warenkorb\/","og_locale":"es_ES","og_type":"article","og_title":"Warenkorb","og_description":"Im Warenkorb finden Sie alle Ihre Bestellungen bei Praxistrainings-LMS - fertig zum Kauf. Bezahlung per Pay-Pal, Kreditkarte, \u00dcberweisung.","og_url":"https:\/\/praxistrainings-lms.de\/es\/warenkorb\/","og_site_name":"Praxistrainings-LMS","article_publisher":"https:\/\/www.facebook.com\/jennifer.ziegler.praxistraining.lms.de","article_modified_time":"2023-05-08T12:05:44+00:00","twitter_card":"summary_large_image","twitter_misc":{"Tiempo de lectura":"1 minuto"},"schema":{"@context":"https:\/\/schema.org","@graph":[{"@type":"WebPage","@id":"https:\/\/praxistrainings-lms.de\/warenkorb\/","url":"https:\/\/praxistrainings-lms.de\/warenkorb\/","name":"Tu carrito de compras en el LMS de formaci\u00f3n pr\u00e1ctica: \u00a1Desc\u00fabrelo ahora!","isPartOf":{"@id":"https:\/\/praxistrainings-lms.de\/#website"},"datePublished":"2021-09-21T09:54:34+00:00","dateModified":"2023-05-08T12:05:44+00:00","description":"En el carrito de compras encontrar\u00e1 todos sus pedidos de Praxistrainings-LMS, listos para comprar. Pago mediante Pay-Pal, tarjeta de cr\u00e9dito, transferencia bancaria.","breadcrumb":{"@id":"https:\/\/praxistrainings-lms.de\/warenkorb\/#breadcrumb"},"inLanguage":"es","potentialAction":[{"@type":"ReadAction","target":["https:\/\/praxistrainings-lms.de\/warenkorb\/"]}]},{"@type":"BreadcrumbList","@id":"https:\/\/praxistrainings-lms.de\/warenkorb\/#breadcrumb","itemListElement":[{"@type":"ListItem","position":1,"name":"Startseite","item":"https:\/\/praxistrainings-lms.de\/"},{"@type":"ListItem","position":2,"name":"Warenkorb"}]},{"@type":"WebSite","@id":"https:\/\/praxistrainings-lms.de\/#website","url":"https:\/\/praxistrainings-lms.de\/","name":"Pr\u00e1ctica Formaci\u00f3n LMS","description":"Formaci\u00f3n para QM &amp; QS de empresas alimentarias","publisher":{"@id":"https:\/\/praxistrainings-lms.de\/#organization"},"potentialAction":[{"@type":"SearchAction","target":{"@type":"EntryPoint","urlTemplate":"https:\/\/praxistrainings-lms.de\/?s={search_term_string}"},"query-input":{"@type":"PropertyValueSpecification","valueRequired":true,"valueName":"search_term_string"}}],"inLanguage":"es"},{"@type":"Organization","@id":"https:\/\/praxistrainings-lms.de\/#organization","name":"Pr\u00e1ctica Formaci\u00f3n LMS","url":"https:\/\/praxistrainings-lms.de\/","logo":{"@type":"ImageObject","inLanguage":"es","@id":"https:\/\/praxistrainings-lms.de\/#\/schema\/logo\/image\/","url":"https:\/\/praxistrainings-lms.de\/wp-content\/uploads\/2022\/02\/WEB_LMS_Logo_Blue-e1646829814308.png","contentUrl":"https:\/\/praxistrainings-lms.de\/wp-content\/uploads\/2022\/02\/WEB_LMS_Logo_Blue-e1646829814308.png","width":286,"height":143,"caption":"Praxistrainings-LMS"},"image":{"@id":"https:\/\/praxistrainings-lms.de\/#\/schema\/logo\/image\/"},"sameAs":["https:\/\/www.facebook.com\/jennifer.ziegler.praxistraining.lms.de","https:\/\/www.linkedin.com\/in\/jennifer-ziegler-sichere-lm\/","https:\/\/www.youtube.com\/channel\/UCQ1DGMwNQlP9uMcX_P-_gTg"]}]}},"_links":{"self":[{"href":"https:\/\/praxistrainings-lms.de\/es\/wp-json\/wp\/v2\/pages\/24046","targetHints":{"allow":["GET"]}}],"collection":[{"href":"https:\/\/praxistrainings-lms.de\/es\/wp-json\/wp\/v2\/pages"}],"about":[{"href":"https:\/\/praxistrainings-lms.de\/es\/wp-json\/wp\/v2\/types\/page"}],"author":[{"embeddable":true,"href":"https:\/\/praxistrainings-lms.de\/es\/wp-json\/wp\/v2\/users\/1"}],"replies":[{"embeddable":true,"href":"https:\/\/praxistrainings-lms.de\/es\/wp-json\/wp\/v2\/comments?post=24046"}],"version-history":[{"count":0,"href":"https:\/\/praxistrainings-lms.de\/es\/wp-json\/wp\/v2\/pages\/24046\/revisions"}],"wp:attachment":[{"href":"https:\/\/praxistrainings-lms.de\/es\/wp-json\/wp\/v2\/media?parent=24046"}],"curies":[{"name":"gracias","href":"https:\/\/api.w.org\/{rel}","templated":true}]}}