{"id":26335,"date":"2021-10-11T14:29:35","date_gmt":"2021-10-11T12:29:35","guid":{"rendered":"http:\/\/praxistrainings-lms.de\/?page_id=26335"},"modified":"2025-12-11T21:04:30","modified_gmt":"2025-12-11T20:04:30","slug":"impressum","status":"publish","type":"page","link":"https:\/\/praxistrainings-lms.de\/es\/impressum\/","title":{"rendered":"imprimir"},"content":{"rendered":"<div data-elementor-type=\"wp-page\" data-elementor-id=\"26335\" class=\"elementor elementor-26335\" data-elementor-post-type=\"page\">\n\t\t\t\t\t\t<section class=\"elementor-section elementor-top-section elementor-element elementor-element-68a5792 elementor-section-boxed elementor-section-height-default elementor-section-height-default\" data-id=\"68a5792\" data-element_type=\"section\" data-e-type=\"section\">\n\t\t\t\t\t\t<div class=\"elementor-container elementor-column-gap-default\">\n\t\t\t\t\t<div class=\"elementor-column elementor-col-100 elementor-top-column elementor-element elementor-element-7e814e2\" data-id=\"7e814e2\" data-element_type=\"column\" data-e-type=\"column\">\n\t\t\t<div class=\"elementor-widget-wrap elementor-element-populated\">\n\t\t\t\t\t\t<div class=\"elementor-element elementor-element-7bfc6ad elementor-widget elementor-widget-html\" data-id=\"7bfc6ad\" data-element_type=\"widget\" data-e-type=\"widget\" data-widget_type=\"html.default\">\n\t\t\t\t<div class=\"elementor-widget-container\">\n\t\t\t\t\t<h1>imprimir<\/h1>\r\n\r\n<h2>Seg\u00fan \u00a7 5 TMG<\/h2>\r\n<p>Propietaria: Jennifer Ziegler<br \/>\r\nT\u00edtulo de la empresa: Practical Training LMS<br \/>\r\nCampo de K\u00f6sters 11<br \/>\r\n31840 Arpillera Oldendorf<\/p>\r\n\r\n<h2>Contacto<\/h2>\r\n<p>Tel\u00e9fono: +49 5152-7800574<br \/>\r\nCorreo electr\u00f3nico: jennifer.ziegler@praxistrainings-lms.de<\/p>\r\n\r\n<h2>Identificaci\u00f3n del impuesto<\/h2>\r\n<p>N\u00famero de identificaci\u00f3n del impuesto sobre las ventas de acuerdo con el \u00a7 27 de la ley del impuesto sobre las ventas:<br \/>\r\nDE346203134<\/p>\r\n\r\n<h2>registraci\u00f3n de negocio<\/h2>\r\n<p>El registro comercial seg\u00fan \u00a7 14 GewO fue otorgado el 1 de noviembre de 2021 por la oficina de orden p\u00fablico en Frankfurt am Main.<\/p>\r\n\r\n<h2>Informaci\u00f3n sobre el seguro de responsabilidad civil profesional<\/h2>\r\n<p><strong>Nombre y domicilio social del asegurador:<\/strong><br \/>\r\n\r\nAllianz Insurance AG<br>\r\n\r\nSede de la empresa: M\u00fanich<br>\r\nJuzgado de registro: Juzgado de Primera Instancia de M\u00fanich HRB 75727\r\n<\/p>\r\n<p><strong>Zona de validez del seguro:<\/strong><br \/>Alemania, Austria, Suiza<\/p>\r\n\r\n<h2>Responsabilidad editorial<\/h2>\r\n<p>Jennifer Ziegler<br \/>\r\nCampo de K\u00f6sters 11<br \/>\r\n31840 Arpillera Oldendorf<\/p>\r\n\r\n<h2>Soluci\u00f3n de controversias de la UE<\/h2>\r\n<p>La Comisi\u00f3n Europea proporciona una plataforma para la resoluci\u00f3n de disputas (OS) en l\u00ednea: <a href=\"https:\/\/ec.europa.eu\/consumers\/odr\/\" target=\"_blank\" rel=\"noopener noreferrer\">https:\/\/ec.europa.eu\/consumers\/odr\/<\/a>.<br \/> Nuestra direcci\u00f3n de correo electr\u00f3nico se puede encontrar arriba en la impresi\u00f3n.<\/p>\r\n\r\n<h2>Resoluci\u00f3n de disputas del consumidor\/Junta de arbitraje universal<\/h2>\r\n<p>No estamos obligados ni dispuestos a participar en procedimientos de resoluci\u00f3n de disputas ante una junta de arbitraje de consumo.<\/p>\r\n\r\n\t\t\t\t<\/div>\n\t\t\t\t<\/div>\n\t\t\t\t\t<\/div>\n\t\t<\/div>\n\t\t\t\t\t<\/div>\n\t\t<\/section>\n\t\t\t\t<section class=\"elementor-section elementor-top-section elementor-element elementor-element-ec7579c elementor-section-boxed elementor-section-height-default elementor-section-height-default\" data-id=\"ec7579c\" data-element_type=\"section\" data-e-type=\"section\">\n\t\t\t\t\t\t<div class=\"elementor-container elementor-column-gap-default\">\n\t\t\t\t\t<div class=\"elementor-column elementor-col-100 elementor-top-column elementor-element elementor-element-e77aae9\" data-id=\"e77aae9\" data-element_type=\"column\" data-e-type=\"column\">\n\t\t\t<div class=\"elementor-widget-wrap elementor-element-populated\">\n\t\t\t\t\t\t<div class=\"elementor-element elementor-element-d215696 elementor-widget elementor-widget-heading\" data-id=\"d215696\" data-element_type=\"widget\" data-e-type=\"widget\" data-widget_type=\"heading.default\">\n\t\t\t\t<div class=\"elementor-widget-container\">\n\t\t\t\t\t<h2 class=\"elementor-heading-title elementor-size-default\">Im\u00e1genes insertadas<\/h2>\t\t\t\t<\/div>\n\t\t\t\t<\/div>\n\t\t\t\t\t<\/div>\n\t\t<\/div>\n\t\t\t\t\t<\/div>\n\t\t<\/section>\n\t\t\t\t<section class=\"elementor-section elementor-top-section elementor-element elementor-element-713a290 elementor-section-boxed elementor-section-height-default elementor-section-height-default\" data-id=\"713a290\" data-element_type=\"section\" data-e-type=\"section\">\n\t\t\t\t\t\t<div class=\"elementor-container elementor-column-gap-default\">\n\t\t\t\t\t<div class=\"elementor-column elementor-col-100 elementor-top-column elementor-element elementor-element-39e514c\" data-id=\"39e514c\" data-element_type=\"column\" data-e-type=\"column\">\n\t\t\t<div class=\"elementor-widget-wrap elementor-element-populated\">\n\t\t\t\t\t\t<div class=\"elementor-element elementor-element-6c1d698 elementor-widget elementor-widget-text-editor\" data-id=\"6c1d698\" data-element_type=\"widget\" data-e-type=\"widget\" data-widget_type=\"text-editor.default\">\n\t\t\t\t<div class=\"elementor-widget-container\">\n\t\t\t\t\t\t\t\t\t<ul><li><a href=\"https:\/\/pixabay.com\/\" target=\"_blank\" rel=\"noopener\">pixabay.com<\/a><\/li><li><a href=\"https:\/\/pexels.com\/\" target=\"_blank\" rel=\"noopener\">pexels.com<\/a><\/li><li><a href=\"https:\/\/stock.adobe.com\/\" target=\"_blank\" rel=\"noopener\">stock.adobe.com<\/a><\/li><li><a href=\"https:\/\/unsplash.com\">unsplash.com<\/a><\/li><li>y otras bases de datos de im\u00e1genes en cumplimiento de los derechos de uso<\/li><li>Im\u00e1genes generadas por IA (marcadas con un \u00edcono de &quot;IA&quot; o indicadas en la descripci\u00f3n de la imagen)<\/li><li>fotos propias<\/li><\/ul>\t\t\t\t\t\t\t\t<\/div>\n\t\t\t\t<\/div>\n\t\t\t\t\t<\/div>\n\t\t<\/div>\n\t\t\t\t\t<\/div>\n\t\t<\/section>\n\t\t\t\t<section class=\"elementor-section elementor-top-section elementor-element elementor-element-7de06a0 elementor-section-boxed elementor-section-height-default elementor-section-height-default\" data-id=\"7de06a0\" data-element_type=\"section\" data-e-type=\"section\">\n\t\t\t\t\t\t<div class=\"elementor-container elementor-column-gap-default\">\n\t\t\t\t\t<div class=\"elementor-column elementor-col-100 elementor-top-column elementor-element elementor-element-0900a55\" data-id=\"0900a55\" data-element_type=\"column\" data-e-type=\"column\">\n\t\t\t<div class=\"elementor-widget-wrap elementor-element-populated\">\n\t\t\t\t\t\t<div class=\"elementor-element elementor-element-79188c5 elementor-widget elementor-widget-text-editor\" data-id=\"79188c5\" data-element_type=\"widget\" data-e-type=\"widget\" data-widget_type=\"text-editor.default\">\n\t\t\t\t<div class=\"elementor-widget-container\">\n\t\t\t\t\t\t\t\t\t<p>A partir del 11 de diciembre de 2025 \u2013 Cambios: El nombre de la empresa se acorta de \u201cPraxistrainings-Lebensmittelsicherheit\u201d a \u201cPraxistrainings-LMS\u201d; reducci\u00f3n de la informaci\u00f3n de la aseguradora; cambios en el procedimiento de resoluci\u00f3n de disputas de consumidores.<\/p>\t\t\t\t\t\t\t\t<\/div>\n\t\t\t\t<\/div>\n\t\t\t\t\t<\/div>\n\t\t<\/div>\n\t\t\t\t\t<\/div>\n\t\t<\/section>\n\t\t\t\t<\/div>","protected":false},"excerpt":{"rendered":"<p>Impressum Angaben gem\u00e4\u00df \u00a7 5 TMG Inhabering: Jennifer Ziegler Unternehmenstitel: Praxistrainings-LMS K\u00f6sters Kamp 11 31840 Hessisch Oldendorf Kontakt Telefon: +49 5152-7800574 E-Mail: jennifer.ziegler@praxistrainings-lms.de Umsatzsteuer-ID Umsatzsteuer-Identifikationsnummer gem\u00e4\u00df \u00a7 27 a Umsatzsteuergesetz: DE346203134 Gewerbeanmeldung Die Gewerbeanmeldung nach \u00a7 14 GewO wurde am 01.11.2021 durch das Ordnungsamt Frankfurt am Main erteilt. Angaben zur Berufs\u00adhaftpflicht\u00adversicherung Name und Sitz des [&hellip;]<\/p>\n","protected":false},"author":1,"featured_media":0,"parent":0,"menu_order":0,"comment_status":"closed","ping_status":"closed","template":"","meta":{"_acf_changed":false,"site-sidebar-layout":"no-sidebar","site-content-layout":"page-builder","ast-site-content-layout":"default","site-content-style":"default","site-sidebar-style":"default","ast-global-header-display":"","ast-banner-title-visibility":"","ast-main-header-display":"","ast-hfb-above-header-display":"","ast-hfb-below-header-display":"","ast-hfb-mobile-header-display":"","site-post-title":"disabled","ast-breadcrumbs-content":"","ast-featured-img":"disabled","footer-sml-layout":"","ast-disable-related-posts":"","theme-transparent-header-meta":"default","adv-header-id-meta":"","stick-header-meta":"","header-above-stick-meta":"","header-main-stick-meta":"","header-below-stick-meta":"","astra-migrate-meta-layouts":"default","ast-page-background-enabled":"default","ast-page-background-meta":{"desktop":{"background-color":"","background-image":"","background-repeat":"repeat","background-position":"center center","background-size":"auto","background-attachment":"scroll","background-type":"","background-media":"","overlay-type":"","overlay-color":"","overlay-opacity":"","overlay-gradient":""},"tablet":{"background-color":"","background-image":"","background-repeat":"repeat","background-position":"center center","background-size":"auto","background-attachment":"scroll","background-type":"","background-media":"","overlay-type":"","overlay-color":"","overlay-opacity":"","overlay-gradient":""},"mobile":{"background-color":"","background-image":"","background-repeat":"repeat","background-position":"center center","background-size":"auto","background-attachment":"scroll","background-type":"","background-media":"","overlay-type":"","overlay-color":"","overlay-opacity":"","overlay-gradient":""}},"ast-content-background-meta":{"desktop":{"background-color":"var(--ast-global-color-5)","background-image":"","background-repeat":"repeat","background-position":"center center","background-size":"auto","background-attachment":"scroll","background-type":"","background-media":"","overlay-type":"","overlay-color":"","overlay-opacity":"","overlay-gradient":""},"tablet":{"background-color":"var(--ast-global-color-5)","background-image":"","background-repeat":"repeat","background-position":"center center","background-size":"auto","background-attachment":"scroll","background-type":"","background-media":"","overlay-type":"","overlay-color":"","overlay-opacity":"","overlay-gradient":""},"mobile":{"background-color":"var(--ast-global-color-5)","background-image":"","background-repeat":"repeat","background-position":"center center","background-size":"auto","background-attachment":"scroll","background-type":"","background-media":"","overlay-type":"","overlay-color":"","overlay-opacity":"","overlay-gradient":""}},"footnotes":""},"class_list":["post-26335","page","type-page","status-publish","hentry"],"acf":[],"yoast_head":"<!-- This site is optimized with the Yoast SEO Premium plugin v27.4 (Yoast SEO v27.4) - https:\/\/yoast.com\/product\/yoast-seo-premium-wordpress\/ -->\n<title>Impressum von Praxistrainings-LMS: Jetzt informieren!<\/title>\n<meta name=\"description\" content=\"Sie m\u00f6chten mehr \u00fcber das Unternehmen Praxistrainings-LMS erfahren? Hier gelangen Sie direkt zum Impressum.\" \/>\n<meta name=\"robots\" content=\"index, follow, max-snippet:-1, max-image-preview:large, max-video-preview:-1\" \/>\n<link rel=\"canonical\" href=\"https:\/\/praxistrainings-lms.de\/es\/impressum\/\" \/>\n<meta property=\"og:locale\" content=\"es_ES\" \/>\n<meta property=\"og:type\" content=\"article\" \/>\n<meta property=\"og:title\" content=\"Impressum\" \/>\n<meta property=\"og:description\" content=\"Sie m\u00f6chten mehr \u00fcber das Unternehmen Praxistrainings-LMS erfahren? Hier gelangen Sie direkt zum Impressum.\" \/>\n<meta property=\"og:url\" content=\"https:\/\/praxistrainings-lms.de\/es\/impressum\/\" \/>\n<meta property=\"og:site_name\" content=\"Praxistrainings-LMS\" \/>\n<meta property=\"article:publisher\" content=\"https:\/\/www.facebook.com\/jennifer.ziegler.praxistraining.lms.de\" \/>\n<meta property=\"article:modified_time\" content=\"2025-12-11T20:04:30+00:00\" \/>\n<meta name=\"twitter:card\" content=\"summary_large_image\" \/>\n<meta name=\"twitter:label1\" content=\"Tiempo de lectura\" \/>\n\t<meta name=\"twitter:data1\" content=\"1 minuto\" \/>\n<script type=\"application\/ld+json\" class=\"yoast-schema-graph\">{\"@context\":\"https:\\\/\\\/schema.org\",\"@graph\":[{\"@type\":\"WebPage\",\"@id\":\"https:\\\/\\\/praxistrainings-lms.de\\\/impressum\\\/\",\"url\":\"https:\\\/\\\/praxistrainings-lms.de\\\/impressum\\\/\",\"name\":\"Impressum von Praxistrainings-LMS: Jetzt informieren!\",\"isPartOf\":{\"@id\":\"https:\\\/\\\/praxistrainings-lms.de\\\/#website\"},\"datePublished\":\"2021-10-11T12:29:35+00:00\",\"dateModified\":\"2025-12-11T20:04:30+00:00\",\"description\":\"Sie m\u00f6chten mehr \u00fcber das Unternehmen Praxistrainings-LMS erfahren? Hier gelangen Sie direkt zum Impressum.\",\"breadcrumb\":{\"@id\":\"https:\\\/\\\/praxistrainings-lms.de\\\/impressum\\\/#breadcrumb\"},\"inLanguage\":\"es\",\"potentialAction\":[{\"@type\":\"ReadAction\",\"target\":[\"https:\\\/\\\/praxistrainings-lms.de\\\/impressum\\\/\"]}]},{\"@type\":\"BreadcrumbList\",\"@id\":\"https:\\\/\\\/praxistrainings-lms.de\\\/impressum\\\/#breadcrumb\",\"itemListElement\":[{\"@type\":\"ListItem\",\"position\":1,\"name\":\"Startseite\",\"item\":\"https:\\\/\\\/praxistrainings-lms.de\\\/\"},{\"@type\":\"ListItem\",\"position\":2,\"name\":\"Impressum\"}]},{\"@type\":\"WebSite\",\"@id\":\"https:\\\/\\\/praxistrainings-lms.de\\\/#website\",\"url\":\"https:\\\/\\\/praxistrainings-lms.de\\\/\",\"name\":\"Praxistrainings-LMS\",\"description\":\"Schulungen f\u00fcr QM &amp; QS von Lebensmittel-Unternehmen\",\"publisher\":{\"@id\":\"https:\\\/\\\/praxistrainings-lms.de\\\/#organization\"},\"potentialAction\":[{\"@type\":\"SearchAction\",\"target\":{\"@type\":\"EntryPoint\",\"urlTemplate\":\"https:\\\/\\\/praxistrainings-lms.de\\\/?s={search_term_string}\"},\"query-input\":{\"@type\":\"PropertyValueSpecification\",\"valueRequired\":true,\"valueName\":\"search_term_string\"}}],\"inLanguage\":\"es\"},{\"@type\":\"Organization\",\"@id\":\"https:\\\/\\\/praxistrainings-lms.de\\\/#organization\",\"name\":\"Praxistrainings-LMS\",\"url\":\"https:\\\/\\\/praxistrainings-lms.de\\\/\",\"logo\":{\"@type\":\"ImageObject\",\"inLanguage\":\"es\",\"@id\":\"https:\\\/\\\/praxistrainings-lms.de\\\/#\\\/schema\\\/logo\\\/image\\\/\",\"url\":\"https:\\\/\\\/praxistrainings-lms.de\\\/wp-content\\\/uploads\\\/2022\\\/02\\\/WEB_LMS_Logo_Blue-e1646829814308.png\",\"contentUrl\":\"https:\\\/\\\/praxistrainings-lms.de\\\/wp-content\\\/uploads\\\/2022\\\/02\\\/WEB_LMS_Logo_Blue-e1646829814308.png\",\"width\":286,\"height\":143,\"caption\":\"Praxistrainings-LMS\"},\"image\":{\"@id\":\"https:\\\/\\\/praxistrainings-lms.de\\\/#\\\/schema\\\/logo\\\/image\\\/\"},\"sameAs\":[\"https:\\\/\\\/www.facebook.com\\\/jennifer.ziegler.praxistraining.lms.de\",\"https:\\\/\\\/www.linkedin.com\\\/in\\\/jennifer-ziegler-sichere-lm\\\/\",\"https:\\\/\\\/www.youtube.com\\\/channel\\\/UCQ1DGMwNQlP9uMcX_P-_gTg\"]}]}<\/script>\n<!-- \/ Yoast SEO Premium plugin. -->","yoast_head_json":{"title":"Pie de imprenta de Praxistrainings-LMS: \u00a1Desc\u00fabralo ahora!","description":"\u00bfQuiere saber m\u00e1s sobre la empresa Praxistrainings-LMS? Aqu\u00ed puede ir directamente al pie de imprenta.","robots":{"index":"index","follow":"follow","max-snippet":"max-snippet:-1","max-image-preview":"max-image-preview:large","max-video-preview":"max-video-preview:-1"},"canonical":"https:\/\/praxistrainings-lms.de\/es\/impressum\/","og_locale":"es_ES","og_type":"article","og_title":"Impressum","og_description":"Sie m\u00f6chten mehr \u00fcber das Unternehmen Praxistrainings-LMS erfahren? Hier gelangen Sie direkt zum Impressum.","og_url":"https:\/\/praxistrainings-lms.de\/es\/impressum\/","og_site_name":"Praxistrainings-LMS","article_publisher":"https:\/\/www.facebook.com\/jennifer.ziegler.praxistraining.lms.de","article_modified_time":"2025-12-11T20:04:30+00:00","twitter_card":"summary_large_image","twitter_misc":{"Tiempo de lectura":"1 minuto"},"schema":{"@context":"https:\/\/schema.org","@graph":[{"@type":"WebPage","@id":"https:\/\/praxistrainings-lms.de\/impressum\/","url":"https:\/\/praxistrainings-lms.de\/impressum\/","name":"Pie de imprenta de Praxistrainings-LMS: \u00a1Desc\u00fabralo ahora!","isPartOf":{"@id":"https:\/\/praxistrainings-lms.de\/#website"},"datePublished":"2021-10-11T12:29:35+00:00","dateModified":"2025-12-11T20:04:30+00:00","description":"\u00bfQuiere saber m\u00e1s sobre la empresa Praxistrainings-LMS? Aqu\u00ed puede ir directamente al pie de imprenta.","breadcrumb":{"@id":"https:\/\/praxistrainings-lms.de\/impressum\/#breadcrumb"},"inLanguage":"es","potentialAction":[{"@type":"ReadAction","target":["https:\/\/praxistrainings-lms.de\/impressum\/"]}]},{"@type":"BreadcrumbList","@id":"https:\/\/praxistrainings-lms.de\/impressum\/#breadcrumb","itemListElement":[{"@type":"ListItem","position":1,"name":"Startseite","item":"https:\/\/praxistrainings-lms.de\/"},{"@type":"ListItem","position":2,"name":"Impressum"}]},{"@type":"WebSite","@id":"https:\/\/praxistrainings-lms.de\/#website","url":"https:\/\/praxistrainings-lms.de\/","name":"Pr\u00e1ctica Formaci\u00f3n LMS","description":"Formaci\u00f3n para QM &amp; QS de empresas alimentarias","publisher":{"@id":"https:\/\/praxistrainings-lms.de\/#organization"},"potentialAction":[{"@type":"SearchAction","target":{"@type":"EntryPoint","urlTemplate":"https:\/\/praxistrainings-lms.de\/?s={search_term_string}"},"query-input":{"@type":"PropertyValueSpecification","valueRequired":true,"valueName":"search_term_string"}}],"inLanguage":"es"},{"@type":"Organization","@id":"https:\/\/praxistrainings-lms.de\/#organization","name":"Pr\u00e1ctica Formaci\u00f3n LMS","url":"https:\/\/praxistrainings-lms.de\/","logo":{"@type":"ImageObject","inLanguage":"es","@id":"https:\/\/praxistrainings-lms.de\/#\/schema\/logo\/image\/","url":"https:\/\/praxistrainings-lms.de\/wp-content\/uploads\/2022\/02\/WEB_LMS_Logo_Blue-e1646829814308.png","contentUrl":"https:\/\/praxistrainings-lms.de\/wp-content\/uploads\/2022\/02\/WEB_LMS_Logo_Blue-e1646829814308.png","width":286,"height":143,"caption":"Praxistrainings-LMS"},"image":{"@id":"https:\/\/praxistrainings-lms.de\/#\/schema\/logo\/image\/"},"sameAs":["https:\/\/www.facebook.com\/jennifer.ziegler.praxistraining.lms.de","https:\/\/www.linkedin.com\/in\/jennifer-ziegler-sichere-lm\/","https:\/\/www.youtube.com\/channel\/UCQ1DGMwNQlP9uMcX_P-_gTg"]}]}},"_links":{"self":[{"href":"https:\/\/praxistrainings-lms.de\/es\/wp-json\/wp\/v2\/pages\/26335","targetHints":{"allow":["GET"]}}],"collection":[{"href":"https:\/\/praxistrainings-lms.de\/es\/wp-json\/wp\/v2\/pages"}],"about":[{"href":"https:\/\/praxistrainings-lms.de\/es\/wp-json\/wp\/v2\/types\/page"}],"author":[{"embeddable":true,"href":"https:\/\/praxistrainings-lms.de\/es\/wp-json\/wp\/v2\/users\/1"}],"replies":[{"embeddable":true,"href":"https:\/\/praxistrainings-lms.de\/es\/wp-json\/wp\/v2\/comments?post=26335"}],"version-history":[{"count":5,"href":"https:\/\/praxistrainings-lms.de\/es\/wp-json\/wp\/v2\/pages\/26335\/revisions"}],"predecessor-version":[{"id":73316,"href":"https:\/\/praxistrainings-lms.de\/es\/wp-json\/wp\/v2\/pages\/26335\/revisions\/73316"}],"wp:attachment":[{"href":"https:\/\/praxistrainings-lms.de\/es\/wp-json\/wp\/v2\/media?parent=26335"}],"curies":[{"name":"gracias","href":"https:\/\/api.w.org\/{rel}","templated":true}]}}