{"id":30716,"date":"2022-02-08T09:26:49","date_gmt":"2022-02-08T08:26:49","guid":{"rendered":"https:\/\/praxistrainings-lms.de\/?page_id=30716"},"modified":"2023-01-11T11:48:16","modified_gmt":"2023-01-11T10:48:16","slug":"feedback-a","status":"publish","type":"page","link":"https:\/\/praxistrainings-lms.de\/es\/feedback-a\/","title":{"rendered":"Comentarios un"},"content":{"rendered":"<div data-elementor-type=\"wp-page\" data-elementor-id=\"30716\" class=\"elementor elementor-30716\" data-elementor-post-type=\"page\">\n\t\t\t\t\t\t<section class=\"elementor-section elementor-top-section elementor-element elementor-element-7828d3e2 elementor-section-boxed elementor-section-height-default elementor-section-height-default\" data-id=\"7828d3e2\" data-element_type=\"section\" data-e-type=\"section\">\n\t\t\t\t\t\t<div class=\"elementor-container elementor-column-gap-default\">\n\t\t\t\t\t<div class=\"elementor-column elementor-col-100 elementor-top-column elementor-element elementor-element-628d65a4\" data-id=\"628d65a4\" data-element_type=\"column\" data-e-type=\"column\">\n\t\t\t<div class=\"elementor-widget-wrap elementor-element-populated\">\n\t\t\t\t\t\t<div class=\"elementor-element elementor-element-3c059ff4 elementor-widget elementor-widget-heading\" data-id=\"3c059ff4\" data-element_type=\"widget\" data-e-type=\"widget\" data-widget_type=\"heading.default\">\n\t\t\t\t<div class=\"elementor-widget-container\">\n\t\t\t\t\t<h1 class=\"elementor-heading-title elementor-size-default\">Entrenamiento de pr\u00e1ctica LMS: Comentarios<\/h1>\t\t\t\t<\/div>\n\t\t\t\t<\/div>\n\t\t\t\t\t<\/div>\n\t\t<\/div>\n\t\t\t\t\t<\/div>\n\t\t<\/section>\n\t\t\t\t<section class=\"elementor-section elementor-top-section elementor-element elementor-element-41d44e3 elementor-section-boxed elementor-section-height-default elementor-section-height-default\" data-id=\"41d44e3\" data-element_type=\"section\" data-e-type=\"section\">\n\t\t\t\t\t\t<div class=\"elementor-container elementor-column-gap-default\">\n\t\t\t\t\t<div class=\"elementor-column elementor-col-50 elementor-top-column elementor-element elementor-element-38603f67\" data-id=\"38603f67\" data-element_type=\"column\" data-e-type=\"column\">\n\t\t\t<div class=\"elementor-widget-wrap elementor-element-populated\">\n\t\t\t\t\t\t<div class=\"elementor-element elementor-element-9e13703 elementor-widget elementor-widget-html\" data-id=\"9e13703\" data-element_type=\"widget\" data-e-type=\"widget\" data-widget_type=\"html.default\">\n\t\t\t\t<div class=\"elementor-widget-container\">\n\t\t\t\t\t<iframe loading=\"lazy\" width=\"560\" height=\"315\" src=\"https:\/\/www.youtube-nocookie.com\/embed\/MJ3BTTQSRSg\" title=\"Reproductor de video de YouTube\" frameborder=\"0\" allow=\"accelerometer; autoplay; clipboard-write; encrypted-media; gyroscope; picture-in-picture; web-share\" allowfullscreen><\/iframe>\t\t\t\t<\/div>\n\t\t\t\t<\/div>\n\t\t\t\t\t<\/div>\n\t\t<\/div>\n\t\t\t\t<div class=\"elementor-column elementor-col-50 elementor-top-column elementor-element elementor-element-3971a7a0\" data-id=\"3971a7a0\" data-element_type=\"column\" data-e-type=\"column\">\n\t\t\t<div class=\"elementor-widget-wrap elementor-element-populated\">\n\t\t\t\t\t\t<div class=\"elementor-element elementor-element-4aa38d88 elementor-widget elementor-widget-text-editor\" data-id=\"4aa38d88\" data-element_type=\"widget\" data-e-type=\"widget\" data-widget_type=\"text-editor.default\">\n\t\t\t\t<div class=\"elementor-widget-container\">\n\t\t\t\t\t\t\t\t\t<p><strong>Gracias por su buena calificaci\u00f3n. Nos alegramos de que haya disfrutado de su formaci\u00f3n.<\/strong><\/p><p>Tal vez tengas unos minutos para hacer el tuyo. <a href=\"https:\/\/g.page\/r\/CWDQqMp4ahJOEAI\/review\">Calificaci\u00f3n en Google<\/a> dejar un comentario y compartir sus experiencias con LMS de capacitaci\u00f3n pr\u00e1ctica?\u00a0<\/p><p><iframe style=\"display: none;\" src=\"chrome-extension:\/\/ddafdejlekcmnafgnbllcfkebabhabcl\/html\/tpc.html\"><\/iframe><\/p><p><iframe style=\"display: none;\" src=\"chrome-extension:\/\/ddafdejlekcmnafgnbllcfkebabhabcl\/html\/tpc.html\"><\/iframe><\/p>\t\t\t\t\t\t\t\t<\/div>\n\t\t\t\t<\/div>\n\t\t\t\t\t<\/div>\n\t\t<\/div>\n\t\t\t\t\t<\/div>\n\t\t<\/section>\n\t\t\t\t<section class=\"elementor-section elementor-top-section elementor-element elementor-element-20edabbb elementor-section-boxed elementor-section-height-default elementor-section-height-default\" data-id=\"20edabbb\" data-element_type=\"section\" data-e-type=\"section\">\n\t\t\t\t\t\t<div class=\"elementor-container elementor-column-gap-default\">\n\t\t\t\t\t<div class=\"elementor-column elementor-col-100 elementor-top-column elementor-element elementor-element-2f090790\" data-id=\"2f090790\" data-element_type=\"column\" data-e-type=\"column\">\n\t\t\t<div class=\"elementor-widget-wrap elementor-element-populated\">\n\t\t\t\t\t\t<div class=\"elementor-element elementor-element-a3e3344 elementor-widget elementor-widget-text-editor\" data-id=\"a3e3344\" data-element_type=\"widget\" data-e-type=\"widget\" data-widget_type=\"text-editor.default\">\n\t\t\t\t<div class=\"elementor-widget-container\">\n\t\t\t\t\t\t\t\t\t<p>Gracias por tus comentarios. As\u00ed es como nos ayudas a ser a\u00fan mejores.<\/p>\t\t\t\t\t\t\t\t<\/div>\n\t\t\t\t<\/div>\n\t\t\t\t\t<\/div>\n\t\t<\/div>\n\t\t\t\t\t<\/div>\n\t\t<\/section>\n\t\t\t\t<\/div>","protected":false},"excerpt":{"rendered":"<p>LMS de formaci\u00f3n pr\u00e1ctica: comentarios Gracias por tu buena rese\u00f1a. Nos alegra que hayas disfrutado de tu formaci\u00f3n. \u00bfQuiz\u00e1s todav\u00eda tienes unos minutos para dejar tu rese\u00f1a en Google y compartir tus experiencias con el LMS de formaci\u00f3n pr\u00e1ctica? Gracias por tus comentarios. As\u00ed es como nos ayudas a ser a\u00fan mejores.<\/p>","protected":false},"author":1,"featured_media":0,"parent":0,"menu_order":0,"comment_status":"closed","ping_status":"closed","template":"","meta":{"_acf_changed":false,"site-sidebar-layout":"no-sidebar","site-content-layout":"page-builder","ast-site-content-layout":"default","site-content-style":"default","site-sidebar-style":"default","ast-global-header-display":"","ast-banner-title-visibility":"","ast-main-header-display":"","ast-hfb-above-header-display":"","ast-hfb-below-header-display":"","ast-hfb-mobile-header-display":"","site-post-title":"disabled","ast-breadcrumbs-content":"","ast-featured-img":"disabled","footer-sml-layout":"","ast-disable-related-posts":"","theme-transparent-header-meta":"default","adv-header-id-meta":"","stick-header-meta":"","header-above-stick-meta":"","header-main-stick-meta":"","header-below-stick-meta":"","astra-migrate-meta-layouts":"default","ast-page-background-enabled":"default","ast-page-background-meta":{"desktop":{"background-color":"","background-image":"","background-repeat":"repeat","background-position":"center center","background-size":"auto","background-attachment":"scroll","background-type":"","background-media":"","overlay-type":"","overlay-color":"","overlay-opacity":"","overlay-gradient":""},"tablet":{"background-color":"","background-image":"","background-repeat":"repeat","background-position":"center center","background-size":"auto","background-attachment":"scroll","background-type":"","background-media":"","overlay-type":"","overlay-color":"","overlay-opacity":"","overlay-gradient":""},"mobile":{"background-color":"","background-image":"","background-repeat":"repeat","background-position":"center center","background-size":"auto","background-attachment":"scroll","background-type":"","background-media":"","overlay-type":"","overlay-color":"","overlay-opacity":"","overlay-gradient":""}},"ast-content-background-meta":{"desktop":{"background-color":"var(--ast-global-color-5)","background-image":"","background-repeat":"repeat","background-position":"center center","background-size":"auto","background-attachment":"scroll","background-type":"","background-media":"","overlay-type":"","overlay-color":"","overlay-opacity":"","overlay-gradient":""},"tablet":{"background-color":"var(--ast-global-color-5)","background-image":"","background-repeat":"repeat","background-position":"center center","background-size":"auto","background-attachment":"scroll","background-type":"","background-media":"","overlay-type":"","overlay-color":"","overlay-opacity":"","overlay-gradient":""},"mobile":{"background-color":"var(--ast-global-color-5)","background-image":"","background-repeat":"repeat","background-position":"center center","background-size":"auto","background-attachment":"scroll","background-type":"","background-media":"","overlay-type":"","overlay-color":"","overlay-opacity":"","overlay-gradient":""}},"footnotes":""},"class_list":["post-30716","page","type-page","status-publish","hentry"],"acf":[],"yoast_head":"<!-- This site is optimized with the Yoast SEO Premium plugin v27.5 (Yoast SEO v27.5) - https:\/\/yoast.com\/product\/yoast-seo-premium-wordpress\/ -->\n<title>Feedback A - Praxistrainings-LMS<\/title>\n<meta name=\"robots\" content=\"noindex, follow\" \/>\n<meta property=\"og:locale\" content=\"es_ES\" \/>\n<meta property=\"og:type\" content=\"article\" \/>\n<meta property=\"og:title\" content=\"Feedback A\" \/>\n<meta property=\"og:description\" content=\"Praxistrainings-LMS: Feedback Vielen Dank f\u00fcr deine gute Bewertung. Es freut uns, dass dir deine Schulung gefallen hat. Vielleicht hast du noch ein paar Minuten Zeit, um deine Bewertung auf Google zu hinterlassen und deine Erfahrungen mit Praxistrainings-LMS zu teilen?\u00a0 Vielen Dank f\u00fcr dein Feedback. So hilfst du uns, noch besser zu werden.\" \/>\n<meta property=\"og:url\" content=\"https:\/\/praxistrainings-lms.de\/es\/feedback-a\/\" \/>\n<meta property=\"og:site_name\" content=\"Praxistrainings-LMS\" \/>\n<meta property=\"article:publisher\" content=\"https:\/\/www.facebook.com\/jennifer.ziegler.praxistraining.lms.de\" \/>\n<meta property=\"article:modified_time\" content=\"2023-01-11T10:48:16+00:00\" \/>\n<meta name=\"twitter:card\" content=\"summary_large_image\" \/>\n<meta name=\"twitter:label1\" content=\"Tiempo de lectura\" \/>\n\t<meta name=\"twitter:data1\" content=\"1 minuto\" \/>\n<script type=\"application\/ld+json\" class=\"yoast-schema-graph\">{\"@context\":\"https:\\\/\\\/schema.org\",\"@graph\":[{\"@type\":\"WebPage\",\"@id\":\"https:\\\/\\\/praxistrainings-lms.de\\\/feedback-a\\\/\",\"url\":\"https:\\\/\\\/praxistrainings-lms.de\\\/feedback-a\\\/\",\"name\":\"Feedback A - Praxistrainings-LMS\",\"isPartOf\":{\"@id\":\"https:\\\/\\\/praxistrainings-lms.de\\\/#website\"},\"datePublished\":\"2022-02-08T08:26:49+00:00\",\"dateModified\":\"2023-01-11T10:48:16+00:00\",\"breadcrumb\":{\"@id\":\"https:\\\/\\\/praxistrainings-lms.de\\\/feedback-a\\\/#breadcrumb\"},\"inLanguage\":\"es\",\"potentialAction\":[{\"@type\":\"ReadAction\",\"target\":[\"https:\\\/\\\/praxistrainings-lms.de\\\/feedback-a\\\/\"]}]},{\"@type\":\"BreadcrumbList\",\"@id\":\"https:\\\/\\\/praxistrainings-lms.de\\\/feedback-a\\\/#breadcrumb\",\"itemListElement\":[{\"@type\":\"ListItem\",\"position\":1,\"name\":\"Startseite\",\"item\":\"https:\\\/\\\/praxistrainings-lms.de\\\/\"},{\"@type\":\"ListItem\",\"position\":2,\"name\":\"Feedback A\"}]},{\"@type\":\"WebSite\",\"@id\":\"https:\\\/\\\/praxistrainings-lms.de\\\/#website\",\"url\":\"https:\\\/\\\/praxistrainings-lms.de\\\/\",\"name\":\"Praxistrainings-LMS\",\"description\":\"Schulungen f\u00fcr QM &amp; QS von Lebensmittel-Unternehmen\",\"publisher\":{\"@id\":\"https:\\\/\\\/praxistrainings-lms.de\\\/#organization\"},\"potentialAction\":[{\"@type\":\"SearchAction\",\"target\":{\"@type\":\"EntryPoint\",\"urlTemplate\":\"https:\\\/\\\/praxistrainings-lms.de\\\/?s={search_term_string}\"},\"query-input\":{\"@type\":\"PropertyValueSpecification\",\"valueRequired\":true,\"valueName\":\"search_term_string\"}}],\"inLanguage\":\"es\"},{\"@type\":\"Organization\",\"@id\":\"https:\\\/\\\/praxistrainings-lms.de\\\/#organization\",\"name\":\"Praxistrainings-LMS\",\"url\":\"https:\\\/\\\/praxistrainings-lms.de\\\/\",\"logo\":{\"@type\":\"ImageObject\",\"inLanguage\":\"es\",\"@id\":\"https:\\\/\\\/praxistrainings-lms.de\\\/#\\\/schema\\\/logo\\\/image\\\/\",\"url\":\"https:\\\/\\\/praxistrainings-lms.de\\\/wp-content\\\/uploads\\\/2022\\\/02\\\/WEB_LMS_Logo_Blue-e1646829814308.png\",\"contentUrl\":\"https:\\\/\\\/praxistrainings-lms.de\\\/wp-content\\\/uploads\\\/2022\\\/02\\\/WEB_LMS_Logo_Blue-e1646829814308.png\",\"width\":286,\"height\":143,\"caption\":\"Praxistrainings-LMS\"},\"image\":{\"@id\":\"https:\\\/\\\/praxistrainings-lms.de\\\/#\\\/schema\\\/logo\\\/image\\\/\"},\"sameAs\":[\"https:\\\/\\\/www.facebook.com\\\/jennifer.ziegler.praxistraining.lms.de\",\"https:\\\/\\\/www.linkedin.com\\\/in\\\/jennifer-ziegler-sichere-lm\\\/\",\"https:\\\/\\\/www.youtube.com\\\/channel\\\/UCQ1DGMwNQlP9uMcX_P-_gTg\"]}]}<\/script>\n<!-- \/ Yoast SEO Premium plugin. -->","yoast_head_json":{"title":"Comentarios A - LMS de formaci\u00f3n pr\u00e1ctica","robots":{"index":"noindex","follow":"follow"},"og_locale":"es_ES","og_type":"article","og_title":"Feedback A","og_description":"Praxistrainings-LMS: Feedback Vielen Dank f\u00fcr deine gute Bewertung. Es freut uns, dass dir deine Schulung gefallen hat. Vielleicht hast du noch ein paar Minuten Zeit, um deine Bewertung auf Google zu hinterlassen und deine Erfahrungen mit Praxistrainings-LMS zu teilen?\u00a0 Vielen Dank f\u00fcr dein Feedback. So hilfst du uns, noch besser zu werden.","og_url":"https:\/\/praxistrainings-lms.de\/es\/feedback-a\/","og_site_name":"Praxistrainings-LMS","article_publisher":"https:\/\/www.facebook.com\/jennifer.ziegler.praxistraining.lms.de","article_modified_time":"2023-01-11T10:48:16+00:00","twitter_card":"summary_large_image","twitter_misc":{"Tiempo de lectura":"1 minuto"},"schema":{"@context":"https:\/\/schema.org","@graph":[{"@type":"WebPage","@id":"https:\/\/praxistrainings-lms.de\/feedback-a\/","url":"https:\/\/praxistrainings-lms.de\/feedback-a\/","name":"Comentarios A - LMS de formaci\u00f3n pr\u00e1ctica","isPartOf":{"@id":"https:\/\/praxistrainings-lms.de\/#website"},"datePublished":"2022-02-08T08:26:49+00:00","dateModified":"2023-01-11T10:48:16+00:00","breadcrumb":{"@id":"https:\/\/praxistrainings-lms.de\/feedback-a\/#breadcrumb"},"inLanguage":"es","potentialAction":[{"@type":"ReadAction","target":["https:\/\/praxistrainings-lms.de\/feedback-a\/"]}]},{"@type":"BreadcrumbList","@id":"https:\/\/praxistrainings-lms.de\/feedback-a\/#breadcrumb","itemListElement":[{"@type":"ListItem","position":1,"name":"Startseite","item":"https:\/\/praxistrainings-lms.de\/"},{"@type":"ListItem","position":2,"name":"Feedback A"}]},{"@type":"WebSite","@id":"https:\/\/praxistrainings-lms.de\/#website","url":"https:\/\/praxistrainings-lms.de\/","name":"Pr\u00e1ctica Formaci\u00f3n LMS","description":"Formaci\u00f3n para QM &amp; QS de empresas alimentarias","publisher":{"@id":"https:\/\/praxistrainings-lms.de\/#organization"},"potentialAction":[{"@type":"SearchAction","target":{"@type":"EntryPoint","urlTemplate":"https:\/\/praxistrainings-lms.de\/?s={search_term_string}"},"query-input":{"@type":"PropertyValueSpecification","valueRequired":true,"valueName":"search_term_string"}}],"inLanguage":"es"},{"@type":"Organization","@id":"https:\/\/praxistrainings-lms.de\/#organization","name":"Pr\u00e1ctica Formaci\u00f3n LMS","url":"https:\/\/praxistrainings-lms.de\/","logo":{"@type":"ImageObject","inLanguage":"es","@id":"https:\/\/praxistrainings-lms.de\/#\/schema\/logo\/image\/","url":"https:\/\/praxistrainings-lms.de\/wp-content\/uploads\/2022\/02\/WEB_LMS_Logo_Blue-e1646829814308.png","contentUrl":"https:\/\/praxistrainings-lms.de\/wp-content\/uploads\/2022\/02\/WEB_LMS_Logo_Blue-e1646829814308.png","width":286,"height":143,"caption":"Praxistrainings-LMS"},"image":{"@id":"https:\/\/praxistrainings-lms.de\/#\/schema\/logo\/image\/"},"sameAs":["https:\/\/www.facebook.com\/jennifer.ziegler.praxistraining.lms.de","https:\/\/www.linkedin.com\/in\/jennifer-ziegler-sichere-lm\/","https:\/\/www.youtube.com\/channel\/UCQ1DGMwNQlP9uMcX_P-_gTg"]}]}},"_links":{"self":[{"href":"https:\/\/praxistrainings-lms.de\/es\/wp-json\/wp\/v2\/pages\/30716","targetHints":{"allow":["GET"]}}],"collection":[{"href":"https:\/\/praxistrainings-lms.de\/es\/wp-json\/wp\/v2\/pages"}],"about":[{"href":"https:\/\/praxistrainings-lms.de\/es\/wp-json\/wp\/v2\/types\/page"}],"author":[{"embeddable":true,"href":"https:\/\/praxistrainings-lms.de\/es\/wp-json\/wp\/v2\/users\/1"}],"replies":[{"embeddable":true,"href":"https:\/\/praxistrainings-lms.de\/es\/wp-json\/wp\/v2\/comments?post=30716"}],"version-history":[{"count":0,"href":"https:\/\/praxistrainings-lms.de\/es\/wp-json\/wp\/v2\/pages\/30716\/revisions"}],"wp:attachment":[{"href":"https:\/\/praxistrainings-lms.de\/es\/wp-json\/wp\/v2\/media?parent=30716"}],"curies":[{"name":"gracias","href":"https:\/\/api.w.org\/{rel}","templated":true}]}}