{"id":26335,"date":"2021-10-11T14:29:35","date_gmt":"2021-10-11T12:29:35","guid":{"rendered":"http:\/\/praxistrainings-lms.de\/?page_id=26335"},"modified":"2025-12-11T21:04:30","modified_gmt":"2025-12-11T20:04:30","slug":"impressum","status":"publish","type":"page","link":"https:\/\/praxistrainings-lms.de\/hu\/impressum\/","title":{"rendered":"impresszum"},"content":{"rendered":"<div data-elementor-type=\"wp-page\" data-elementor-id=\"26335\" class=\"elementor elementor-26335\" data-elementor-post-type=\"page\">\n\t\t\t\t\t\t<section class=\"elementor-section elementor-top-section elementor-element elementor-element-68a5792 elementor-section-boxed elementor-section-height-default elementor-section-height-default\" data-id=\"68a5792\" data-element_type=\"section\" data-e-type=\"section\">\n\t\t\t\t\t\t<div class=\"elementor-container elementor-column-gap-default\">\n\t\t\t\t\t<div class=\"elementor-column elementor-col-100 elementor-top-column elementor-element elementor-element-7e814e2\" data-id=\"7e814e2\" data-element_type=\"column\" data-e-type=\"column\">\n\t\t\t<div class=\"elementor-widget-wrap elementor-element-populated\">\n\t\t\t\t\t\t<div class=\"elementor-element elementor-element-7bfc6ad elementor-widget elementor-widget-html\" data-id=\"7bfc6ad\" data-element_type=\"widget\" data-e-type=\"widget\" data-widget_type=\"html.default\">\n\t\t\t\t<div class=\"elementor-widget-container\">\n\t\t\t\t\t<h1>impresszum<\/h1>\r\n\r\n<h2>A TMG 5. \u00a7-a szerint<\/h2>\r\n<p>Tulajdonos: Jennifer Ziegler<br \/>\r\nC\u00e9gn\u00e9v: Gyakorlati k\u00e9pz\u00e9si rendszer<br \/>\r\nK\u00f6sters Kamp 11<br \/>\r\n31840 Hessian Oldendorf<\/p>\r\n\r\n<h2>Kapcsolatba l\u00e9pni<\/h2>\r\n<p>Telefon: +49 5152-7800574<br \/>\r\nE-mail: jennifer.ziegler@praxistrainings-lms.de<\/p>\r\n\r\n<h2>Ad\u00f3azonos\u00edt\u00f3<\/h2>\r\n<p>A forgalmi ad\u00f3r\u00f3l sz\u00f3l\u00f3 t\u00f6rv\u00e9ny 27 a \u00a7-a szerinti forgalmi ad\u00f3azonos\u00edt\u00f3 sz\u00e1m:<br \/>\r\nDE346203134<\/p>\r\n\r\n<h2>c\u00e9gbejegyz\u00e9s<\/h2>\r\n<p>A GewO 14. \u00a7-a szerinti c\u00e9gbejegyz\u00e9st 2021. november 1-j\u00e9n adta meg a frankfurti k\u00f6zrendv\u00e9delmi hivatal.<\/p>\r\n\r\n<h2>Inform\u00e1ci\u00f3k a szakmai felel\u0151ss\u00e9gbiztos\u00edt\u00e1sr\u00f3l<\/h2>\r\n<p><strong>A biztos\u00edt\u00f3 neve \u00e9s sz\u00e9khelye:<\/strong><br \/>\r\n\r\nAllianz Biztos\u00edt\u00f3 AG<br>\r\n\r\nA c\u00e9g sz\u00e9khelye: M\u00fcnchen<br>\r\nC\u00e9gb\u00edr\u00f3s\u00e1g: M\u00fcncheni Ker\u00fcleti B\u00edr\u00f3s\u00e1g, HRB 75727\r\n<\/p>\r\n<p><strong>A biztos\u00edt\u00e1s \u00e9rv\u00e9nyess\u00e9gi ter\u00fclete:<\/strong><br \/>N\u00e9metorsz\u00e1g, Ausztria, Sv\u00e1jc<\/p>\r\n\r\n<h2>Szerkeszt\u0151i felel\u0151ss\u00e9g<\/h2>\r\n<p>Jennifer Ziegler<br \/>\r\nK\u00f6sters Kamp 11<br \/>\r\n31840 Hessian Oldendorf<\/p>\r\n\r\n<h2>EU-s vitarendez\u00e9s<\/h2>\r\n<p>Az Eur\u00f3pai Bizotts\u00e1g platformot biztos\u00edt az online vitarendez\u00e9shez (OS): <a href=\"https:\/\/ec.europa.eu\/consumers\/odr\/\" target=\"_blank\" rel=\"noopener noreferrer\">https:\/\/ec.europa.eu\/consumers\/odr\/<\/a>.<br \/> E-mail c\u00edm\u00fcnk fent az impresszumban tal\u00e1lhat\u00f3.<\/p>\r\n\r\n<h2>Fogyaszt\u00f3i vitarendez\u00e9s\/egyetemes v\u00e1lasztottb\u00edr\u00f3s\u00e1g<\/h2>\r\n<p>Nem vagyunk k\u00f6telesek \u00e9s nem is akarunk r\u00e9szt venni fogyaszt\u00f3i v\u00e1lasztottb\u00edr\u00f3s\u00e1g el\u0151tti vitarendez\u00e9si elj\u00e1r\u00e1sokban.<\/p>\r\n\r\n\t\t\t\t<\/div>\n\t\t\t\t<\/div>\n\t\t\t\t\t<\/div>\n\t\t<\/div>\n\t\t\t\t\t<\/div>\n\t\t<\/section>\n\t\t\t\t<section class=\"elementor-section elementor-top-section elementor-element elementor-element-ec7579c elementor-section-boxed elementor-section-height-default elementor-section-height-default\" data-id=\"ec7579c\" data-element_type=\"section\" data-e-type=\"section\">\n\t\t\t\t\t\t<div class=\"elementor-container elementor-column-gap-default\">\n\t\t\t\t\t<div class=\"elementor-column elementor-col-100 elementor-top-column elementor-element elementor-element-e77aae9\" data-id=\"e77aae9\" data-element_type=\"column\" data-e-type=\"column\">\n\t\t\t<div class=\"elementor-widget-wrap elementor-element-populated\">\n\t\t\t\t\t\t<div class=\"elementor-element elementor-element-d215696 elementor-widget elementor-widget-heading\" data-id=\"d215696\" data-element_type=\"widget\" data-e-type=\"widget\" data-widget_type=\"heading.default\">\n\t\t\t\t<div class=\"elementor-widget-container\">\n\t\t\t\t\t<h2 class=\"elementor-heading-title elementor-size-default\">Besz\u00fart k\u00e9pek<\/h2>\t\t\t\t<\/div>\n\t\t\t\t<\/div>\n\t\t\t\t\t<\/div>\n\t\t<\/div>\n\t\t\t\t\t<\/div>\n\t\t<\/section>\n\t\t\t\t<section class=\"elementor-section elementor-top-section elementor-element elementor-element-713a290 elementor-section-boxed elementor-section-height-default elementor-section-height-default\" data-id=\"713a290\" data-element_type=\"section\" data-e-type=\"section\">\n\t\t\t\t\t\t<div class=\"elementor-container elementor-column-gap-default\">\n\t\t\t\t\t<div class=\"elementor-column elementor-col-100 elementor-top-column elementor-element elementor-element-39e514c\" data-id=\"39e514c\" data-element_type=\"column\" data-e-type=\"column\">\n\t\t\t<div class=\"elementor-widget-wrap elementor-element-populated\">\n\t\t\t\t\t\t<div class=\"elementor-element elementor-element-6c1d698 elementor-widget elementor-widget-text-editor\" data-id=\"6c1d698\" data-element_type=\"widget\" data-e-type=\"widget\" data-widget_type=\"text-editor.default\">\n\t\t\t\t<div class=\"elementor-widget-container\">\n\t\t\t\t\t\t\t\t\t<ul><li><a href=\"https:\/\/pixabay.com\/\" target=\"_blank\" rel=\"noopener\">pixabay.com<\/a><\/li><li><a href=\"https:\/\/pexels.com\/\" target=\"_blank\" rel=\"noopener\">pexels.com<\/a><\/li><li><a href=\"https:\/\/stock.adobe.com\/\" target=\"_blank\" rel=\"noopener\">stock.adobe.com<\/a><\/li><li><a href=\"https:\/\/unsplash.com\">unsplash.com<\/a><\/li><li>\u00e9s m\u00e1s k\u00e9padatb\u00e1zisok a felhaszn\u00e1l\u00e1si jogoknak megfelel\u0151en<\/li><li>MI \u00e1ltal gener\u00e1lt k\u00e9pek (\u201cMI\u201d ikonnal jel\u00f6lve, vagy a k\u00e9p le\u00edr\u00e1s\u00e1ban felt\u00fcntetve)<\/li><li>Saj\u00e1t k\u00e9pek<\/li><\/ul>\t\t\t\t\t\t\t\t<\/div>\n\t\t\t\t<\/div>\n\t\t\t\t\t<\/div>\n\t\t<\/div>\n\t\t\t\t\t<\/div>\n\t\t<\/section>\n\t\t\t\t<section class=\"elementor-section elementor-top-section elementor-element elementor-element-7de06a0 elementor-section-boxed elementor-section-height-default elementor-section-height-default\" data-id=\"7de06a0\" data-element_type=\"section\" data-e-type=\"section\">\n\t\t\t\t\t\t<div class=\"elementor-container elementor-column-gap-default\">\n\t\t\t\t\t<div class=\"elementor-column elementor-col-100 elementor-top-column elementor-element elementor-element-0900a55\" data-id=\"0900a55\" data-element_type=\"column\" data-e-type=\"column\">\n\t\t\t<div class=\"elementor-widget-wrap elementor-element-populated\">\n\t\t\t\t\t\t<div class=\"elementor-element elementor-element-79188c5 elementor-widget elementor-widget-text-editor\" data-id=\"79188c5\" data-element_type=\"widget\" data-e-type=\"widget\" data-widget_type=\"text-editor.default\">\n\t\t\t\t<div class=\"elementor-widget-container\">\n\t\t\t\t\t\t\t\t\t<p>2025. december 11-t\u0151l \u2013 V\u00e1ltoz\u00e1sok: A c\u00e9gn\u00e9v r\u00f6vid\u00fclt \u201cPraxistrainings-Lebensmittelsicherheit\u201d-r\u0151l \u201cPraxistrainings-LMS\u201d-re; a biztos\u00edt\u00f3val kapcsolatos inform\u00e1ci\u00f3k sz\u00e1ma cs\u00f6kkent; v\u00e1ltoz\u00e1sok a fogyaszt\u00f3i vitarendez\u00e9si elj\u00e1r\u00e1sban.<\/p>\t\t\t\t\t\t\t\t<\/div>\n\t\t\t\t<\/div>\n\t\t\t\t\t<\/div>\n\t\t<\/div>\n\t\t\t\t\t<\/div>\n\t\t<\/section>\n\t\t\t\t<\/div>","protected":false},"excerpt":{"rendered":"<p>Impressum Angaben gem\u00e4\u00df \u00a7 5 TMG Inhabering: Jennifer Ziegler Unternehmenstitel: Praxistrainings-LMS K\u00f6sters Kamp 11 31840 Hessisch Oldendorf Kontakt Telefon: +49 5152-7800574 E-Mail: jennifer.ziegler@praxistrainings-lms.de Umsatzsteuer-ID Umsatzsteuer-Identifikationsnummer gem\u00e4\u00df \u00a7 27 a Umsatzsteuergesetz: DE346203134 Gewerbeanmeldung Die Gewerbeanmeldung nach \u00a7 14 GewO wurde am 01.11.2021 durch das Ordnungsamt Frankfurt am Main erteilt. Angaben zur Berufs\u00adhaftpflicht\u00adversicherung Name und Sitz des [&hellip;]<\/p>\n","protected":false},"author":1,"featured_media":0,"parent":0,"menu_order":0,"comment_status":"closed","ping_status":"closed","template":"","meta":{"_acf_changed":false,"site-sidebar-layout":"no-sidebar","site-content-layout":"page-builder","ast-site-content-layout":"default","site-content-style":"default","site-sidebar-style":"default","ast-global-header-display":"","ast-banner-title-visibility":"","ast-main-header-display":"","ast-hfb-above-header-display":"","ast-hfb-below-header-display":"","ast-hfb-mobile-header-display":"","site-post-title":"disabled","ast-breadcrumbs-content":"","ast-featured-img":"disabled","footer-sml-layout":"","ast-disable-related-posts":"","theme-transparent-header-meta":"default","adv-header-id-meta":"","stick-header-meta":"","header-above-stick-meta":"","header-main-stick-meta":"","header-below-stick-meta":"","astra-migrate-meta-layouts":"default","ast-page-background-enabled":"default","ast-page-background-meta":{"desktop":{"background-color":"","background-image":"","background-repeat":"repeat","background-position":"center center","background-size":"auto","background-attachment":"scroll","background-type":"","background-media":"","overlay-type":"","overlay-color":"","overlay-opacity":"","overlay-gradient":""},"tablet":{"background-color":"","background-image":"","background-repeat":"repeat","background-position":"center center","background-size":"auto","background-attachment":"scroll","background-type":"","background-media":"","overlay-type":"","overlay-color":"","overlay-opacity":"","overlay-gradient":""},"mobile":{"background-color":"","background-image":"","background-repeat":"repeat","background-position":"center center","background-size":"auto","background-attachment":"scroll","background-type":"","background-media":"","overlay-type":"","overlay-color":"","overlay-opacity":"","overlay-gradient":""}},"ast-content-background-meta":{"desktop":{"background-color":"var(--ast-global-color-5)","background-image":"","background-repeat":"repeat","background-position":"center center","background-size":"auto","background-attachment":"scroll","background-type":"","background-media":"","overlay-type":"","overlay-color":"","overlay-opacity":"","overlay-gradient":""},"tablet":{"background-color":"var(--ast-global-color-5)","background-image":"","background-repeat":"repeat","background-position":"center center","background-size":"auto","background-attachment":"scroll","background-type":"","background-media":"","overlay-type":"","overlay-color":"","overlay-opacity":"","overlay-gradient":""},"mobile":{"background-color":"var(--ast-global-color-5)","background-image":"","background-repeat":"repeat","background-position":"center center","background-size":"auto","background-attachment":"scroll","background-type":"","background-media":"","overlay-type":"","overlay-color":"","overlay-opacity":"","overlay-gradient":""}},"footnotes":""},"class_list":["post-26335","page","type-page","status-publish","hentry"],"acf":[],"yoast_head":"<!-- This site is optimized with the Yoast SEO Premium plugin v27.4 (Yoast SEO v27.4) - https:\/\/yoast.com\/product\/yoast-seo-premium-wordpress\/ -->\n<title>Impressum von Praxistrainings-LMS: Jetzt informieren!<\/title>\n<meta name=\"description\" content=\"Sie m\u00f6chten mehr \u00fcber das Unternehmen Praxistrainings-LMS erfahren? Hier gelangen Sie direkt zum Impressum.\" \/>\n<meta name=\"robots\" content=\"index, follow, max-snippet:-1, max-image-preview:large, max-video-preview:-1\" \/>\n<link rel=\"canonical\" href=\"https:\/\/praxistrainings-lms.de\/hu\/impressum\/\" \/>\n<meta property=\"og:locale\" content=\"hu_HU\" \/>\n<meta property=\"og:type\" content=\"article\" \/>\n<meta property=\"og:title\" content=\"Impressum\" \/>\n<meta property=\"og:description\" content=\"Sie m\u00f6chten mehr \u00fcber das Unternehmen Praxistrainings-LMS erfahren? Hier gelangen Sie direkt zum Impressum.\" \/>\n<meta property=\"og:url\" content=\"https:\/\/praxistrainings-lms.de\/hu\/impressum\/\" \/>\n<meta property=\"og:site_name\" content=\"Praxistrainings-LMS\" \/>\n<meta property=\"article:publisher\" content=\"https:\/\/www.facebook.com\/jennifer.ziegler.praxistraining.lms.de\" \/>\n<meta property=\"article:modified_time\" content=\"2025-12-11T20:04:30+00:00\" \/>\n<meta name=\"twitter:card\" content=\"summary_large_image\" \/>\n<meta name=\"twitter:label1\" content=\"Becs\u00fclt olvas\u00e1si id\u0151\" \/>\n\t<meta name=\"twitter:data1\" content=\"1 perc\" \/>\n<script type=\"application\/ld+json\" class=\"yoast-schema-graph\">{\"@context\":\"https:\\\/\\\/schema.org\",\"@graph\":[{\"@type\":\"WebPage\",\"@id\":\"https:\\\/\\\/praxistrainings-lms.de\\\/impressum\\\/\",\"url\":\"https:\\\/\\\/praxistrainings-lms.de\\\/impressum\\\/\",\"name\":\"Impressum von Praxistrainings-LMS: Jetzt informieren!\",\"isPartOf\":{\"@id\":\"https:\\\/\\\/praxistrainings-lms.de\\\/#website\"},\"datePublished\":\"2021-10-11T12:29:35+00:00\",\"dateModified\":\"2025-12-11T20:04:30+00:00\",\"description\":\"Sie m\u00f6chten mehr \u00fcber das Unternehmen Praxistrainings-LMS erfahren? Hier gelangen Sie direkt zum Impressum.\",\"breadcrumb\":{\"@id\":\"https:\\\/\\\/praxistrainings-lms.de\\\/impressum\\\/#breadcrumb\"},\"inLanguage\":\"hu\",\"potentialAction\":[{\"@type\":\"ReadAction\",\"target\":[\"https:\\\/\\\/praxistrainings-lms.de\\\/impressum\\\/\"]}]},{\"@type\":\"BreadcrumbList\",\"@id\":\"https:\\\/\\\/praxistrainings-lms.de\\\/impressum\\\/#breadcrumb\",\"itemListElement\":[{\"@type\":\"ListItem\",\"position\":1,\"name\":\"Startseite\",\"item\":\"https:\\\/\\\/praxistrainings-lms.de\\\/\"},{\"@type\":\"ListItem\",\"position\":2,\"name\":\"Impressum\"}]},{\"@type\":\"WebSite\",\"@id\":\"https:\\\/\\\/praxistrainings-lms.de\\\/#website\",\"url\":\"https:\\\/\\\/praxistrainings-lms.de\\\/\",\"name\":\"Praxistrainings-LMS\",\"description\":\"Schulungen f\u00fcr QM &amp; QS von Lebensmittel-Unternehmen\",\"publisher\":{\"@id\":\"https:\\\/\\\/praxistrainings-lms.de\\\/#organization\"},\"potentialAction\":[{\"@type\":\"SearchAction\",\"target\":{\"@type\":\"EntryPoint\",\"urlTemplate\":\"https:\\\/\\\/praxistrainings-lms.de\\\/?s={search_term_string}\"},\"query-input\":{\"@type\":\"PropertyValueSpecification\",\"valueRequired\":true,\"valueName\":\"search_term_string\"}}],\"inLanguage\":\"hu\"},{\"@type\":\"Organization\",\"@id\":\"https:\\\/\\\/praxistrainings-lms.de\\\/#organization\",\"name\":\"Praxistrainings-LMS\",\"url\":\"https:\\\/\\\/praxistrainings-lms.de\\\/\",\"logo\":{\"@type\":\"ImageObject\",\"inLanguage\":\"hu\",\"@id\":\"https:\\\/\\\/praxistrainings-lms.de\\\/#\\\/schema\\\/logo\\\/image\\\/\",\"url\":\"https:\\\/\\\/praxistrainings-lms.de\\\/wp-content\\\/uploads\\\/2022\\\/02\\\/WEB_LMS_Logo_Blue-e1646829814308.png\",\"contentUrl\":\"https:\\\/\\\/praxistrainings-lms.de\\\/wp-content\\\/uploads\\\/2022\\\/02\\\/WEB_LMS_Logo_Blue-e1646829814308.png\",\"width\":286,\"height\":143,\"caption\":\"Praxistrainings-LMS\"},\"image\":{\"@id\":\"https:\\\/\\\/praxistrainings-lms.de\\\/#\\\/schema\\\/logo\\\/image\\\/\"},\"sameAs\":[\"https:\\\/\\\/www.facebook.com\\\/jennifer.ziegler.praxistraining.lms.de\",\"https:\\\/\\\/www.linkedin.com\\\/in\\\/jennifer-ziegler-sichere-lm\\\/\",\"https:\\\/\\\/www.youtube.com\\\/channel\\\/UCQ1DGMwNQlP9uMcX_P-_gTg\"]}]}<\/script>\n<!-- \/ Yoast SEO Premium plugin. -->","yoast_head_json":{"title":"Impresszum a Praxistrainings-LMS-t\u0151l: Tudja meg most!","description":"Szeretne t\u00f6bbet megtudni a Praxistrainings-LMS c\u00e9gr\u0151l? Itt k\u00f6zvetlen\u00fcl az impresszumhoz juthat.","robots":{"index":"index","follow":"follow","max-snippet":"max-snippet:-1","max-image-preview":"max-image-preview:large","max-video-preview":"max-video-preview:-1"},"canonical":"https:\/\/praxistrainings-lms.de\/hu\/impressum\/","og_locale":"hu_HU","og_type":"article","og_title":"Impressum","og_description":"Sie m\u00f6chten mehr \u00fcber das Unternehmen Praxistrainings-LMS erfahren? Hier gelangen Sie direkt zum Impressum.","og_url":"https:\/\/praxistrainings-lms.de\/hu\/impressum\/","og_site_name":"Praxistrainings-LMS","article_publisher":"https:\/\/www.facebook.com\/jennifer.ziegler.praxistraining.lms.de","article_modified_time":"2025-12-11T20:04:30+00:00","twitter_card":"summary_large_image","twitter_misc":{"Becs\u00fclt olvas\u00e1si id\u0151":"1 perc"},"schema":{"@context":"https:\/\/schema.org","@graph":[{"@type":"WebPage","@id":"https:\/\/praxistrainings-lms.de\/impressum\/","url":"https:\/\/praxistrainings-lms.de\/impressum\/","name":"Impresszum a Praxistrainings-LMS-t\u0151l: Tudja meg most!","isPartOf":{"@id":"https:\/\/praxistrainings-lms.de\/#website"},"datePublished":"2021-10-11T12:29:35+00:00","dateModified":"2025-12-11T20:04:30+00:00","description":"Szeretne t\u00f6bbet megtudni a Praxistrainings-LMS c\u00e9gr\u0151l? Itt k\u00f6zvetlen\u00fcl az impresszumhoz juthat.","breadcrumb":{"@id":"https:\/\/praxistrainings-lms.de\/impressum\/#breadcrumb"},"inLanguage":"hu","potentialAction":[{"@type":"ReadAction","target":["https:\/\/praxistrainings-lms.de\/impressum\/"]}]},{"@type":"BreadcrumbList","@id":"https:\/\/praxistrainings-lms.de\/impressum\/#breadcrumb","itemListElement":[{"@type":"ListItem","position":1,"name":"Startseite","item":"https:\/\/praxistrainings-lms.de\/"},{"@type":"ListItem","position":2,"name":"Impressum"}]},{"@type":"WebSite","@id":"https:\/\/praxistrainings-lms.de\/#website","url":"https:\/\/praxistrainings-lms.de\/","name":"Gyakorlati k\u00e9pz\u00e9s LMS","description":"K\u00e9pz\u00e9s \u00e9lelmiszeripari c\u00e9gek QM \u00e9s QS sz\u00e1m\u00e1ra","publisher":{"@id":"https:\/\/praxistrainings-lms.de\/#organization"},"potentialAction":[{"@type":"SearchAction","target":{"@type":"EntryPoint","urlTemplate":"https:\/\/praxistrainings-lms.de\/?s={search_term_string}"},"query-input":{"@type":"PropertyValueSpecification","valueRequired":true,"valueName":"search_term_string"}}],"inLanguage":"hu"},{"@type":"Organization","@id":"https:\/\/praxistrainings-lms.de\/#organization","name":"Gyakorlati k\u00e9pz\u00e9s LMS","url":"https:\/\/praxistrainings-lms.de\/","logo":{"@type":"ImageObject","inLanguage":"hu","@id":"https:\/\/praxistrainings-lms.de\/#\/schema\/logo\/image\/","url":"https:\/\/praxistrainings-lms.de\/wp-content\/uploads\/2022\/02\/WEB_LMS_Logo_Blue-e1646829814308.png","contentUrl":"https:\/\/praxistrainings-lms.de\/wp-content\/uploads\/2022\/02\/WEB_LMS_Logo_Blue-e1646829814308.png","width":286,"height":143,"caption":"Praxistrainings-LMS"},"image":{"@id":"https:\/\/praxistrainings-lms.de\/#\/schema\/logo\/image\/"},"sameAs":["https:\/\/www.facebook.com\/jennifer.ziegler.praxistraining.lms.de","https:\/\/www.linkedin.com\/in\/jennifer-ziegler-sichere-lm\/","https:\/\/www.youtube.com\/channel\/UCQ1DGMwNQlP9uMcX_P-_gTg"]}]}},"_links":{"self":[{"href":"https:\/\/praxistrainings-lms.de\/hu\/wp-json\/wp\/v2\/pages\/26335","targetHints":{"allow":["GET"]}}],"collection":[{"href":"https:\/\/praxistrainings-lms.de\/hu\/wp-json\/wp\/v2\/pages"}],"about":[{"href":"https:\/\/praxistrainings-lms.de\/hu\/wp-json\/wp\/v2\/types\/page"}],"author":[{"embeddable":true,"href":"https:\/\/praxistrainings-lms.de\/hu\/wp-json\/wp\/v2\/users\/1"}],"replies":[{"embeddable":true,"href":"https:\/\/praxistrainings-lms.de\/hu\/wp-json\/wp\/v2\/comments?post=26335"}],"version-history":[{"count":5,"href":"https:\/\/praxistrainings-lms.de\/hu\/wp-json\/wp\/v2\/pages\/26335\/revisions"}],"predecessor-version":[{"id":73316,"href":"https:\/\/praxistrainings-lms.de\/hu\/wp-json\/wp\/v2\/pages\/26335\/revisions\/73316"}],"wp:attachment":[{"href":"https:\/\/praxistrainings-lms.de\/hu\/wp-json\/wp\/v2\/media?parent=26335"}],"curies":[{"name":"munkaf\u00fczet","href":"https:\/\/api.w.org\/{rel}","templated":true}]}}