{"id":37559,"date":"2022-11-24T11:04:44","date_gmt":"2022-11-24T10:04:44","guid":{"rendered":"https:\/\/praxistrainings-lms.de\/?page_id=37559"},"modified":"2026-03-26T15:19:50","modified_gmt":"2026-03-26T14:19:50","slug":"newsletter","status":"publish","type":"page","link":"https:\/\/praxistrainings-lms.de\/hu\/newsletter\/","title":{"rendered":"H\u00edrlev\u00e9l"},"content":{"rendered":"<div data-elementor-type=\"wp-page\" data-elementor-id=\"37559\" class=\"elementor elementor-37559\" data-elementor-post-type=\"page\">\n\t\t\t\t\t\t<section class=\"elementor-section elementor-top-section elementor-element elementor-element-b234db5 elementor-section-boxed elementor-section-height-default elementor-section-height-default\" data-id=\"b234db5\" data-element_type=\"section\" data-e-type=\"section\">\n\t\t\t\t\t\t<div class=\"elementor-container elementor-column-gap-default\">\n\t\t\t\t\t<div class=\"elementor-column elementor-col-100 elementor-top-column elementor-element elementor-element-a78011c\" data-id=\"a78011c\" data-element_type=\"column\" data-e-type=\"column\">\n\t\t\t<div class=\"elementor-widget-wrap elementor-element-populated\">\n\t\t\t\t\t\t<div class=\"elementor-element elementor-element-b1d785b elementor-widget elementor-widget-heading\" data-id=\"b1d785b\" data-element_type=\"widget\" data-e-type=\"widget\" data-widget_type=\"heading.default\">\n\t\t\t\t<div class=\"elementor-widget-container\">\n\t\t\t\t\t<h1 class=\"elementor-heading-title elementor-size-default\">H\u00edrlev\u00e9l<\/h1>\t\t\t\t<\/div>\n\t\t\t\t<\/div>\n\t\t\t\t\t<\/div>\n\t\t<\/div>\n\t\t\t\t\t<\/div>\n\t\t<\/section>\n\t\t\t\t<section class=\"elementor-section elementor-top-section elementor-element elementor-element-2a7ec1c elementor-section-boxed elementor-section-height-default elementor-section-height-default\" data-id=\"2a7ec1c\" data-element_type=\"section\" data-e-type=\"section\">\n\t\t\t\t\t\t<div class=\"elementor-container elementor-column-gap-default\">\n\t\t\t\t\t<div class=\"elementor-column elementor-col-50 elementor-top-column elementor-element elementor-element-aa97178\" data-id=\"aa97178\" data-element_type=\"column\" data-e-type=\"column\">\n\t\t\t<div class=\"elementor-widget-wrap elementor-element-populated\">\n\t\t\t\t\t\t<div class=\"elementor-element elementor-element-bc59c1a elementor-widget elementor-widget-image\" data-id=\"bc59c1a\" data-element_type=\"widget\" data-e-type=\"widget\" data-widget_type=\"image.default\">\n\t\t\t\t<div class=\"elementor-widget-container\">\n\t\t\t\t\t\t\t\t\t\t\t\t<figure class=\"wp-caption\">\n\t\t\t\t\t\t\t\t\t\t<img loading=\"lazy\" decoding=\"async\" width=\"300\" height=\"200\" src=\"https:\/\/praxistrainings-lms.de\/wp-content\/uploads\/2022\/11\/4181-37b_10x15cm-300x200.jpg\" class=\"attachment-medium size-medium wp-image-37138\" alt=\"Jennifer Ziegler felfel\u00e9 tartja a h\u00fcvelykujj\u00e1t\" srcset=\"https:\/\/praxistrainings-lms.de\/wp-content\/uploads\/2022\/11\/4181-37b_10x15cm-300x200.jpg 300w, https:\/\/praxistrainings-lms.de\/wp-content\/uploads\/2022\/11\/4181-37b_10x15cm-600x400.jpg 600w, https:\/\/praxistrainings-lms.de\/wp-content\/uploads\/2022\/11\/4181-37b_10x15cm-1024x682.jpg 1024w, https:\/\/praxistrainings-lms.de\/wp-content\/uploads\/2022\/11\/4181-37b_10x15cm-768x512.jpg 768w, https:\/\/praxistrainings-lms.de\/wp-content\/uploads\/2022\/11\/4181-37b_10x15cm-1536x1024.jpg 1536w, https:\/\/praxistrainings-lms.de\/wp-content\/uploads\/2022\/11\/4181-37b_10x15cm-18x12.jpg 18w, https:\/\/praxistrainings-lms.de\/wp-content\/uploads\/2022\/11\/4181-37b_10x15cm.jpg 1772w\" sizes=\"auto, (max-width: 300px) 100vw, 300px\" \/>\t\t\t\t\t\t\t\t\t\t\t<figcaption class=\"widget-image-caption wp-caption-text\">Jennifer Ziegler a Praxistrainings-LMS-t\u0151l<\/figcaption>\n\t\t\t\t\t\t\t\t\t\t<\/figure>\n\t\t\t\t\t\t\t\t\t<\/div>\n\t\t\t\t<\/div>\n\t\t\t\t\t<\/div>\n\t\t<\/div>\n\t\t\t\t<div class=\"elementor-column elementor-col-50 elementor-top-column elementor-element elementor-element-071287a\" data-id=\"071287a\" data-element_type=\"column\" data-e-type=\"column\">\n\t\t\t<div class=\"elementor-widget-wrap elementor-element-populated\">\n\t\t\t\t\t\t<div class=\"elementor-element elementor-element-5c4c985 elementor-widget elementor-widget-text-editor\" data-id=\"5c4c985\" data-element_type=\"widget\" data-e-type=\"widget\" data-widget_type=\"text-editor.default\">\n\t\t\t\t<div class=\"elementor-widget-container\">\n\t\t\t\t\t\t\t\t\t<p>Csatlakozzon a gyakorlati k\u00e9pz\u00e9si LMS k\u00f6z\u00f6ss\u00e9ghez, \u00e9s iratkozzon fel t\u00e1j\u00e9koztat\u00f3 e-mail\u00fcnkre:\u00a0<\/p><p><iframe id=\"zShareTpcCheck\" style=\"display: none;\" src=\"chrome-extension:\/\/ddafdejlekcmnafgnbllcfkebabhabcl\/html\/tpc.html\"><\/iframe><span id=\"zoho_button_ext\" style=\"display: none; position: absolute; z-index: 99999999; width: 80px; height: 31px; background-image: url('chrome-extension:\/\/ddafdejlekcmnafgnbllcfkebabhabcl\/images\/zshare.png'); background-size: 80px 31px; opacity: 0.9; cursor: pointer; top: 0px; left: 0px;\"><\/span><\/p><p><iframe id=\"zShareTpcCheck\" style=\"display: none;\" src=\"chrome-extension:\/\/ddafdejlekcmnafgnbllcfkebabhabcl\/html\/tpc.html\"><\/iframe><\/p>\t\t\t\t\t\t\t\t<\/div>\n\t\t\t\t<\/div>\n\t\t\t\t<div class=\"elementor-element elementor-element-6bb912f elementor-widget__width-initial elementor-widget elementor-widget-html\" data-id=\"6bb912f\" data-element_type=\"widget\" data-e-type=\"widget\" data-widget_type=\"html.default\">\n\t\t\t\t<div class=\"elementor-widget-container\">\n\t\t\t\t\t<iframe aria-label='Info terjeszt\u00e9si lista' frameborder=\"0\" style=\"height:400px;width:99%;border:none;\" src='https:\/\/forms.zohopublic.eu\/praxistrainingslms\/form\/InfoVerteiler\/formperma\/INmnd-QYqDSxWuhWl_GhL2aLd2cpxwrtYJih6eg1PZ8'><\/iframe>\t\t\t\t<\/div>\n\t\t\t\t<\/div>\n\t\t\t\t<div class=\"elementor-element elementor-element-426b001 elementor-widget elementor-widget-text-editor\" data-id=\"426b001\" data-element_type=\"widget\" data-e-type=\"widget\" data-widget_type=\"text-editor.default\">\n\t\t\t\t<div class=\"elementor-widget-container\">\n\t\t\t\t\t\t\t\t\t<p style=\"font-size: 20px; font-style: normal; font-weight: 400;\"><span style=\"background-color: var(--ast-global-color-5);\">Ez megadja neked <\/span><b style=\"background-color: var(--ast-global-color-5);\">inform\u00e1ci\u00f3 <\/b><span style=\"font-weight: inherit; background-color: var(--ast-global-color-5);\">hoz <\/span><b style=\"background-color: var(--ast-global-color-5);\">\u00c9lelmiszerbiztons\u00e1gi k\u00e9rd\u00e9s<\/b><span style=\"font-weight: inherit; background-color: var(--ast-global-color-5);\">, <\/span><b style=\"background-color: var(--ast-global-color-5);\">t\u00f6rv\u00e9nyeket<\/b><span style=\"font-weight: inherit; background-color: var(--ast-global-color-5);\">,\u00a0<\/span><b style=\"background-color: var(--ast-global-color-5);\">tanfolyamok <\/b><span style=\"font-weight: inherit; background-color: var(--ast-global-color-5);\">\u00e9s <\/span><b style=\"background-color: var(--ast-global-color-5);\">Akci\u00f3k<\/b><span style=\"font-weight: inherit; background-color: var(--ast-global-color-5);\">.<\/span><\/p><p><iframe id=\"zShareTpcCheck\" style=\"display: none;\" src=\"chrome-extension:\/\/ddafdejlekcmnafgnbllcfkebabhabcl\/html\/tpc.html\"><\/iframe><span id=\"zoho_button_ext\" style=\"display: none; position: absolute; z-index: 99999999; width: 80px; height: 31px; background-image: url('chrome-extension:\/\/ddafdejlekcmnafgnbllcfkebabhabcl\/images\/zshare.png'); background-size: 80px 31px; opacity: 0.9; cursor: pointer; top: 0px; left: 0px;\"><\/span><\/p>\t\t\t\t\t\t\t\t<\/div>\n\t\t\t\t<\/div>\n\t\t\t\t\t<\/div>\n\t\t<\/div>\n\t\t\t\t\t<\/div>\n\t\t<\/section>\n\t\t\t\t<section class=\"elementor-section elementor-top-section elementor-element elementor-element-dc043c4 elementor-section-boxed elementor-section-height-default elementor-section-height-default\" data-id=\"dc043c4\" data-element_type=\"section\" data-e-type=\"section\">\n\t\t\t\t\t\t<div class=\"elementor-container elementor-column-gap-default\">\n\t\t\t\t\t<div class=\"elementor-column elementor-col-100 elementor-top-column elementor-element elementor-element-8bb7851\" data-id=\"8bb7851\" data-element_type=\"column\" data-e-type=\"column\">\n\t\t\t<div class=\"elementor-widget-wrap elementor-element-populated\">\n\t\t\t\t\t\t<div class=\"elementor-element elementor-element-663ae58 elementor-widget elementor-widget-text-editor\" data-id=\"663ae58\" data-element_type=\"widget\" data-e-type=\"widget\" data-widget_type=\"text-editor.default\">\n\t\t\t\t<div class=\"elementor-widget-container\">\n\t\t\t\t\t\t\t\t\t<p><a href=\"https:\/\/praxistrainings-lms.de\/uber-uns\/\">r\u00f3lunk<\/a><\/p>\t\t\t\t\t\t\t\t<\/div>\n\t\t\t\t<\/div>\n\t\t\t\t\t<\/div>\n\t\t<\/div>\n\t\t\t\t\t<\/div>\n\t\t<\/section>\n\t\t\t\t<\/div>","protected":false},"excerpt":{"rendered":"<p>H\u00edrlev\u00e9l Jennifer Zieglert\u0151l, a Praxistrainings-LMS munkat\u00e1rs\u00e1t\u00f3l: Csatlakozzon a Praxistrainings-LMS k\u00f6z\u00f6ss\u00e9g\u00e9hez, \u00e9s iratkozzon fel inform\u00e1ci\u00f3s e-mailjeinkre: \u00cdgy inform\u00e1ci\u00f3kat kaphat az \u00e9lelmiszerbiztons\u00e1gr\u00f3l, a t\u00f6rv\u00e9nyekr\u0151l, a k\u00e9pz\u00e9sekr\u0151l \u00e9s a prom\u00f3ci\u00f3kr\u00f3l. R\u00f3lunk<\/p>","protected":false},"author":1,"featured_media":0,"parent":0,"menu_order":0,"comment_status":"closed","ping_status":"closed","template":"","meta":{"_acf_changed":false,"site-sidebar-layout":"default","site-content-layout":"","ast-site-content-layout":"default","site-content-style":"default","site-sidebar-style":"default","ast-global-header-display":"","ast-banner-title-visibility":"","ast-main-header-display":"","ast-hfb-above-header-display":"","ast-hfb-below-header-display":"","ast-hfb-mobile-header-display":"","site-post-title":"","ast-breadcrumbs-content":"","ast-featured-img":"","footer-sml-layout":"","ast-disable-related-posts":"","theme-transparent-header-meta":"","adv-header-id-meta":"","stick-header-meta":"","header-above-stick-meta":"","header-main-stick-meta":"","header-below-stick-meta":"","astra-migrate-meta-layouts":"default","ast-page-background-enabled":"default","ast-page-background-meta":{"desktop":{"background-color":"","background-image":"","background-repeat":"repeat","background-position":"center center","background-size":"auto","background-attachment":"scroll","background-type":"","background-media":"","overlay-type":"","overlay-color":"","overlay-opacity":"","overlay-gradient":""},"tablet":{"background-color":"","background-image":"","background-repeat":"repeat","background-position":"center center","background-size":"auto","background-attachment":"scroll","background-type":"","background-media":"","overlay-type":"","overlay-color":"","overlay-opacity":"","overlay-gradient":""},"mobile":{"background-color":"","background-image":"","background-repeat":"repeat","background-position":"center center","background-size":"auto","background-attachment":"scroll","background-type":"","background-media":"","overlay-type":"","overlay-color":"","overlay-opacity":"","overlay-gradient":""}},"ast-content-background-meta":{"desktop":{"background-color":"var(--ast-global-color-5)","background-image":"","background-repeat":"repeat","background-position":"center center","background-size":"auto","background-attachment":"scroll","background-type":"","background-media":"","overlay-type":"","overlay-color":"","overlay-opacity":"","overlay-gradient":""},"tablet":{"background-color":"var(--ast-global-color-5)","background-image":"","background-repeat":"repeat","background-position":"center center","background-size":"auto","background-attachment":"scroll","background-type":"","background-media":"","overlay-type":"","overlay-color":"","overlay-opacity":"","overlay-gradient":""},"mobile":{"background-color":"var(--ast-global-color-5)","background-image":"","background-repeat":"repeat","background-position":"center center","background-size":"auto","background-attachment":"scroll","background-type":"","background-media":"","overlay-type":"","overlay-color":"","overlay-opacity":"","overlay-gradient":""}},"footnotes":""},"class_list":["post-37559","page","type-page","status-publish","hentry"],"acf":[],"yoast_head":"<!-- This site is optimized with the Yoast SEO Premium plugin v27.3 (Yoast SEO v27.3) - https:\/\/yoast.com\/product\/yoast-seo-premium-wordpress\/ -->\n<title>Newsletter - Praxistrainings-LMS<\/title>\n<meta name=\"robots\" content=\"index, follow, max-snippet:-1, max-image-preview:large, max-video-preview:-1\" \/>\n<link rel=\"canonical\" href=\"https:\/\/praxistrainings-lms.de\/hu\/newsletter\/\" \/>\n<meta property=\"og:locale\" content=\"hu_HU\" \/>\n<meta property=\"og:type\" content=\"article\" \/>\n<meta property=\"og:title\" content=\"Newsletter\" \/>\n<meta property=\"og:description\" content=\"Newsletter Jennifer Ziegler von Praxistrainings-LMS Werden Sie Teil der Praxistrainings-LMS Community und abonnieren Sie unsere Info-Mail:\u00a0 Damit erhalten Sie Informationen zum Thema Lebensmittelsicherheit, Gesetze,\u00a0Schulungen und Aktionen. \u00dcber uns\" \/>\n<meta property=\"og:url\" content=\"https:\/\/praxistrainings-lms.de\/hu\/newsletter\/\" \/>\n<meta property=\"og:site_name\" content=\"Praxistrainings-LMS\" \/>\n<meta property=\"article:publisher\" content=\"https:\/\/www.facebook.com\/jennifer.ziegler.praxistraining.lms.de\" \/>\n<meta property=\"article:modified_time\" content=\"2026-03-26T14:19:50+00:00\" \/>\n<meta property=\"og:image\" content=\"https:\/\/praxistrainings-lms.de\/wp-content\/uploads\/2022\/11\/4181-37b_10x15cm.jpg\" \/>\n\t<meta property=\"og:image:width\" content=\"1772\" \/>\n\t<meta property=\"og:image:height\" content=\"1181\" \/>\n\t<meta property=\"og:image:type\" content=\"image\/jpeg\" \/>\n<meta name=\"twitter:card\" content=\"summary_large_image\" \/>\n<meta name=\"twitter:label1\" content=\"Becs\u00fclt olvas\u00e1si id\u0151\" \/>\n\t<meta name=\"twitter:data1\" content=\"1 perc\" \/>\n<script type=\"application\/ld+json\" class=\"yoast-schema-graph\">{\"@context\":\"https:\\\/\\\/schema.org\",\"@graph\":[{\"@type\":\"WebPage\",\"@id\":\"https:\\\/\\\/praxistrainings-lms.de\\\/newsletter\\\/\",\"url\":\"https:\\\/\\\/praxistrainings-lms.de\\\/newsletter\\\/\",\"name\":\"Newsletter - Praxistrainings-LMS\",\"isPartOf\":{\"@id\":\"https:\\\/\\\/praxistrainings-lms.de\\\/#website\"},\"primaryImageOfPage\":{\"@id\":\"https:\\\/\\\/praxistrainings-lms.de\\\/newsletter\\\/#primaryimage\"},\"image\":{\"@id\":\"https:\\\/\\\/praxistrainings-lms.de\\\/newsletter\\\/#primaryimage\"},\"thumbnailUrl\":\"https:\\\/\\\/praxistrainings-lms.de\\\/wp-content\\\/uploads\\\/2022\\\/11\\\/4181-37b_10x15cm-300x200.jpg\",\"datePublished\":\"2022-11-24T10:04:44+00:00\",\"dateModified\":\"2026-03-26T14:19:50+00:00\",\"breadcrumb\":{\"@id\":\"https:\\\/\\\/praxistrainings-lms.de\\\/newsletter\\\/#breadcrumb\"},\"inLanguage\":\"hu\",\"potentialAction\":[{\"@type\":\"ReadAction\",\"target\":[\"https:\\\/\\\/praxistrainings-lms.de\\\/newsletter\\\/\"]}]},{\"@type\":\"ImageObject\",\"inLanguage\":\"hu\",\"@id\":\"https:\\\/\\\/praxistrainings-lms.de\\\/newsletter\\\/#primaryimage\",\"url\":\"https:\\\/\\\/praxistrainings-lms.de\\\/wp-content\\\/uploads\\\/2022\\\/11\\\/4181-37b_10x15cm-300x200.jpg\",\"contentUrl\":\"https:\\\/\\\/praxistrainings-lms.de\\\/wp-content\\\/uploads\\\/2022\\\/11\\\/4181-37b_10x15cm-300x200.jpg\"},{\"@type\":\"BreadcrumbList\",\"@id\":\"https:\\\/\\\/praxistrainings-lms.de\\\/newsletter\\\/#breadcrumb\",\"itemListElement\":[{\"@type\":\"ListItem\",\"position\":1,\"name\":\"Startseite\",\"item\":\"https:\\\/\\\/praxistrainings-lms.de\\\/\"},{\"@type\":\"ListItem\",\"position\":2,\"name\":\"Newsletter\"}]},{\"@type\":\"WebSite\",\"@id\":\"https:\\\/\\\/praxistrainings-lms.de\\\/#website\",\"url\":\"https:\\\/\\\/praxistrainings-lms.de\\\/\",\"name\":\"Praxistrainings-LMS\",\"description\":\"Schulungen f\u00fcr QM &amp; QS von Lebensmittel-Unternehmen\",\"publisher\":{\"@id\":\"https:\\\/\\\/praxistrainings-lms.de\\\/#organization\"},\"potentialAction\":[{\"@type\":\"SearchAction\",\"target\":{\"@type\":\"EntryPoint\",\"urlTemplate\":\"https:\\\/\\\/praxistrainings-lms.de\\\/?s={search_term_string}\"},\"query-input\":{\"@type\":\"PropertyValueSpecification\",\"valueRequired\":true,\"valueName\":\"search_term_string\"}}],\"inLanguage\":\"hu\"},{\"@type\":\"Organization\",\"@id\":\"https:\\\/\\\/praxistrainings-lms.de\\\/#organization\",\"name\":\"Praxistrainings-LMS\",\"url\":\"https:\\\/\\\/praxistrainings-lms.de\\\/\",\"logo\":{\"@type\":\"ImageObject\",\"inLanguage\":\"hu\",\"@id\":\"https:\\\/\\\/praxistrainings-lms.de\\\/#\\\/schema\\\/logo\\\/image\\\/\",\"url\":\"https:\\\/\\\/praxistrainings-lms.de\\\/wp-content\\\/uploads\\\/2022\\\/02\\\/WEB_LMS_Logo_Blue-e1646829814308.png\",\"contentUrl\":\"https:\\\/\\\/praxistrainings-lms.de\\\/wp-content\\\/uploads\\\/2022\\\/02\\\/WEB_LMS_Logo_Blue-e1646829814308.png\",\"width\":286,\"height\":143,\"caption\":\"Praxistrainings-LMS\"},\"image\":{\"@id\":\"https:\\\/\\\/praxistrainings-lms.de\\\/#\\\/schema\\\/logo\\\/image\\\/\"},\"sameAs\":[\"https:\\\/\\\/www.facebook.com\\\/jennifer.ziegler.praxistraining.lms.de\",\"https:\\\/\\\/www.linkedin.com\\\/in\\\/jennifer-ziegler-sichere-lm\\\/\",\"https:\\\/\\\/www.youtube.com\\\/channel\\\/UCQ1DGMwNQlP9uMcX_P-_gTg\"]}]}<\/script>\n<!-- \/ Yoast SEO Premium plugin. -->","yoast_head_json":{"title":"H\u00edrlev\u00e9l - Gyakorlati k\u00e9pz\u00e9s LMS","robots":{"index":"index","follow":"follow","max-snippet":"max-snippet:-1","max-image-preview":"max-image-preview:large","max-video-preview":"max-video-preview:-1"},"canonical":"https:\/\/praxistrainings-lms.de\/hu\/newsletter\/","og_locale":"hu_HU","og_type":"article","og_title":"Newsletter","og_description":"Newsletter Jennifer Ziegler von Praxistrainings-LMS Werden Sie Teil der Praxistrainings-LMS Community und abonnieren Sie unsere Info-Mail:\u00a0 Damit erhalten Sie Informationen zum Thema Lebensmittelsicherheit, Gesetze,\u00a0Schulungen und Aktionen. \u00dcber uns","og_url":"https:\/\/praxistrainings-lms.de\/hu\/newsletter\/","og_site_name":"Praxistrainings-LMS","article_publisher":"https:\/\/www.facebook.com\/jennifer.ziegler.praxistraining.lms.de","article_modified_time":"2026-03-26T14:19:50+00:00","og_image":[{"width":1772,"height":1181,"url":"https:\/\/praxistrainings-lms.de\/wp-content\/uploads\/2022\/11\/4181-37b_10x15cm.jpg","type":"image\/jpeg"}],"twitter_card":"summary_large_image","twitter_misc":{"Becs\u00fclt olvas\u00e1si id\u0151":"1 perc"},"schema":{"@context":"https:\/\/schema.org","@graph":[{"@type":"WebPage","@id":"https:\/\/praxistrainings-lms.de\/newsletter\/","url":"https:\/\/praxistrainings-lms.de\/newsletter\/","name":"H\u00edrlev\u00e9l - Gyakorlati k\u00e9pz\u00e9s LMS","isPartOf":{"@id":"https:\/\/praxistrainings-lms.de\/#website"},"primaryImageOfPage":{"@id":"https:\/\/praxistrainings-lms.de\/newsletter\/#primaryimage"},"image":{"@id":"https:\/\/praxistrainings-lms.de\/newsletter\/#primaryimage"},"thumbnailUrl":"https:\/\/praxistrainings-lms.de\/wp-content\/uploads\/2022\/11\/4181-37b_10x15cm-300x200.jpg","datePublished":"2022-11-24T10:04:44+00:00","dateModified":"2026-03-26T14:19:50+00:00","breadcrumb":{"@id":"https:\/\/praxistrainings-lms.de\/newsletter\/#breadcrumb"},"inLanguage":"hu","potentialAction":[{"@type":"ReadAction","target":["https:\/\/praxistrainings-lms.de\/newsletter\/"]}]},{"@type":"ImageObject","inLanguage":"hu","@id":"https:\/\/praxistrainings-lms.de\/newsletter\/#primaryimage","url":"https:\/\/praxistrainings-lms.de\/wp-content\/uploads\/2022\/11\/4181-37b_10x15cm-300x200.jpg","contentUrl":"https:\/\/praxistrainings-lms.de\/wp-content\/uploads\/2022\/11\/4181-37b_10x15cm-300x200.jpg"},{"@type":"BreadcrumbList","@id":"https:\/\/praxistrainings-lms.de\/newsletter\/#breadcrumb","itemListElement":[{"@type":"ListItem","position":1,"name":"Startseite","item":"https:\/\/praxistrainings-lms.de\/"},{"@type":"ListItem","position":2,"name":"Newsletter"}]},{"@type":"WebSite","@id":"https:\/\/praxistrainings-lms.de\/#website","url":"https:\/\/praxistrainings-lms.de\/","name":"Gyakorlati k\u00e9pz\u00e9s LMS","description":"K\u00e9pz\u00e9s \u00e9lelmiszeripari c\u00e9gek QM \u00e9s QS sz\u00e1m\u00e1ra","publisher":{"@id":"https:\/\/praxistrainings-lms.de\/#organization"},"potentialAction":[{"@type":"SearchAction","target":{"@type":"EntryPoint","urlTemplate":"https:\/\/praxistrainings-lms.de\/?s={search_term_string}"},"query-input":{"@type":"PropertyValueSpecification","valueRequired":true,"valueName":"search_term_string"}}],"inLanguage":"hu"},{"@type":"Organization","@id":"https:\/\/praxistrainings-lms.de\/#organization","name":"Gyakorlati k\u00e9pz\u00e9s LMS","url":"https:\/\/praxistrainings-lms.de\/","logo":{"@type":"ImageObject","inLanguage":"hu","@id":"https:\/\/praxistrainings-lms.de\/#\/schema\/logo\/image\/","url":"https:\/\/praxistrainings-lms.de\/wp-content\/uploads\/2022\/02\/WEB_LMS_Logo_Blue-e1646829814308.png","contentUrl":"https:\/\/praxistrainings-lms.de\/wp-content\/uploads\/2022\/02\/WEB_LMS_Logo_Blue-e1646829814308.png","width":286,"height":143,"caption":"Praxistrainings-LMS"},"image":{"@id":"https:\/\/praxistrainings-lms.de\/#\/schema\/logo\/image\/"},"sameAs":["https:\/\/www.facebook.com\/jennifer.ziegler.praxistraining.lms.de","https:\/\/www.linkedin.com\/in\/jennifer-ziegler-sichere-lm\/","https:\/\/www.youtube.com\/channel\/UCQ1DGMwNQlP9uMcX_P-_gTg"]}]}},"_links":{"self":[{"href":"https:\/\/praxistrainings-lms.de\/hu\/wp-json\/wp\/v2\/pages\/37559","targetHints":{"allow":["GET"]}}],"collection":[{"href":"https:\/\/praxistrainings-lms.de\/hu\/wp-json\/wp\/v2\/pages"}],"about":[{"href":"https:\/\/praxistrainings-lms.de\/hu\/wp-json\/wp\/v2\/types\/page"}],"author":[{"embeddable":true,"href":"https:\/\/praxistrainings-lms.de\/hu\/wp-json\/wp\/v2\/users\/1"}],"replies":[{"embeddable":true,"href":"https:\/\/praxistrainings-lms.de\/hu\/wp-json\/wp\/v2\/comments?post=37559"}],"version-history":[{"count":10,"href":"https:\/\/praxistrainings-lms.de\/hu\/wp-json\/wp\/v2\/pages\/37559\/revisions"}],"predecessor-version":[{"id":76785,"href":"https:\/\/praxistrainings-lms.de\/hu\/wp-json\/wp\/v2\/pages\/37559\/revisions\/76785"}],"wp:attachment":[{"href":"https:\/\/praxistrainings-lms.de\/hu\/wp-json\/wp\/v2\/media?parent=37559"}],"curies":[{"name":"munkaf\u00fczet","href":"https:\/\/api.w.org\/{rel}","templated":true}]}}