{"id":43189,"date":"2023-08-03T14:20:51","date_gmt":"2023-08-03T12:20:51","guid":{"rendered":"https:\/\/praxistrainings-lms.de\/?page_id=43189"},"modified":"2025-09-10T21:32:43","modified_gmt":"2025-09-10T19:32:43","slug":"anfrage-in-house-schulung-bei-praxistrainings-lms","status":"publish","type":"page","link":"https:\/\/praxistrainings-lms.de\/pl\/anfrage-in-house-schulung-bei-praxistrainings-lms\/","title":{"rendered":"Zapytanie: Szkolenie wewn\u0119trzne w Praxistraining-LMS"},"content":{"rendered":"<div data-elementor-type=\"wp-page\" data-elementor-id=\"43189\" class=\"elementor elementor-43189\" data-elementor-post-type=\"page\">\n\t\t\t\t\t\t<section class=\"elementor-section elementor-top-section elementor-element elementor-element-a6090ab elementor-section-boxed elementor-section-height-default elementor-section-height-default\" data-id=\"a6090ab\" data-element_type=\"section\" data-e-type=\"section\" data-settings=\"{&quot;background_background&quot;:&quot;classic&quot;}\">\n\t\t\t\t\t\t<div class=\"elementor-container elementor-column-gap-default\">\n\t\t\t\t\t<div class=\"elementor-column elementor-col-100 elementor-top-column elementor-element elementor-element-769c814\" data-id=\"769c814\" data-element_type=\"column\" data-e-type=\"column\">\n\t\t\t<div class=\"elementor-widget-wrap elementor-element-populated\">\n\t\t\t\t\t\t<div class=\"elementor-element elementor-element-b6efa4c elementor-widget elementor-widget-heading\" data-id=\"b6efa4c\" data-element_type=\"widget\" data-e-type=\"widget\" data-widget_type=\"heading.default\">\n\t\t\t\t<div class=\"elementor-widget-container\">\n\t\t\t\t\t<h1 class=\"elementor-heading-title elementor-size-default\">Zapytanie ofertowe: Szkolenia wewn\u0119trzne <\/h1>\t\t\t\t<\/div>\n\t\t\t\t<\/div>\n\t\t\t\t\t<\/div>\n\t\t<\/div>\n\t\t\t\t\t<\/div>\n\t\t<\/section>\n\t\t\t\t<section class=\"elementor-section elementor-top-section elementor-element elementor-element-3b98819 elementor-section-boxed elementor-section-height-default elementor-section-height-default\" data-id=\"3b98819\" data-element_type=\"section\" data-e-type=\"section\" data-settings=\"{&quot;background_background&quot;:&quot;classic&quot;}\">\n\t\t\t\t\t\t<div class=\"elementor-container elementor-column-gap-default\">\n\t\t\t\t\t<div class=\"elementor-column elementor-col-50 elementor-top-column elementor-element elementor-element-cc3adb6\" data-id=\"cc3adb6\" data-element_type=\"column\" data-e-type=\"column\">\n\t\t\t<div class=\"elementor-widget-wrap elementor-element-populated\">\n\t\t\t\t\t\t<div class=\"elementor-element elementor-element-beca469 elementor-widget elementor-widget-image\" data-id=\"beca469\" data-element_type=\"widget\" data-e-type=\"widget\" data-widget_type=\"image.default\">\n\t\t\t\t<div class=\"elementor-widget-container\">\n\t\t\t\t\t\t\t\t\t\t\t\t\t\t\t<img decoding=\"async\" src=\"https:\/\/praxistrainings-lms.de\/wp-content\/uploads\/elementor\/thumbs\/4181-11b_10x15cm-e1667478729454-r33jytxgp7tazt9mz0dv5ij5w7nl3fke8k4kdzgzi0.jpg\" title=\"4181-11b_10x15cm\" alt=\"Jennifer Ziegler \u2013 neutralna\" loading=\"lazy\" \/>\t\t\t\t\t\t\t\t\t\t\t\t\t\t\t<\/div>\n\t\t\t\t<\/div>\n\t\t\t\t\t<\/div>\n\t\t<\/div>\n\t\t\t\t<div class=\"elementor-column elementor-col-50 elementor-top-column elementor-element elementor-element-d9374b5\" data-id=\"d9374b5\" data-element_type=\"column\" data-e-type=\"column\">\n\t\t\t<div class=\"elementor-widget-wrap elementor-element-populated\">\n\t\t\t\t\t\t<div class=\"elementor-element elementor-element-58085c7 elementor-widget elementor-widget-text-editor\" data-id=\"58085c7\" data-element_type=\"widget\" data-e-type=\"widget\" data-widget_type=\"text-editor.default\">\n\t\t\t\t<div class=\"elementor-widget-container\">\n\t\t\t\t\t\t\t\t\t<p><iframe style=\"display: none;\" src=\"chrome-extension:\/\/ddafdejlekcmnafgnbllcfkebabhabcl\/html\/tpc.html\"><\/iframe><\/p><p>Czekamy na Twoj\u0105 pro\u015bb\u0119 o szkolenie wewn\u0119trzne. Prosz\u0119 wype\u0142ni\u0107 za\u0142\u0105czony formularz. Skontaktujemy si\u0119 z Tob\u0105 w ci\u0105gu najbli\u017cszych 24 godzin.<br \/>Je\u015bli masz jakiekolwiek pytania dotycz\u0105ce naszych szkole\u0144, mo\u017cesz r\u00f3wnie\u017c skontaktowa\u0107 si\u0119 z nami osobi\u015bcie pod adresem <a style=\"font-style: inherit; font-weight: inherit;\" href=\"mailto:info@praxistrainings-lms.de\">info@praxistrainings-lms.de<\/a>\u00a0lub pod <a href=\"tel:004951527800574\" target=\"_blank\" rel=\"noopener\">+4951527800574<\/a>\u00a0(w dni powszednie, 09:00-15:00).<\/p><p><iframe style=\"display: none;\" src=\"chrome-extension:\/\/ddafdejlekcmnafgnbllcfkebabhabcl\/html\/tpc.html\"><\/iframe><\/p><p><iframe id=\"zShareTpcCheck\" style=\"display: none;\" src=\"chrome-extension:\/\/ddafdejlekcmnafgnbllcfkebabhabcl\/html\/tpc.html\"><\/iframe><span id=\"zoho_button_ext\" style=\"display: none; position: absolute; z-index: 99999999; width: 80px; height: 31px; background-image: url('chrome-extension:\/\/ddafdejlekcmnafgnbllcfkebabhabcl\/images\/zshare.png'); background-size: 80px 31px; opacity: 0.9; cursor: pointer; top: 0px; left: 0px;\"><\/span><\/p><p><iframe id=\"zShareTpcCheck\" style=\"display: none;\" src=\"chrome-extension:\/\/ddafdejlekcmnafgnbllcfkebabhabcl\/html\/tpc.html\"><\/iframe><\/p><p><iframe id=\"zShareTpcCheck\" style=\"display: none;\" src=\"chrome-extension:\/\/ddafdejlekcmnafgnbllcfkebabhabcl\/html\/tpc.html\"><\/iframe><\/p><p><iframe id=\"zShareTpcCheck\" style=\"display: none;\" src=\"chrome-extension:\/\/ddafdejlekcmnafgnbllcfkebabhabcl\/html\/tpc.html\"><\/iframe><\/p>\t\t\t\t\t\t\t\t<\/div>\n\t\t\t\t<\/div>\n\t\t\t\t\t<\/div>\n\t\t<\/div>\n\t\t\t\t\t<\/div>\n\t\t<\/section>\n\t\t\t\t<section class=\"elementor-section elementor-top-section elementor-element elementor-element-e8aa493 elementor-section-boxed elementor-section-height-default elementor-section-height-default\" data-id=\"e8aa493\" data-element_type=\"section\" data-e-type=\"section\" data-settings=\"{&quot;background_background&quot;:&quot;classic&quot;}\">\n\t\t\t\t\t\t<div class=\"elementor-container elementor-column-gap-default\">\n\t\t\t\t\t<div class=\"elementor-column elementor-col-100 elementor-top-column elementor-element elementor-element-60f82d1\" data-id=\"60f82d1\" data-element_type=\"column\" data-e-type=\"column\">\n\t\t\t<div class=\"elementor-widget-wrap elementor-element-populated\">\n\t\t\t\t\t\t<div class=\"elementor-element elementor-element-1a76700 elementor-widget elementor-widget-shortcode\" data-id=\"1a76700\" data-element_type=\"widget\" data-e-type=\"widget\" data-widget_type=\"shortcode.default\">\n\t\t\t\t<div class=\"elementor-widget-container\">\n\t\t\t\t\t\t\t<div class=\"elementor-shortcode\"><iframe frameborder=\"0\" style=\"height:750px;width:99%;border:none;\" src='https:\/\/forms.zohopublic.eu\/praxistrainingslms\/form\/AnfrageInhouseSchulung\/formperma\/Dlgj-q_whwHdF3u-1gestPnpmVwOqzFarMFe4P_HNnM'><\/iframe><\/div>\n\t\t\t\t\t\t<\/div>\n\t\t\t\t<\/div>\n\t\t\t\t\t<\/div>\n\t\t<\/div>\n\t\t\t\t\t<\/div>\n\t\t<\/section>\n\t\t\t\t<\/div>","protected":false},"excerpt":{"rendered":"<p>Zapytanie: Szkolenie wewn\u0119trzne Czekamy na Twoj\u0105 pro\u015bb\u0119 o szkolenie wewn\u0119trzne. W tym celu wype\u0142nij za\u0142\u0105czony formularz. Skontaktujemy si\u0119 z Tob\u0105 w ci\u0105gu najbli\u017cszych 24 godzin. Je\u015bli masz jakiekolwiek pytania dotycz\u0105ce naszych szkole\u0144, skontaktuj si\u0119 z nami osobi\u015bcie pod adresem info@praxistrainings-lms.de lub pod numerem +4951527800574 (w dni powszednie, w godzinach 9:00 - 3:00 00:00).<\/p>","protected":false},"author":1,"featured_media":0,"parent":0,"menu_order":0,"comment_status":"closed","ping_status":"closed","template":"","meta":{"_acf_changed":false,"site-sidebar-layout":"no-sidebar","site-content-layout":"page-builder","ast-site-content-layout":"default","site-content-style":"default","site-sidebar-style":"default","ast-global-header-display":"","ast-banner-title-visibility":"","ast-main-header-display":"","ast-hfb-above-header-display":"","ast-hfb-below-header-display":"","ast-hfb-mobile-header-display":"","site-post-title":"disabled","ast-breadcrumbs-content":"","ast-featured-img":"disabled","footer-sml-layout":"","ast-disable-related-posts":"","theme-transparent-header-meta":"","adv-header-id-meta":"","stick-header-meta":"","header-above-stick-meta":"","header-main-stick-meta":"","header-below-stick-meta":"","astra-migrate-meta-layouts":"default","ast-page-background-enabled":"default","ast-page-background-meta":{"desktop":{"background-color":"","background-image":"","background-repeat":"repeat","background-position":"center center","background-size":"auto","background-attachment":"scroll","background-type":"","background-media":"","overlay-type":"","overlay-color":"","overlay-opacity":"","overlay-gradient":""},"tablet":{"background-color":"","background-image":"","background-repeat":"repeat","background-position":"center center","background-size":"auto","background-attachment":"scroll","background-type":"","background-media":"","overlay-type":"","overlay-color":"","overlay-opacity":"","overlay-gradient":""},"mobile":{"background-color":"","background-image":"","background-repeat":"repeat","background-position":"center center","background-size":"auto","background-attachment":"scroll","background-type":"","background-media":"","overlay-type":"","overlay-color":"","overlay-opacity":"","overlay-gradient":""}},"ast-content-background-meta":{"desktop":{"background-color":"var(--ast-global-color-5)","background-image":"","background-repeat":"repeat","background-position":"center center","background-size":"auto","background-attachment":"scroll","background-type":"","background-media":"","overlay-type":"","overlay-color":"","overlay-opacity":"","overlay-gradient":""},"tablet":{"background-color":"var(--ast-global-color-5)","background-image":"","background-repeat":"repeat","background-position":"center center","background-size":"auto","background-attachment":"scroll","background-type":"","background-media":"","overlay-type":"","overlay-color":"","overlay-opacity":"","overlay-gradient":""},"mobile":{"background-color":"var(--ast-global-color-5)","background-image":"","background-repeat":"repeat","background-position":"center center","background-size":"auto","background-attachment":"scroll","background-type":"","background-media":"","overlay-type":"","overlay-color":"","overlay-opacity":"","overlay-gradient":""}},"footnotes":""},"class_list":["post-43189","page","type-page","status-publish","hentry"],"acf":[],"yoast_head":"<!-- This site is optimized with the Yoast SEO Premium plugin v27.4 (Yoast SEO v27.4) - https:\/\/yoast.com\/product\/yoast-seo-premium-wordpress\/ -->\n<title>Anfrage: In-house Schulung bei Praxistrainings-LMS - Praxistrainings-LMS<\/title>\n<meta name=\"robots\" content=\"index, follow, max-snippet:-1, max-image-preview:large, max-video-preview:-1\" \/>\n<link rel=\"canonical\" href=\"https:\/\/praxistrainings-lms.de\/pl\/anfrage-in-house-schulung-bei-praxistrainings-lms\/\" \/>\n<meta property=\"og:locale\" content=\"pl_PL\" \/>\n<meta property=\"og:type\" content=\"article\" \/>\n<meta property=\"og:title\" content=\"Anfrage: In-house Schulung bei Praxistrainings-LMS\" \/>\n<meta property=\"og:description\" content=\"Anfrage: In-house Schulung Wir freuen uns \u00fcber Ihre Anfrage f\u00fcr eine in-house Schulung. F\u00fcllen Sie daf\u00fcr das angeh\u00e4ngte Formular aus. Wir melden uns innerhalb der n\u00e4chsten 24 Stunden bei Ihnen.Bei Fragen zu unseren Schulungen erreichen Sie uns gerne auch pers\u00f6nlich unter info@praxistrainings-lms.de\u00a0oder unter +4951527800574\u00a0(werktags, 09:00-15:00).\" \/>\n<meta property=\"og:url\" content=\"https:\/\/praxistrainings-lms.de\/pl\/anfrage-in-house-schulung-bei-praxistrainings-lms\/\" \/>\n<meta property=\"og:site_name\" content=\"Praxistrainings-LMS\" \/>\n<meta property=\"article:publisher\" content=\"https:\/\/www.facebook.com\/jennifer.ziegler.praxistraining.lms.de\" \/>\n<meta property=\"article:modified_time\" content=\"2025-09-10T19:32:43+00:00\" \/>\n<meta property=\"og:image\" content=\"https:\/\/praxistrainings-lms.de\/wp-content\/uploads\/elementor\/thumbs\/4181-11b_10x15cm-e1667478729454-r33jytxgp7tazt9mz0dv5ij5w7nl3fke8k4kdzgzi0.jpg\" \/>\n<meta name=\"twitter:card\" content=\"summary_large_image\" \/>\n<meta name=\"twitter:label1\" content=\"Szacowany czas czytania\" \/>\n\t<meta name=\"twitter:data1\" content=\"1 minuta\" \/>\n<script type=\"application\/ld+json\" class=\"yoast-schema-graph\">{\"@context\":\"https:\\\/\\\/schema.org\",\"@graph\":[{\"@type\":\"WebPage\",\"@id\":\"https:\\\/\\\/praxistrainings-lms.de\\\/anfrage-in-house-schulung-bei-praxistrainings-lms\\\/\",\"url\":\"https:\\\/\\\/praxistrainings-lms.de\\\/anfrage-in-house-schulung-bei-praxistrainings-lms\\\/\",\"name\":\"Anfrage: In-house Schulung bei Praxistrainings-LMS - Praxistrainings-LMS\",\"isPartOf\":{\"@id\":\"https:\\\/\\\/praxistrainings-lms.de\\\/#website\"},\"primaryImageOfPage\":{\"@id\":\"https:\\\/\\\/praxistrainings-lms.de\\\/anfrage-in-house-schulung-bei-praxistrainings-lms\\\/#primaryimage\"},\"image\":{\"@id\":\"https:\\\/\\\/praxistrainings-lms.de\\\/anfrage-in-house-schulung-bei-praxistrainings-lms\\\/#primaryimage\"},\"thumbnailUrl\":\"https:\\\/\\\/praxistrainings-lms.de\\\/wp-content\\\/uploads\\\/elementor\\\/thumbs\\\/4181-11b_10x15cm-e1667478729454-r33jytxgp7tazt9mz0dv5ij5w7nl3fke8k4kdzgzi0.jpg\",\"datePublished\":\"2023-08-03T12:20:51+00:00\",\"dateModified\":\"2025-09-10T19:32:43+00:00\",\"breadcrumb\":{\"@id\":\"https:\\\/\\\/praxistrainings-lms.de\\\/anfrage-in-house-schulung-bei-praxistrainings-lms\\\/#breadcrumb\"},\"inLanguage\":\"pl-PL\",\"potentialAction\":[{\"@type\":\"ReadAction\",\"target\":[\"https:\\\/\\\/praxistrainings-lms.de\\\/anfrage-in-house-schulung-bei-praxistrainings-lms\\\/\"]}]},{\"@type\":\"ImageObject\",\"inLanguage\":\"pl-PL\",\"@id\":\"https:\\\/\\\/praxistrainings-lms.de\\\/anfrage-in-house-schulung-bei-praxistrainings-lms\\\/#primaryimage\",\"url\":\"https:\\\/\\\/praxistrainings-lms.de\\\/wp-content\\\/uploads\\\/elementor\\\/thumbs\\\/4181-11b_10x15cm-e1667478729454-r33jytxgp7tazt9mz0dv5ij5w7nl3fke8k4kdzgzi0.jpg\",\"contentUrl\":\"https:\\\/\\\/praxistrainings-lms.de\\\/wp-content\\\/uploads\\\/elementor\\\/thumbs\\\/4181-11b_10x15cm-e1667478729454-r33jytxgp7tazt9mz0dv5ij5w7nl3fke8k4kdzgzi0.jpg\"},{\"@type\":\"BreadcrumbList\",\"@id\":\"https:\\\/\\\/praxistrainings-lms.de\\\/anfrage-in-house-schulung-bei-praxistrainings-lms\\\/#breadcrumb\",\"itemListElement\":[{\"@type\":\"ListItem\",\"position\":1,\"name\":\"Startseite\",\"item\":\"https:\\\/\\\/praxistrainings-lms.de\\\/\"},{\"@type\":\"ListItem\",\"position\":2,\"name\":\"Anfrage: In-house Schulung bei Praxistrainings-LMS\"}]},{\"@type\":\"WebSite\",\"@id\":\"https:\\\/\\\/praxistrainings-lms.de\\\/#website\",\"url\":\"https:\\\/\\\/praxistrainings-lms.de\\\/\",\"name\":\"Praxistrainings-LMS\",\"description\":\"Schulungen f\u00fcr QM &amp; QS von Lebensmittel-Unternehmen\",\"publisher\":{\"@id\":\"https:\\\/\\\/praxistrainings-lms.de\\\/#organization\"},\"potentialAction\":[{\"@type\":\"SearchAction\",\"target\":{\"@type\":\"EntryPoint\",\"urlTemplate\":\"https:\\\/\\\/praxistrainings-lms.de\\\/?s={search_term_string}\"},\"query-input\":{\"@type\":\"PropertyValueSpecification\",\"valueRequired\":true,\"valueName\":\"search_term_string\"}}],\"inLanguage\":\"pl-PL\"},{\"@type\":\"Organization\",\"@id\":\"https:\\\/\\\/praxistrainings-lms.de\\\/#organization\",\"name\":\"Praxistrainings-LMS\",\"url\":\"https:\\\/\\\/praxistrainings-lms.de\\\/\",\"logo\":{\"@type\":\"ImageObject\",\"inLanguage\":\"pl-PL\",\"@id\":\"https:\\\/\\\/praxistrainings-lms.de\\\/#\\\/schema\\\/logo\\\/image\\\/\",\"url\":\"https:\\\/\\\/praxistrainings-lms.de\\\/wp-content\\\/uploads\\\/2022\\\/02\\\/WEB_LMS_Logo_Blue-e1646829814308.png\",\"contentUrl\":\"https:\\\/\\\/praxistrainings-lms.de\\\/wp-content\\\/uploads\\\/2022\\\/02\\\/WEB_LMS_Logo_Blue-e1646829814308.png\",\"width\":286,\"height\":143,\"caption\":\"Praxistrainings-LMS\"},\"image\":{\"@id\":\"https:\\\/\\\/praxistrainings-lms.de\\\/#\\\/schema\\\/logo\\\/image\\\/\"},\"sameAs\":[\"https:\\\/\\\/www.facebook.com\\\/jennifer.ziegler.praxistraining.lms.de\",\"https:\\\/\\\/www.linkedin.com\\\/in\\\/jennifer-ziegler-sichere-lm\\\/\",\"https:\\\/\\\/www.youtube.com\\\/channel\\\/UCQ1DGMwNQlP9uMcX_P-_gTg\"]}]}<\/script>\n<!-- \/ Yoast SEO Premium plugin. -->","yoast_head_json":{"title":"Zapytanie ofertowe: Szkolenie wewn\u0119trzne w Praxistrainings-LMS - Praxistrainings-LMS","robots":{"index":"index","follow":"follow","max-snippet":"max-snippet:-1","max-image-preview":"max-image-preview:large","max-video-preview":"max-video-preview:-1"},"canonical":"https:\/\/praxistrainings-lms.de\/pl\/anfrage-in-house-schulung-bei-praxistrainings-lms\/","og_locale":"pl_PL","og_type":"article","og_title":"Anfrage: In-house Schulung bei Praxistrainings-LMS","og_description":"Anfrage: In-house Schulung Wir freuen uns \u00fcber Ihre Anfrage f\u00fcr eine in-house Schulung. F\u00fcllen Sie daf\u00fcr das angeh\u00e4ngte Formular aus. Wir melden uns innerhalb der n\u00e4chsten 24 Stunden bei Ihnen.Bei Fragen zu unseren Schulungen erreichen Sie uns gerne auch pers\u00f6nlich unter info@praxistrainings-lms.de\u00a0oder unter +4951527800574\u00a0(werktags, 09:00-15:00).","og_url":"https:\/\/praxistrainings-lms.de\/pl\/anfrage-in-house-schulung-bei-praxistrainings-lms\/","og_site_name":"Praxistrainings-LMS","article_publisher":"https:\/\/www.facebook.com\/jennifer.ziegler.praxistraining.lms.de","article_modified_time":"2025-09-10T19:32:43+00:00","og_image":[{"url":"https:\/\/praxistrainings-lms.de\/wp-content\/uploads\/elementor\/thumbs\/4181-11b_10x15cm-e1667478729454-r33jytxgp7tazt9mz0dv5ij5w7nl3fke8k4kdzgzi0.jpg","type":"","width":"","height":""}],"twitter_card":"summary_large_image","twitter_misc":{"Szacowany czas czytania":"1 minuta"},"schema":{"@context":"https:\/\/schema.org","@graph":[{"@type":"WebPage","@id":"https:\/\/praxistrainings-lms.de\/anfrage-in-house-schulung-bei-praxistrainings-lms\/","url":"https:\/\/praxistrainings-lms.de\/anfrage-in-house-schulung-bei-praxistrainings-lms\/","name":"Zapytanie ofertowe: Szkolenie wewn\u0119trzne w Praxistrainings-LMS - Praxistrainings-LMS","isPartOf":{"@id":"https:\/\/praxistrainings-lms.de\/#website"},"primaryImageOfPage":{"@id":"https:\/\/praxistrainings-lms.de\/anfrage-in-house-schulung-bei-praxistrainings-lms\/#primaryimage"},"image":{"@id":"https:\/\/praxistrainings-lms.de\/anfrage-in-house-schulung-bei-praxistrainings-lms\/#primaryimage"},"thumbnailUrl":"https:\/\/praxistrainings-lms.de\/wp-content\/uploads\/elementor\/thumbs\/4181-11b_10x15cm-e1667478729454-r33jytxgp7tazt9mz0dv5ij5w7nl3fke8k4kdzgzi0.jpg","datePublished":"2023-08-03T12:20:51+00:00","dateModified":"2025-09-10T19:32:43+00:00","breadcrumb":{"@id":"https:\/\/praxistrainings-lms.de\/anfrage-in-house-schulung-bei-praxistrainings-lms\/#breadcrumb"},"inLanguage":"pl-PL","potentialAction":[{"@type":"ReadAction","target":["https:\/\/praxistrainings-lms.de\/anfrage-in-house-schulung-bei-praxistrainings-lms\/"]}]},{"@type":"ImageObject","inLanguage":"pl-PL","@id":"https:\/\/praxistrainings-lms.de\/anfrage-in-house-schulung-bei-praxistrainings-lms\/#primaryimage","url":"https:\/\/praxistrainings-lms.de\/wp-content\/uploads\/elementor\/thumbs\/4181-11b_10x15cm-e1667478729454-r33jytxgp7tazt9mz0dv5ij5w7nl3fke8k4kdzgzi0.jpg","contentUrl":"https:\/\/praxistrainings-lms.de\/wp-content\/uploads\/elementor\/thumbs\/4181-11b_10x15cm-e1667478729454-r33jytxgp7tazt9mz0dv5ij5w7nl3fke8k4kdzgzi0.jpg"},{"@type":"BreadcrumbList","@id":"https:\/\/praxistrainings-lms.de\/anfrage-in-house-schulung-bei-praxistrainings-lms\/#breadcrumb","itemListElement":[{"@type":"ListItem","position":1,"name":"Startseite","item":"https:\/\/praxistrainings-lms.de\/"},{"@type":"ListItem","position":2,"name":"Anfrage: In-house Schulung bei Praxistrainings-LMS"}]},{"@type":"WebSite","@id":"https:\/\/praxistrainings-lms.de\/#website","url":"https:\/\/praxistrainings-lms.de\/","name":"Trening treningowy LMS","description":"Szkolenia z zakresu QM i QS firm spo\u017cywczych","publisher":{"@id":"https:\/\/praxistrainings-lms.de\/#organization"},"potentialAction":[{"@type":"SearchAction","target":{"@type":"EntryPoint","urlTemplate":"https:\/\/praxistrainings-lms.de\/?s={search_term_string}"},"query-input":{"@type":"PropertyValueSpecification","valueRequired":true,"valueName":"search_term_string"}}],"inLanguage":"pl-PL"},{"@type":"Organization","@id":"https:\/\/praxistrainings-lms.de\/#organization","name":"Trening treningowy LMS","url":"https:\/\/praxistrainings-lms.de\/","logo":{"@type":"ImageObject","inLanguage":"pl-PL","@id":"https:\/\/praxistrainings-lms.de\/#\/schema\/logo\/image\/","url":"https:\/\/praxistrainings-lms.de\/wp-content\/uploads\/2022\/02\/WEB_LMS_Logo_Blue-e1646829814308.png","contentUrl":"https:\/\/praxistrainings-lms.de\/wp-content\/uploads\/2022\/02\/WEB_LMS_Logo_Blue-e1646829814308.png","width":286,"height":143,"caption":"Praxistrainings-LMS"},"image":{"@id":"https:\/\/praxistrainings-lms.de\/#\/schema\/logo\/image\/"},"sameAs":["https:\/\/www.facebook.com\/jennifer.ziegler.praxistraining.lms.de","https:\/\/www.linkedin.com\/in\/jennifer-ziegler-sichere-lm\/","https:\/\/www.youtube.com\/channel\/UCQ1DGMwNQlP9uMcX_P-_gTg"]}]}},"_links":{"self":[{"href":"https:\/\/praxistrainings-lms.de\/pl\/wp-json\/wp\/v2\/pages\/43189","targetHints":{"allow":["GET"]}}],"collection":[{"href":"https:\/\/praxistrainings-lms.de\/pl\/wp-json\/wp\/v2\/pages"}],"about":[{"href":"https:\/\/praxistrainings-lms.de\/pl\/wp-json\/wp\/v2\/types\/page"}],"author":[{"embeddable":true,"href":"https:\/\/praxistrainings-lms.de\/pl\/wp-json\/wp\/v2\/users\/1"}],"replies":[{"embeddable":true,"href":"https:\/\/praxistrainings-lms.de\/pl\/wp-json\/wp\/v2\/comments?post=43189"}],"version-history":[{"count":5,"href":"https:\/\/praxistrainings-lms.de\/pl\/wp-json\/wp\/v2\/pages\/43189\/revisions"}],"predecessor-version":[{"id":70555,"href":"https:\/\/praxistrainings-lms.de\/pl\/wp-json\/wp\/v2\/pages\/43189\/revisions\/70555"}],"wp:attachment":[{"href":"https:\/\/praxistrainings-lms.de\/pl\/wp-json\/wp\/v2\/media?parent=43189"}],"curies":[{"name":"wp","href":"https:\/\/api.w.org\/{rel}","templated":true}]}}