{"id":73515,"date":"2025-12-17T18:52:26","date_gmt":"2025-12-17T17:52:26","guid":{"rendered":"https:\/\/praxistrainings-lms.de\/?page_id=73515"},"modified":"2025-12-17T19:45:22","modified_gmt":"2025-12-17T18:45:22","slug":"bestaetigung-lmsk-praxis-webinar","status":"publish","type":"page","link":"https:\/\/praxistrainings-lms.de\/ro\/bestaetigung-lmsk-praxis-webinar\/","title":{"rendered":"Webinar de confirmare: Cultura siguran\u021bei alimentare \u00een practic\u0103"},"content":{"rendered":"<div data-elementor-type=\"wp-page\" data-elementor-id=\"73515\" class=\"elementor elementor-73515\" data-elementor-post-type=\"page\">\n\t\t\t\t\t\t<section class=\"elementor-section elementor-top-section elementor-element elementor-element-108d6f3 elementor-section-boxed elementor-section-height-default elementor-section-height-default\" data-id=\"108d6f3\" data-element_type=\"section\" data-e-type=\"section\">\n\t\t\t\t\t\t<div class=\"elementor-container elementor-column-gap-default\">\n\t\t\t\t\t<div class=\"elementor-column elementor-col-100 elementor-top-column elementor-element elementor-element-1ff82b9\" data-id=\"1ff82b9\" data-element_type=\"column\" data-e-type=\"column\">\n\t\t\t<div class=\"elementor-widget-wrap elementor-element-populated\">\n\t\t\t\t\t\t<section class=\"elementor-section elementor-inner-section elementor-element elementor-element-5209f91 elementor-hidden-phone elementor-section-boxed elementor-section-height-default elementor-section-height-default\" data-id=\"5209f91\" data-element_type=\"section\" data-e-type=\"section\">\n\t\t\t\t\t\t<div class=\"elementor-container elementor-column-gap-default\">\n\t\t\t\t\t<div class=\"elementor-column elementor-col-50 elementor-inner-column elementor-element elementor-element-db3aba0\" data-id=\"db3aba0\" data-element_type=\"column\" data-e-type=\"column\">\n\t\t\t<div class=\"elementor-widget-wrap elementor-element-populated\">\n\t\t\t\t\t\t<div class=\"elementor-element elementor-element-d901b0a elementor-widget elementor-widget-text-editor\" data-id=\"d901b0a\" data-element_type=\"widget\" data-e-type=\"widget\" data-widget_type=\"text-editor.default\">\n\t\t\t\t<div class=\"elementor-widget-container\">\n\t\t\t\t\t\t\t\t\t<p>Practica de formare LMS<br \/><span style=\"font-weight: normal;\">M\u00e2ncare sigur\u0103 - cu antrenament de la formarea practic\u0103 LMS<\/span><\/p>\t\t\t\t\t\t\t\t<\/div>\n\t\t\t\t<\/div>\n\t\t\t\t\t<\/div>\n\t\t<\/div>\n\t\t\t\t<div class=\"elementor-column elementor-col-50 elementor-inner-column elementor-element elementor-element-bd54f17\" data-id=\"bd54f17\" data-element_type=\"column\" data-e-type=\"column\">\n\t\t\t<div class=\"elementor-widget-wrap elementor-element-populated\">\n\t\t\t\t\t\t<div class=\"elementor-element elementor-element-000116c elementor-widget elementor-widget-image\" data-id=\"000116c\" data-element_type=\"widget\" data-e-type=\"widget\" data-widget_type=\"image.default\">\n\t\t\t\t<div class=\"elementor-widget-container\">\n\t\t\t\t\t\t\t\t\t\t\t\t\t\t\t<img loading=\"lazy\" decoding=\"async\" width=\"275\" height=\"134\" src=\"https:\/\/praxistrainings-lms.de\/wp-content\/uploads\/2023\/06\/WEB_LMS_Logo_Blue-klein.png\" class=\"attachment-medium_large size-medium_large wp-image-42650\" alt=\"Formare practic\u0103 logo-ul LMS\" srcset=\"https:\/\/praxistrainings-lms.de\/wp-content\/uploads\/2023\/06\/WEB_LMS_Logo_Blue-klein.png 275w, https:\/\/praxistrainings-lms.de\/wp-content\/uploads\/2023\/06\/WEB_LMS_Logo_Blue-klein-18x9.png 18w\" sizes=\"auto, (max-width: 275px) 100vw, 275px\" \/>\t\t\t\t\t\t\t\t\t\t\t\t\t\t\t<\/div>\n\t\t\t\t<\/div>\n\t\t\t\t\t<\/div>\n\t\t<\/div>\n\t\t\t\t\t<\/div>\n\t\t<\/section>\n\t\t\t\t\t<\/div>\n\t\t<\/div>\n\t\t\t\t\t<\/div>\n\t\t<\/section>\n\t\t\t\t<section class=\"elementor-section elementor-top-section elementor-element elementor-element-2a6f921 elementor-section-boxed elementor-section-height-default elementor-section-height-default\" data-id=\"2a6f921\" data-element_type=\"section\" data-e-type=\"section\">\n\t\t\t\t\t\t<div class=\"elementor-container elementor-column-gap-default\">\n\t\t\t\t\t<div class=\"elementor-column elementor-col-100 elementor-top-column elementor-element elementor-element-2e58385\" data-id=\"2e58385\" data-element_type=\"column\" data-e-type=\"column\">\n\t\t\t<div class=\"elementor-widget-wrap elementor-element-populated\">\n\t\t\t\t\t\t<section class=\"elementor-section elementor-inner-section elementor-element elementor-element-6327075 elementor-section-boxed elementor-section-height-default elementor-section-height-default\" data-id=\"6327075\" data-element_type=\"section\" data-e-type=\"section\" data-settings=\"{&quot;background_background&quot;:&quot;classic&quot;}\">\n\t\t\t\t\t\t\t<div class=\"elementor-background-overlay\"><\/div>\n\t\t\t\t\t\t\t<div class=\"elementor-container elementor-column-gap-default\">\n\t\t\t\t\t<div class=\"elementor-column elementor-col-100 elementor-inner-column elementor-element elementor-element-a90f89d\" data-id=\"a90f89d\" data-element_type=\"column\" data-e-type=\"column\">\n\t\t\t<div class=\"elementor-widget-wrap elementor-element-populated\">\n\t\t\t\t\t\t<div class=\"elementor-element elementor-element-caf4320 elementor-widget elementor-widget-heading\" data-id=\"caf4320\" data-element_type=\"widget\" data-e-type=\"widget\" data-widget_type=\"heading.default\">\n\t\t\t\t<div class=\"elementor-widget-container\">\n\t\t\t\t\t<h2 class=\"elementor-heading-title elementor-size-large\">V\u0103 mul\u021bumim pentru \u00eenregistrarea la webinar<\/h2>\t\t\t\t<\/div>\n\t\t\t\t<\/div>\n\t\t\t\t<div class=\"elementor-element elementor-element-a3e1ad8 elementor-widget elementor-widget-heading\" data-id=\"a3e1ad8\" data-element_type=\"widget\" data-e-type=\"widget\" data-widget_type=\"heading.default\">\n\t\t\t\t<div class=\"elementor-widget-container\">\n\t\t\t\t\t<h2 class=\"elementor-heading-title elementor-size-default\">Cultura siguran\u021bei alimentare \u00een practic\u0103<\/h2>\t\t\t\t<\/div>\n\t\t\t\t<\/div>\n\t\t\t\t<div class=\"elementor-element elementor-element-4528685 elementor-widget elementor-widget-text-editor\" data-id=\"4528685\" data-element_type=\"widget\" data-e-type=\"widget\" data-widget_type=\"text-editor.default\">\n\t\t\t\t<div class=\"elementor-widget-container\">\n\t\t\t\t\t\t\t\t\t<h3><strong><span style=\"color: #ffffff;\">Iat\u0103 cum se practic\u0103 cultura siguran\u021bei alimentare \u00een companii: exemple practice de la Lieken \u0219i Frosta<\/span><\/strong><\/h3>\t\t\t\t\t\t\t\t<\/div>\n\t\t\t\t<\/div>\n\t\t\t\t\t<\/div>\n\t\t<\/div>\n\t\t\t\t\t<\/div>\n\t\t<\/section>\n\t\t\t\t\t<\/div>\n\t\t<\/div>\n\t\t\t\t\t<\/div>\n\t\t<\/section>\n\t\t\t\t<section class=\"elementor-section elementor-top-section elementor-element elementor-element-f7a4430 elementor-section-boxed elementor-section-height-default elementor-section-height-default\" data-id=\"f7a4430\" data-element_type=\"section\" data-e-type=\"section\">\n\t\t\t\t\t\t<div class=\"elementor-container elementor-column-gap-default\">\n\t\t\t\t\t<div class=\"elementor-column elementor-col-100 elementor-top-column elementor-element elementor-element-b52d616\" data-id=\"b52d616\" data-element_type=\"column\" data-e-type=\"column\">\n\t\t\t<div class=\"elementor-widget-wrap elementor-element-populated\">\n\t\t\t\t\t\t<div class=\"elementor-element elementor-element-79eb5f8 elementor-widget elementor-widget-heading\" data-id=\"79eb5f8\" data-element_type=\"widget\" data-e-type=\"widget\" data-widget_type=\"heading.default\">\n\t\t\t\t<div class=\"elementor-widget-container\">\n\t\t\t\t\t<h2 class=\"elementor-heading-title elementor-size-default\">Pasul 1: Accesa\u021bi datele<\/h2>\t\t\t\t<\/div>\n\t\t\t\t<\/div>\n\t\t\t\t<div class=\"elementor-element elementor-element-6f0eb75 elementor-widget elementor-widget-text-editor\" data-id=\"6f0eb75\" data-element_type=\"widget\" data-e-type=\"widget\" data-widget_type=\"text-editor.default\">\n\t\t\t\t<div class=\"elementor-widget-container\">\n\t\t\t\t\t\t\t\t\t<p><span style=\"color: #000000;\"><strong>Ve\u021bi primi datele dvs. personale de acces pentru webinar \u00een scurt timp prin e-mail.<\/strong><\/span><\/p>\t\t\t\t\t\t\t\t<\/div>\n\t\t\t\t<\/div>\n\t\t\t\t\t<\/div>\n\t\t<\/div>\n\t\t\t\t\t<\/div>\n\t\t<\/section>\n\t\t\t\t<section class=\"elementor-section elementor-top-section elementor-element elementor-element-c958f51 elementor-section-boxed elementor-section-height-default elementor-section-height-default\" data-id=\"c958f51\" data-element_type=\"section\" data-e-type=\"section\">\n\t\t\t\t\t\t<div class=\"elementor-container elementor-column-gap-default\">\n\t\t\t\t\t<div class=\"elementor-column elementor-col-100 elementor-top-column elementor-element elementor-element-fb23fe2\" data-id=\"fb23fe2\" data-element_type=\"column\" data-e-type=\"column\">\n\t\t\t<div class=\"elementor-widget-wrap elementor-element-populated\">\n\t\t\t\t\t\t<section class=\"elementor-section elementor-inner-section elementor-element elementor-element-6e98bec elementor-section-boxed elementor-section-height-default elementor-section-height-default\" data-id=\"6e98bec\" data-element_type=\"section\" data-e-type=\"section\" data-settings=\"{&quot;background_background&quot;:&quot;classic&quot;}\">\n\t\t\t\t\t\t<div class=\"elementor-container elementor-column-gap-default\">\n\t\t\t\t\t<div class=\"elementor-column elementor-col-100 elementor-inner-column elementor-element elementor-element-366c3b1\" data-id=\"366c3b1\" data-element_type=\"column\" data-e-type=\"column\">\n\t\t\t<div class=\"elementor-widget-wrap elementor-element-populated\">\n\t\t\t\t\t\t<div class=\"elementor-element elementor-element-8ba007a elementor-widget elementor-widget-heading\" data-id=\"8ba007a\" data-element_type=\"widget\" data-e-type=\"widget\" data-widget_type=\"heading.default\">\n\t\t\t\t<div class=\"elementor-widget-container\">\n\t\t\t\t\t<h2 class=\"elementor-heading-title elementor-size-default\">Pasul 2: Completa\u021bi formularul<\/h2>\t\t\t\t<\/div>\n\t\t\t\t<\/div>\n\t\t\t\t<div class=\"elementor-element elementor-element-3f49050 elementor-widget elementor-widget-text-editor\" data-id=\"3f49050\" data-element_type=\"widget\" data-e-type=\"widget\" data-widget_type=\"text-editor.default\">\n\t\t\t\t<div class=\"elementor-widget-container\">\n\t\t\t\t\t\t\t\t\t<p><span style=\"color: #000000;\"><strong>V\u0103 rug\u0103m s\u0103 introduce\u021bi datele dumneavoastr\u0103 pentru a v\u0103 putea contacta \u0219i a v\u0103 trimite informa\u021biile de acces.&nbsp;<\/strong><\/span><\/p>\t\t\t\t\t\t\t\t<\/div>\n\t\t\t\t<\/div>\n\t\t\t\t\t<\/div>\n\t\t<\/div>\n\t\t\t\t\t<\/div>\n\t\t<\/section>\n\t\t\t\t\t<\/div>\n\t\t<\/div>\n\t\t\t\t\t<\/div>\n\t\t<\/section>\n\t\t\t\t<section class=\"elementor-section elementor-top-section elementor-element elementor-element-0811947 elementor-section-boxed elementor-section-height-default elementor-section-height-default\" data-id=\"0811947\" data-element_type=\"section\" data-e-type=\"section\">\n\t\t\t\t\t\t<div class=\"elementor-container elementor-column-gap-default\">\n\t\t\t\t\t<div class=\"elementor-column elementor-col-100 elementor-top-column elementor-element elementor-element-c39bcd0\" data-id=\"c39bcd0\" data-element_type=\"column\" data-e-type=\"column\">\n\t\t\t<div class=\"elementor-widget-wrap elementor-element-populated\">\n\t\t\t\t\t\t<div class=\"elementor-element elementor-element-ea02b92 elementor-widget elementor-widget-shortcode\" data-id=\"ea02b92\" data-element_type=\"widget\" data-e-type=\"widget\" data-widget_type=\"shortcode.default\">\n\t\t\t\t<div class=\"elementor-widget-container\">\n\t\t\t\t\t\t\t<div class=\"elementor-shortcode\"><iframe aria-label='\u00cenregistrare pentru webinar gratuit - 19.1.26_LMS-Cultur\u0103' frameborder=\"0\" style=\"height:700px;width:99%;border:none;\" src='https:\/\/forms.zohopublic.eu\/praxistrainingslms\/form\/AnmeldungkostenfreiesWebinar19126LMSKultur\/formperma\/JVUHVFOdU-tym4vovB3RZT2AvWJyYi0YCmUh0gMxlYA'><\/iframe><\/div>\n\t\t\t\t\t\t<\/div>\n\t\t\t\t<\/div>\n\t\t\t\t\t<\/div>\n\t\t<\/div>\n\t\t\t\t\t<\/div>\n\t\t<\/section>\n\t\t\t\t<\/div>","protected":false},"excerpt":{"rendered":"<p>Praxistrainings-LMSSichere Lebensmittel &#8211; mit Schulungen von Praxistrainings-LMS Vielen Dank f\u00fcr deine Anmeldung zum Webinar Lebensmittelsicherheitskultur in der Praxis So wird Lebensmittelsicherheitskultur in Unternehmen gelebt: Beispiele aus der Praxis von Lieken und Frosta Schritt 1: Zugangsdaten Deine pers\u00f6nlichen Zugangsdaten zum Webinar erh\u00e4ltst du in K\u00fcrze per E-Mail. Schritt 2: F\u00fcllen das Formular aus Bitte tragen deine [&hellip;]<\/p>\n","protected":false},"author":186,"featured_media":0,"parent":0,"menu_order":0,"comment_status":"closed","ping_status":"closed","template":"","meta":{"_acf_changed":false,"site-sidebar-layout":"no-sidebar","site-content-layout":"page-builder","ast-site-content-layout":"full-width-container","site-content-style":"default","site-sidebar-style":"default","ast-global-header-display":"","ast-banner-title-visibility":"","ast-main-header-display":"","ast-hfb-above-header-display":"","ast-hfb-below-header-display":"","ast-hfb-mobile-header-display":"","site-post-title":"disabled","ast-breadcrumbs-content":"","ast-featured-img":"disabled","footer-sml-layout":"","ast-disable-related-posts":"","theme-transparent-header-meta":"","adv-header-id-meta":"","stick-header-meta":"","header-above-stick-meta":"","header-main-stick-meta":"","header-below-stick-meta":"","astra-migrate-meta-layouts":"set","ast-page-background-enabled":"default","ast-page-background-meta":{"desktop":{"background-color":"","background-image":"","background-repeat":"repeat","background-position":"center center","background-size":"auto","background-attachment":"scroll","background-type":"","background-media":"","overlay-type":"","overlay-color":"","overlay-opacity":"","overlay-gradient":""},"tablet":{"background-color":"","background-image":"","background-repeat":"repeat","background-position":"center center","background-size":"auto","background-attachment":"scroll","background-type":"","background-media":"","overlay-type":"","overlay-color":"","overlay-opacity":"","overlay-gradient":""},"mobile":{"background-color":"","background-image":"","background-repeat":"repeat","background-position":"center center","background-size":"auto","background-attachment":"scroll","background-type":"","background-media":"","overlay-type":"","overlay-color":"","overlay-opacity":"","overlay-gradient":""}},"ast-content-background-meta":{"desktop":{"background-color":"var(--ast-global-color-5)","background-image":"","background-repeat":"repeat","background-position":"center center","background-size":"auto","background-attachment":"scroll","background-type":"","background-media":"","overlay-type":"","overlay-color":"","overlay-opacity":"","overlay-gradient":""},"tablet":{"background-color":"var(--ast-global-color-5)","background-image":"","background-repeat":"repeat","background-position":"center center","background-size":"auto","background-attachment":"scroll","background-type":"","background-media":"","overlay-type":"","overlay-color":"","overlay-opacity":"","overlay-gradient":""},"mobile":{"background-color":"var(--ast-global-color-5)","background-image":"","background-repeat":"repeat","background-position":"center center","background-size":"auto","background-attachment":"scroll","background-type":"","background-media":"","overlay-type":"","overlay-color":"","overlay-opacity":"","overlay-gradient":""}},"footnotes":""},"class_list":["post-73515","page","type-page","status-publish","hentry"],"acf":[],"yoast_head":"<!-- This site is optimized with the Yoast SEO Premium plugin v27.5 (Yoast SEO v27.5) - https:\/\/yoast.com\/product\/yoast-seo-premium-wordpress\/ -->\n<title>Best\u00e4tigung Webinar Lebensmittelsicherheitskultur in der Praxis - Praxistrainings-LMS<\/title>\n<meta name=\"description\" content=\"Best\u00e4tigung Webinar Lebensmittelsicherheitskultur in der Praxis\" \/>\n<meta name=\"robots\" content=\"index, follow, max-snippet:-1, max-image-preview:large, max-video-preview:-1\" \/>\n<link rel=\"canonical\" href=\"https:\/\/praxistrainings-lms.de\/ro\/bestaetigung-lmsk-praxis-webinar\/\" \/>\n<meta property=\"og:locale\" content=\"ro_RO\" \/>\n<meta property=\"og:type\" content=\"article\" \/>\n<meta property=\"og:title\" content=\"Best\u00e4tigung Webinar Lebensmittelsicherheitskultur in der Praxis\" \/>\n<meta property=\"og:description\" content=\"Best\u00e4tigung Webinar Lebensmittelsicherheitskultur in der Praxis\" \/>\n<meta property=\"og:url\" content=\"https:\/\/praxistrainings-lms.de\/ro\/bestaetigung-lmsk-praxis-webinar\/\" \/>\n<meta property=\"og:site_name\" content=\"Praxistrainings-LMS\" \/>\n<meta property=\"article:publisher\" content=\"https:\/\/www.facebook.com\/jennifer.ziegler.praxistraining.lms.de\" \/>\n<meta property=\"article:modified_time\" content=\"2025-12-17T18:45:22+00:00\" \/>\n<meta property=\"og:image\" content=\"https:\/\/praxistrainings-lms.de\/wp-content\/uploads\/2023\/06\/WEB_LMS_Logo_Blue-klein.png\" \/>\n\t<meta property=\"og:image:width\" content=\"275\" \/>\n\t<meta property=\"og:image:height\" content=\"134\" \/>\n\t<meta property=\"og:image:type\" content=\"image\/png\" \/>\n<meta name=\"twitter:card\" content=\"summary_large_image\" \/>\n<meta name=\"twitter:label1\" content=\"Timp estimat pentru citire\" \/>\n\t<meta name=\"twitter:data1\" content=\"1 minut\" \/>\n<script type=\"application\/ld+json\" class=\"yoast-schema-graph\">{\"@context\":\"https:\\\/\\\/schema.org\",\"@graph\":[{\"@type\":\"WebPage\",\"@id\":\"https:\\\/\\\/praxistrainings-lms.de\\\/bestaetigung-lmsk-praxis-webinar\\\/\",\"url\":\"https:\\\/\\\/praxistrainings-lms.de\\\/bestaetigung-lmsk-praxis-webinar\\\/\",\"name\":\"Best\u00e4tigung Webinar Lebensmittelsicherheitskultur in der Praxis - Praxistrainings-LMS\",\"isPartOf\":{\"@id\":\"https:\\\/\\\/praxistrainings-lms.de\\\/#website\"},\"primaryImageOfPage\":{\"@id\":\"https:\\\/\\\/praxistrainings-lms.de\\\/bestaetigung-lmsk-praxis-webinar\\\/#primaryimage\"},\"image\":{\"@id\":\"https:\\\/\\\/praxistrainings-lms.de\\\/bestaetigung-lmsk-praxis-webinar\\\/#primaryimage\"},\"thumbnailUrl\":\"https:\\\/\\\/praxistrainings-lms.de\\\/wp-content\\\/uploads\\\/2023\\\/06\\\/WEB_LMS_Logo_Blue-klein.png\",\"datePublished\":\"2025-12-17T17:52:26+00:00\",\"dateModified\":\"2025-12-17T18:45:22+00:00\",\"description\":\"Best\u00e4tigung Webinar Lebensmittelsicherheitskultur in der Praxis\",\"breadcrumb\":{\"@id\":\"https:\\\/\\\/praxistrainings-lms.de\\\/bestaetigung-lmsk-praxis-webinar\\\/#breadcrumb\"},\"inLanguage\":\"ro-RO\",\"potentialAction\":[{\"@type\":\"ReadAction\",\"target\":[\"https:\\\/\\\/praxistrainings-lms.de\\\/bestaetigung-lmsk-praxis-webinar\\\/\"]}]},{\"@type\":\"ImageObject\",\"inLanguage\":\"ro-RO\",\"@id\":\"https:\\\/\\\/praxistrainings-lms.de\\\/bestaetigung-lmsk-praxis-webinar\\\/#primaryimage\",\"url\":\"https:\\\/\\\/praxistrainings-lms.de\\\/wp-content\\\/uploads\\\/2023\\\/06\\\/WEB_LMS_Logo_Blue-klein.png\",\"contentUrl\":\"https:\\\/\\\/praxistrainings-lms.de\\\/wp-content\\\/uploads\\\/2023\\\/06\\\/WEB_LMS_Logo_Blue-klein.png\"},{\"@type\":\"BreadcrumbList\",\"@id\":\"https:\\\/\\\/praxistrainings-lms.de\\\/bestaetigung-lmsk-praxis-webinar\\\/#breadcrumb\",\"itemListElement\":[{\"@type\":\"ListItem\",\"position\":1,\"name\":\"Startseite\",\"item\":\"https:\\\/\\\/praxistrainings-lms.de\\\/\"},{\"@type\":\"ListItem\",\"position\":2,\"name\":\"Best\u00e4tigung Webinar Lebensmittelsicherheitskultur in der Praxis\"}]},{\"@type\":\"WebSite\",\"@id\":\"https:\\\/\\\/praxistrainings-lms.de\\\/#website\",\"url\":\"https:\\\/\\\/praxistrainings-lms.de\\\/\",\"name\":\"Praxistrainings-LMS\",\"description\":\"Schulungen f\u00fcr QM &amp; QS von Lebensmittel-Unternehmen\",\"publisher\":{\"@id\":\"https:\\\/\\\/praxistrainings-lms.de\\\/#organization\"},\"potentialAction\":[{\"@type\":\"SearchAction\",\"target\":{\"@type\":\"EntryPoint\",\"urlTemplate\":\"https:\\\/\\\/praxistrainings-lms.de\\\/?s={search_term_string}\"},\"query-input\":{\"@type\":\"PropertyValueSpecification\",\"valueRequired\":true,\"valueName\":\"search_term_string\"}}],\"inLanguage\":\"ro-RO\"},{\"@type\":\"Organization\",\"@id\":\"https:\\\/\\\/praxistrainings-lms.de\\\/#organization\",\"name\":\"Praxistrainings-LMS\",\"url\":\"https:\\\/\\\/praxistrainings-lms.de\\\/\",\"logo\":{\"@type\":\"ImageObject\",\"inLanguage\":\"ro-RO\",\"@id\":\"https:\\\/\\\/praxistrainings-lms.de\\\/#\\\/schema\\\/logo\\\/image\\\/\",\"url\":\"https:\\\/\\\/praxistrainings-lms.de\\\/wp-content\\\/uploads\\\/2022\\\/02\\\/WEB_LMS_Logo_Blue-e1646829814308.png\",\"contentUrl\":\"https:\\\/\\\/praxistrainings-lms.de\\\/wp-content\\\/uploads\\\/2022\\\/02\\\/WEB_LMS_Logo_Blue-e1646829814308.png\",\"width\":286,\"height\":143,\"caption\":\"Praxistrainings-LMS\"},\"image\":{\"@id\":\"https:\\\/\\\/praxistrainings-lms.de\\\/#\\\/schema\\\/logo\\\/image\\\/\"},\"sameAs\":[\"https:\\\/\\\/www.facebook.com\\\/jennifer.ziegler.praxistraining.lms.de\",\"https:\\\/\\\/www.linkedin.com\\\/in\\\/jennifer-ziegler-sichere-lm\\\/\",\"https:\\\/\\\/www.youtube.com\\\/channel\\\/UCQ1DGMwNQlP9uMcX_P-_gTg\"]}]}<\/script>\n<!-- \/ Yoast SEO Premium plugin. -->","yoast_head_json":{"title":"Webinar de confirmare Cultura siguran\u021bei alimentare \u00een practic\u0103 - Instruire practic\u0103 - LMS","description":"Webinar de confirmare: Cultura siguran\u021bei alimentare \u00een practic\u0103","robots":{"index":"index","follow":"follow","max-snippet":"max-snippet:-1","max-image-preview":"max-image-preview:large","max-video-preview":"max-video-preview:-1"},"canonical":"https:\/\/praxistrainings-lms.de\/ro\/bestaetigung-lmsk-praxis-webinar\/","og_locale":"ro_RO","og_type":"article","og_title":"Best\u00e4tigung Webinar Lebensmittelsicherheitskultur in der Praxis","og_description":"Best\u00e4tigung Webinar Lebensmittelsicherheitskultur in der Praxis","og_url":"https:\/\/praxistrainings-lms.de\/ro\/bestaetigung-lmsk-praxis-webinar\/","og_site_name":"Praxistrainings-LMS","article_publisher":"https:\/\/www.facebook.com\/jennifer.ziegler.praxistraining.lms.de","article_modified_time":"2025-12-17T18:45:22+00:00","og_image":[{"width":275,"height":134,"url":"https:\/\/praxistrainings-lms.de\/wp-content\/uploads\/2023\/06\/WEB_LMS_Logo_Blue-klein.png","type":"image\/png"}],"twitter_card":"summary_large_image","twitter_misc":{"Timp estimat pentru citire":"1 minut"},"schema":{"@context":"https:\/\/schema.org","@graph":[{"@type":"WebPage","@id":"https:\/\/praxistrainings-lms.de\/bestaetigung-lmsk-praxis-webinar\/","url":"https:\/\/praxistrainings-lms.de\/bestaetigung-lmsk-praxis-webinar\/","name":"Webinar de confirmare Cultura siguran\u021bei alimentare \u00een practic\u0103 - Instruire practic\u0103 - LMS","isPartOf":{"@id":"https:\/\/praxistrainings-lms.de\/#website"},"primaryImageOfPage":{"@id":"https:\/\/praxistrainings-lms.de\/bestaetigung-lmsk-praxis-webinar\/#primaryimage"},"image":{"@id":"https:\/\/praxistrainings-lms.de\/bestaetigung-lmsk-praxis-webinar\/#primaryimage"},"thumbnailUrl":"https:\/\/praxistrainings-lms.de\/wp-content\/uploads\/2023\/06\/WEB_LMS_Logo_Blue-klein.png","datePublished":"2025-12-17T17:52:26+00:00","dateModified":"2025-12-17T18:45:22+00:00","description":"Webinar de confirmare: Cultura siguran\u021bei alimentare \u00een practic\u0103","breadcrumb":{"@id":"https:\/\/praxistrainings-lms.de\/bestaetigung-lmsk-praxis-webinar\/#breadcrumb"},"inLanguage":"ro-RO","potentialAction":[{"@type":"ReadAction","target":["https:\/\/praxistrainings-lms.de\/bestaetigung-lmsk-praxis-webinar\/"]}]},{"@type":"ImageObject","inLanguage":"ro-RO","@id":"https:\/\/praxistrainings-lms.de\/bestaetigung-lmsk-praxis-webinar\/#primaryimage","url":"https:\/\/praxistrainings-lms.de\/wp-content\/uploads\/2023\/06\/WEB_LMS_Logo_Blue-klein.png","contentUrl":"https:\/\/praxistrainings-lms.de\/wp-content\/uploads\/2023\/06\/WEB_LMS_Logo_Blue-klein.png"},{"@type":"BreadcrumbList","@id":"https:\/\/praxistrainings-lms.de\/bestaetigung-lmsk-praxis-webinar\/#breadcrumb","itemListElement":[{"@type":"ListItem","position":1,"name":"Startseite","item":"https:\/\/praxistrainings-lms.de\/"},{"@type":"ListItem","position":2,"name":"Best\u00e4tigung Webinar Lebensmittelsicherheitskultur in der Praxis"}]},{"@type":"WebSite","@id":"https:\/\/praxistrainings-lms.de\/#website","url":"https:\/\/praxistrainings-lms.de\/","name":"Practica de formare LMS","description":"Training pentru QM &amp; QS al companiilor alimentare","publisher":{"@id":"https:\/\/praxistrainings-lms.de\/#organization"},"potentialAction":[{"@type":"SearchAction","target":{"@type":"EntryPoint","urlTemplate":"https:\/\/praxistrainings-lms.de\/?s={search_term_string}"},"query-input":{"@type":"PropertyValueSpecification","valueRequired":true,"valueName":"search_term_string"}}],"inLanguage":"ro-RO"},{"@type":"Organization","@id":"https:\/\/praxistrainings-lms.de\/#organization","name":"Practica de formare LMS","url":"https:\/\/praxistrainings-lms.de\/","logo":{"@type":"ImageObject","inLanguage":"ro-RO","@id":"https:\/\/praxistrainings-lms.de\/#\/schema\/logo\/image\/","url":"https:\/\/praxistrainings-lms.de\/wp-content\/uploads\/2022\/02\/WEB_LMS_Logo_Blue-e1646829814308.png","contentUrl":"https:\/\/praxistrainings-lms.de\/wp-content\/uploads\/2022\/02\/WEB_LMS_Logo_Blue-e1646829814308.png","width":286,"height":143,"caption":"Praxistrainings-LMS"},"image":{"@id":"https:\/\/praxistrainings-lms.de\/#\/schema\/logo\/image\/"},"sameAs":["https:\/\/www.facebook.com\/jennifer.ziegler.praxistraining.lms.de","https:\/\/www.linkedin.com\/in\/jennifer-ziegler-sichere-lm\/","https:\/\/www.youtube.com\/channel\/UCQ1DGMwNQlP9uMcX_P-_gTg"]}]}},"_links":{"self":[{"href":"https:\/\/praxistrainings-lms.de\/ro\/wp-json\/wp\/v2\/pages\/73515","targetHints":{"allow":["GET"]}}],"collection":[{"href":"https:\/\/praxistrainings-lms.de\/ro\/wp-json\/wp\/v2\/pages"}],"about":[{"href":"https:\/\/praxistrainings-lms.de\/ro\/wp-json\/wp\/v2\/types\/page"}],"author":[{"embeddable":true,"href":"https:\/\/praxistrainings-lms.de\/ro\/wp-json\/wp\/v2\/users\/186"}],"replies":[{"embeddable":true,"href":"https:\/\/praxistrainings-lms.de\/ro\/wp-json\/wp\/v2\/comments?post=73515"}],"version-history":[{"count":5,"href":"https:\/\/praxistrainings-lms.de\/ro\/wp-json\/wp\/v2\/pages\/73515\/revisions"}],"predecessor-version":[{"id":73546,"href":"https:\/\/praxistrainings-lms.de\/ro\/wp-json\/wp\/v2\/pages\/73515\/revisions\/73546"}],"wp:attachment":[{"href":"https:\/\/praxistrainings-lms.de\/ro\/wp-json\/wp\/v2\/media?parent=73515"}],"curies":[{"name":"wp","href":"https:\/\/api.w.org\/{rel}","templated":true}]}}