{"id":43113,"date":"2023-08-07T14:46:29","date_gmt":"2023-08-07T12:46:29","guid":{"rendered":"https:\/\/praxistrainings-lms.de\/?page_id=43113"},"modified":"2026-02-24T11:32:59","modified_gmt":"2026-02-24T10:32:59","slug":"gruppenleiter-dashboard","status":"publish","type":"page","link":"https:\/\/praxistrainings-lms.de\/tr\/gruppenleiter-dashboard\/","title":{"rendered":"Grup lideri kontrol paneli"},"content":{"rendered":"<div data-elementor-type=\"wp-page\" data-elementor-id=\"43113\" class=\"elementor elementor-43113\" data-elementor-post-type=\"page\">\n\t\t\t\t\t\t<section class=\"elementor-section elementor-top-section elementor-element elementor-element-a59dc37 elementor-section-boxed elementor-section-height-default elementor-section-height-default\" data-id=\"a59dc37\" data-element_type=\"section\" data-e-type=\"section\">\n\t\t\t\t\t\t<div class=\"elementor-container elementor-column-gap-default\">\n\t\t\t\t\t<div class=\"elementor-column elementor-col-100 elementor-top-column elementor-element elementor-element-9281d3a\" data-id=\"9281d3a\" data-element_type=\"column\" data-e-type=\"column\">\n\t\t\t<div class=\"elementor-widget-wrap elementor-element-populated\">\n\t\t\t\t\t\t<div class=\"elementor-element elementor-element-6bb8b8e elementor-widget elementor-widget-heading\" data-id=\"6bb8b8e\" data-element_type=\"widget\" data-e-type=\"widget\" data-widget_type=\"heading.default\">\n\t\t\t\t<div class=\"elementor-widget-container\">\n\t\t\t\t\t<h2 class=\"elementor-heading-title elementor-size-default\"><b>Grup lideri kontrol paneline ho\u015f geldiniz<\/b><\/h2>\t\t\t\t<\/div>\n\t\t\t\t<\/div>\n\t\t\t\t\t<\/div>\n\t\t<\/div>\n\t\t\t\t\t<\/div>\n\t\t<\/section>\n\t\t\t\t<section class=\"elementor-section elementor-top-section elementor-element elementor-element-f423ee1 elementor-section-boxed elementor-section-height-default elementor-section-height-default\" data-id=\"f423ee1\" data-element_type=\"section\" data-e-type=\"section\">\n\t\t\t\t\t\t<div class=\"elementor-container elementor-column-gap-default\">\n\t\t\t\t\t<div class=\"elementor-column elementor-col-33 elementor-top-column elementor-element elementor-element-6fc48b2\" data-id=\"6fc48b2\" data-element_type=\"column\" data-e-type=\"column\">\n\t\t\t<div class=\"elementor-widget-wrap elementor-element-populated\">\n\t\t\t\t\t\t<div class=\"elementor-element elementor-element-101501f elementor-widget elementor-widget-image\" data-id=\"101501f\" data-element_type=\"widget\" data-e-type=\"widget\" data-widget_type=\"image.default\">\n\t\t\t\t<div class=\"elementor-widget-container\">\n\t\t\t\t\t\t\t\t\t\t\t\t\t\t\t<img loading=\"lazy\" decoding=\"async\" width=\"290\" height=\"300\" src=\"https:\/\/praxistrainings-lms.de\/wp-content\/uploads\/2023\/05\/4181-37b_10x15cm-e1683876526643-290x300.jpg\" class=\"attachment-medium size-medium wp-image-41176\" alt=\"E\u011fitim-LMHV-4-Jennifer-Ziegler-be\u011fendim-yukar\u0131\" srcset=\"https:\/\/praxistrainings-lms.de\/wp-content\/uploads\/2023\/05\/4181-37b_10x15cm-e1683876526643-290x300.jpg 290w, https:\/\/praxistrainings-lms.de\/wp-content\/uploads\/2023\/05\/4181-37b_10x15cm-e1683876526643-600x621.jpg 600w, https:\/\/praxistrainings-lms.de\/wp-content\/uploads\/2023\/05\/4181-37b_10x15cm-e1683876526643-990x1024.jpg 990w, https:\/\/praxistrainings-lms.de\/wp-content\/uploads\/2023\/05\/4181-37b_10x15cm-e1683876526643-768x795.jpg 768w, https:\/\/praxistrainings-lms.de\/wp-content\/uploads\/2023\/05\/4181-37b_10x15cm-e1683876526643-12x12.jpg 12w, https:\/\/praxistrainings-lms.de\/wp-content\/uploads\/2023\/05\/4181-37b_10x15cm-e1683876526643.jpg 1010w\" sizes=\"auto, (max-width: 290px) 100vw, 290px\" \/>\t\t\t\t\t\t\t\t\t\t\t\t\t\t\t<\/div>\n\t\t\t\t<\/div>\n\t\t\t\t\t<\/div>\n\t\t<\/div>\n\t\t\t\t<div class=\"elementor-column elementor-col-66 elementor-top-column elementor-element elementor-element-74a3adf\" data-id=\"74a3adf\" data-element_type=\"column\" data-e-type=\"column\">\n\t\t\t<div class=\"elementor-widget-wrap elementor-element-populated\">\n\t\t\t\t\t\t<div class=\"elementor-element elementor-element-0f07927 elementor-widget elementor-widget-text-editor\" data-id=\"0f07927\" data-element_type=\"widget\" data-e-type=\"widget\" data-widget_type=\"text-editor.default\">\n\t\t\t\t<div class=\"elementor-widget-container\">\n\t\t\t\t\t\t\t\t\t<p>\u00d6rne\u011fin, grup lideri kontrol panelinde \u015funlar\u0131 yapabilirsiniz:&nbsp;<\/p>\n<ul>\n<li>Kat\u0131l\u0131mc\u0131lar\u0131 y\u00f6netin, yani yeni kat\u0131l\u0131mc\u0131lar ekleyin. <b>\u00d6nemli: Kullan\u0131c\u0131 ad\u0131n\u0131z\u0131 ve \u015fifrenizi not edin!<\/b><\/li>\n<li>\u00f6\u011frenme durumunu sorgulay\u0131n, yani kimin e\u011fitimi tamamlad\u0131\u011f\u0131n\u0131 ve kimin tamamlamad\u0131\u011f\u0131n\u0131 g\u00f6r\u00fcn<\/li>\n<li>Sertifikalar\u0131 indir<\/li>\n<\/ul>\n<div><strong>Sadece deneyin; hi\u00e7bir \u015feyi &quot;k\u0131ramazs\u0131n\u0131z&quot;.<\/strong><\/div>\t\t\t\t\t\t\t\t<\/div>\n\t\t\t\t<\/div>\n\t\t\t\t\t<\/div>\n\t\t<\/div>\n\t\t\t\t\t<\/div>\n\t\t<\/section>\n\t\t\t\t<section class=\"elementor-section elementor-top-section elementor-element elementor-element-c86392e elementor-section-boxed elementor-section-height-default elementor-section-height-default\" data-id=\"c86392e\" data-element_type=\"section\" data-e-type=\"section\">\n\t\t\t\t\t\t<div class=\"elementor-container elementor-column-gap-default\">\n\t\t\t\t\t<div class=\"elementor-column elementor-col-100 elementor-top-column elementor-element elementor-element-f445933\" data-id=\"f445933\" data-element_type=\"column\" data-e-type=\"column\">\n\t\t\t<div class=\"elementor-widget-wrap elementor-element-populated\">\n\t\t\t\t\t\t<div class=\"elementor-element elementor-element-71be884 elementor-widget elementor-widget-text-editor\" data-id=\"71be884\" data-element_type=\"widget\" data-e-type=\"widget\" data-widget_type=\"text-editor.default\">\n\t\t\t\t<div class=\"elementor-widget-container\">\n\t\t\t\t\t\t\t\t\t<p><strong>Bir \u015feyler istedi\u011finiz gibi gitmezse: E-posta adresine <a href=\"mailto:info@praxistrainings-lms.de\">info@praxistrainings-lms.de<\/a>.\u00a0<\/strong><\/p>\t\t\t\t\t\t\t\t<\/div>\n\t\t\t\t<\/div>\n\t\t\t\t\t<\/div>\n\t\t<\/div>\n\t\t\t\t\t<\/div>\n\t\t<\/section>\n\t\t\t\t<section class=\"elementor-section elementor-top-section elementor-element elementor-element-7b10c25 elementor-section-boxed elementor-section-height-default elementor-section-height-default\" data-id=\"7b10c25\" data-element_type=\"section\" data-e-type=\"section\">\n\t\t\t\t\t\t<div class=\"elementor-container elementor-column-gap-default\">\n\t\t\t\t\t<div class=\"elementor-column elementor-col-100 elementor-top-column elementor-element elementor-element-27ec4b7\" data-id=\"27ec4b7\" data-element_type=\"column\" data-e-type=\"column\">\n\t\t\t<div class=\"elementor-widget-wrap elementor-element-populated\">\n\t\t\t\t\t\t<div class=\"elementor-element elementor-element-4ac3636 elementor-widget elementor-widget-shortcode\" data-id=\"4ac3636\" data-element_type=\"widget\" data-e-type=\"widget\" data-widget_type=\"shortcode.default\">\n\t\t\t\t<div class=\"elementor-widget-container\">\n\t\t\t\t\t\t\t<div class=\"elementor-shortcode\"><div class=\"learndash-wrapper\"><a class=\"ld-login ld-login ld-login-text ld-login-button ld-button\" href=\"#login\"><span class=\"ld-icon ld-icon-login ld-icon-left\"><\/span>Giri\u015f yapmak<\/a><\/div><\/div>\n\t\t\t\t\t\t<\/div>\n\t\t\t\t<\/div>\n\t\t\t\t<div class=\"elementor-element elementor-element-bf5f501 elementor-widget-divider--view-line elementor-widget elementor-widget-divider\" data-id=\"bf5f501\" data-element_type=\"widget\" data-e-type=\"widget\" data-widget_type=\"divider.default\">\n\t\t\t\t<div class=\"elementor-widget-container\">\n\t\t\t\t\t\t\t<div class=\"elementor-divider\">\n\t\t\t<span class=\"elementor-divider-separator\">\n\t\t\t\t\t\t<\/span>\n\t\t<\/div>\n\t\t\t\t\t\t<\/div>\n\t\t\t\t<\/div>\n\t\t\t\t\t<\/div>\n\t\t<\/div>\n\t\t\t\t\t<\/div>\n\t\t<\/section>\n\t\t\t\t<section class=\"elementor-section elementor-top-section elementor-element elementor-element-6d4509b elementor-section-boxed elementor-section-height-default elementor-section-height-default\" data-id=\"6d4509b\" data-element_type=\"section\" data-e-type=\"section\">\n\t\t\t\t\t\t<div class=\"elementor-container elementor-column-gap-default\">\n\t\t\t\t\t<div class=\"elementor-column elementor-col-100 elementor-top-column elementor-element elementor-element-1620e44\" data-id=\"1620e44\" data-element_type=\"column\" data-e-type=\"column\">\n\t\t\t<div class=\"elementor-widget-wrap elementor-element-populated\">\n\t\t\t\t\t\t<div class=\"elementor-element elementor-element-1fe1eb6 elementor-widget elementor-widget-shortcode\" data-id=\"1fe1eb6\" data-element_type=\"widget\" data-e-type=\"widget\" data-widget_type=\"shortcode.default\">\n\t\t\t\t<div class=\"elementor-widget-container\">\n\t\t\t\t\t\t\t<div class=\"elementor-shortcode\">Bu raporu g\u00f6rebilmek i\u00e7in giri\u015f yapman\u0131z gerekmektedir.<\/div>\n\t\t\t\t\t\t<\/div>\n\t\t\t\t<\/div>\n\t\t\t\t<div class=\"elementor-element elementor-element-43a9465 elementor-widget-divider--view-line elementor-widget elementor-widget-divider\" data-id=\"43a9465\" data-element_type=\"widget\" data-e-type=\"widget\" data-widget_type=\"divider.default\">\n\t\t\t\t<div class=\"elementor-widget-container\">\n\t\t\t\t\t\t\t<div class=\"elementor-divider\">\n\t\t\t<span class=\"elementor-divider-separator\">\n\t\t\t\t\t\t<\/span>\n\t\t<\/div>\n\t\t\t\t\t\t<\/div>\n\t\t\t\t<\/div>\n\t\t\t\t\t<\/div>\n\t\t<\/div>\n\t\t\t\t\t<\/div>\n\t\t<\/section>\n\t\t\t\t<\/div>","protected":false},"excerpt":{"rendered":"<p>Herzlich willkommen im Gruppenleiter-Dashboard Im Gruppenleiter Dashboard kannst du zum Beispiel:&nbsp; Teilnehmer verwalten, also neue hinzuf\u00fcgen. Wichtig: Notiere dir Benutzernamen und Passw\u00f6rter! den Lernstand abfragen, also sehen, wer die Schulung erledigt hat &#8211; und wer nicht Zertifikate herunterladen Teste es einfach aus &#8211; du kannst nichts &#8220;kaputt&#8221; machen. Wenn etwas nicht so klappt, wie du [&hellip;]<\/p>\n","protected":false},"author":1,"featured_media":0,"parent":0,"menu_order":0,"comment_status":"closed","ping_status":"closed","template":"","meta":{"_acf_changed":false,"site-sidebar-layout":"default","site-content-layout":"","ast-site-content-layout":"default","site-content-style":"default","site-sidebar-style":"default","ast-global-header-display":"","ast-banner-title-visibility":"","ast-main-header-display":"","ast-hfb-above-header-display":"","ast-hfb-below-header-display":"","ast-hfb-mobile-header-display":"","site-post-title":"","ast-breadcrumbs-content":"","ast-featured-img":"","footer-sml-layout":"","ast-disable-related-posts":"","theme-transparent-header-meta":"","adv-header-id-meta":"","stick-header-meta":"","header-above-stick-meta":"","header-main-stick-meta":"","header-below-stick-meta":"","astra-migrate-meta-layouts":"default","ast-page-background-enabled":"default","ast-page-background-meta":{"desktop":{"background-color":"","background-image":"","background-repeat":"repeat","background-position":"center center","background-size":"auto","background-attachment":"scroll","background-type":"","background-media":"","overlay-type":"","overlay-color":"","overlay-opacity":"","overlay-gradient":""},"tablet":{"background-color":"","background-image":"","background-repeat":"repeat","background-position":"center center","background-size":"auto","background-attachment":"scroll","background-type":"","background-media":"","overlay-type":"","overlay-color":"","overlay-opacity":"","overlay-gradient":""},"mobile":{"background-color":"","background-image":"","background-repeat":"repeat","background-position":"center center","background-size":"auto","background-attachment":"scroll","background-type":"","background-media":"","overlay-type":"","overlay-color":"","overlay-opacity":"","overlay-gradient":""}},"ast-content-background-meta":{"desktop":{"background-color":"var(--ast-global-color-5)","background-image":"","background-repeat":"repeat","background-position":"center center","background-size":"auto","background-attachment":"scroll","background-type":"","background-media":"","overlay-type":"","overlay-color":"","overlay-opacity":"","overlay-gradient":""},"tablet":{"background-color":"var(--ast-global-color-5)","background-image":"","background-repeat":"repeat","background-position":"center center","background-size":"auto","background-attachment":"scroll","background-type":"","background-media":"","overlay-type":"","overlay-color":"","overlay-opacity":"","overlay-gradient":""},"mobile":{"background-color":"var(--ast-global-color-5)","background-image":"","background-repeat":"repeat","background-position":"center center","background-size":"auto","background-attachment":"scroll","background-type":"","background-media":"","overlay-type":"","overlay-color":"","overlay-opacity":"","overlay-gradient":""}},"footnotes":""},"class_list":["post-43113","page","type-page","status-publish","hentry"],"acf":[],"yoast_head":"<!-- This site is optimized with the Yoast SEO Premium plugin v27.4 (Yoast SEO v27.4) - https:\/\/yoast.com\/product\/yoast-seo-premium-wordpress\/ -->\n<title>Gruppenleiter Dashboard - Praxistrainings-LMS<\/title>\n<meta name=\"robots\" content=\"index, follow, max-snippet:-1, max-image-preview:large, max-video-preview:-1\" \/>\n<link rel=\"canonical\" href=\"https:\/\/praxistrainings-lms.de\/tr\/gruppenleiter-dashboard\/\" \/>\n<meta property=\"og:locale\" content=\"tr_TR\" \/>\n<meta property=\"og:type\" content=\"article\" \/>\n<meta property=\"og:title\" content=\"Gruppenleiter Dashboard\" \/>\n<meta property=\"og:description\" content=\"Herzlich willkommen im Gruppenleiter-Dashboard Im Gruppenleiter Dashboard kannst du zum Beispiel:&nbsp; Teilnehmer verwalten, also neue hinzuf\u00fcgen. Wichtig: Notiere dir Benutzernamen und Passw\u00f6rter! den Lernstand abfragen, also sehen, wer die Schulung erledigt hat &#8211; und wer nicht Zertifikate herunterladen Teste es einfach aus &#8211; du kannst nichts &#8220;kaputt&#8221; machen. Wenn etwas nicht so klappt, wie du [&hellip;]\" \/>\n<meta property=\"og:url\" content=\"https:\/\/praxistrainings-lms.de\/tr\/gruppenleiter-dashboard\/\" \/>\n<meta property=\"og:site_name\" content=\"Praxistrainings-LMS\" \/>\n<meta property=\"article:publisher\" content=\"https:\/\/www.facebook.com\/jennifer.ziegler.praxistraining.lms.de\" \/>\n<meta property=\"article:modified_time\" content=\"2026-02-24T10:32:59+00:00\" \/>\n<meta property=\"og:image\" content=\"https:\/\/praxistrainings-lms.de\/wp-content\/uploads\/2023\/05\/4181-37b_10x15cm-e1683876526643.jpg\" \/>\n\t<meta property=\"og:image:width\" content=\"1010\" \/>\n\t<meta property=\"og:image:height\" content=\"1045\" \/>\n\t<meta property=\"og:image:type\" content=\"image\/jpeg\" \/>\n<meta name=\"twitter:card\" content=\"summary_large_image\" \/>\n<meta name=\"twitter:label1\" content=\"Tahmini okuma s\u00fcresi\" \/>\n\t<meta name=\"twitter:data1\" content=\"1 dakika\" \/>\n<script type=\"application\/ld+json\" class=\"yoast-schema-graph\">{\"@context\":\"https:\\\/\\\/schema.org\",\"@graph\":[{\"@type\":\"WebPage\",\"@id\":\"https:\\\/\\\/praxistrainings-lms.de\\\/gruppenleiter-dashboard\\\/\",\"url\":\"https:\\\/\\\/praxistrainings-lms.de\\\/gruppenleiter-dashboard\\\/\",\"name\":\"Gruppenleiter Dashboard - Praxistrainings-LMS\",\"isPartOf\":{\"@id\":\"https:\\\/\\\/praxistrainings-lms.de\\\/#website\"},\"primaryImageOfPage\":{\"@id\":\"https:\\\/\\\/praxistrainings-lms.de\\\/gruppenleiter-dashboard\\\/#primaryimage\"},\"image\":{\"@id\":\"https:\\\/\\\/praxistrainings-lms.de\\\/gruppenleiter-dashboard\\\/#primaryimage\"},\"thumbnailUrl\":\"https:\\\/\\\/praxistrainings-lms.de\\\/wp-content\\\/uploads\\\/2023\\\/05\\\/4181-37b_10x15cm-e1683876526643-290x300.jpg\",\"datePublished\":\"2023-08-07T12:46:29+00:00\",\"dateModified\":\"2026-02-24T10:32:59+00:00\",\"breadcrumb\":{\"@id\":\"https:\\\/\\\/praxistrainings-lms.de\\\/gruppenleiter-dashboard\\\/#breadcrumb\"},\"inLanguage\":\"tr\",\"potentialAction\":[{\"@type\":\"ReadAction\",\"target\":[\"https:\\\/\\\/praxistrainings-lms.de\\\/gruppenleiter-dashboard\\\/\"]}]},{\"@type\":\"ImageObject\",\"inLanguage\":\"tr\",\"@id\":\"https:\\\/\\\/praxistrainings-lms.de\\\/gruppenleiter-dashboard\\\/#primaryimage\",\"url\":\"https:\\\/\\\/praxistrainings-lms.de\\\/wp-content\\\/uploads\\\/2023\\\/05\\\/4181-37b_10x15cm-e1683876526643-290x300.jpg\",\"contentUrl\":\"https:\\\/\\\/praxistrainings-lms.de\\\/wp-content\\\/uploads\\\/2023\\\/05\\\/4181-37b_10x15cm-e1683876526643-290x300.jpg\"},{\"@type\":\"BreadcrumbList\",\"@id\":\"https:\\\/\\\/praxistrainings-lms.de\\\/gruppenleiter-dashboard\\\/#breadcrumb\",\"itemListElement\":[{\"@type\":\"ListItem\",\"position\":1,\"name\":\"Startseite\",\"item\":\"https:\\\/\\\/praxistrainings-lms.de\\\/\"},{\"@type\":\"ListItem\",\"position\":2,\"name\":\"Gruppenleiter Dashboard\"}]},{\"@type\":\"WebSite\",\"@id\":\"https:\\\/\\\/praxistrainings-lms.de\\\/#website\",\"url\":\"https:\\\/\\\/praxistrainings-lms.de\\\/\",\"name\":\"Praxistrainings-LMS\",\"description\":\"Schulungen f\u00fcr QM &amp; QS von Lebensmittel-Unternehmen\",\"publisher\":{\"@id\":\"https:\\\/\\\/praxistrainings-lms.de\\\/#organization\"},\"potentialAction\":[{\"@type\":\"SearchAction\",\"target\":{\"@type\":\"EntryPoint\",\"urlTemplate\":\"https:\\\/\\\/praxistrainings-lms.de\\\/?s={search_term_string}\"},\"query-input\":{\"@type\":\"PropertyValueSpecification\",\"valueRequired\":true,\"valueName\":\"search_term_string\"}}],\"inLanguage\":\"tr\"},{\"@type\":\"Organization\",\"@id\":\"https:\\\/\\\/praxistrainings-lms.de\\\/#organization\",\"name\":\"Praxistrainings-LMS\",\"url\":\"https:\\\/\\\/praxistrainings-lms.de\\\/\",\"logo\":{\"@type\":\"ImageObject\",\"inLanguage\":\"tr\",\"@id\":\"https:\\\/\\\/praxistrainings-lms.de\\\/#\\\/schema\\\/logo\\\/image\\\/\",\"url\":\"https:\\\/\\\/praxistrainings-lms.de\\\/wp-content\\\/uploads\\\/2022\\\/02\\\/WEB_LMS_Logo_Blue-e1646829814308.png\",\"contentUrl\":\"https:\\\/\\\/praxistrainings-lms.de\\\/wp-content\\\/uploads\\\/2022\\\/02\\\/WEB_LMS_Logo_Blue-e1646829814308.png\",\"width\":286,\"height\":143,\"caption\":\"Praxistrainings-LMS\"},\"image\":{\"@id\":\"https:\\\/\\\/praxistrainings-lms.de\\\/#\\\/schema\\\/logo\\\/image\\\/\"},\"sameAs\":[\"https:\\\/\\\/www.facebook.com\\\/jennifer.ziegler.praxistraining.lms.de\",\"https:\\\/\\\/www.linkedin.com\\\/in\\\/jennifer-ziegler-sichere-lm\\\/\",\"https:\\\/\\\/www.youtube.com\\\/channel\\\/UCQ1DGMwNQlP9uMcX_P-_gTg\"]}]}<\/script>\n<!-- \/ Yoast SEO Premium plugin. -->","yoast_head_json":{"title":"Grup Lideri Kontrol Paneli - Pratik E\u011fitim LMS","robots":{"index":"index","follow":"follow","max-snippet":"max-snippet:-1","max-image-preview":"max-image-preview:large","max-video-preview":"max-video-preview:-1"},"canonical":"https:\/\/praxistrainings-lms.de\/tr\/gruppenleiter-dashboard\/","og_locale":"tr_TR","og_type":"article","og_title":"Gruppenleiter Dashboard","og_description":"Herzlich willkommen im Gruppenleiter-Dashboard Im Gruppenleiter Dashboard kannst du zum Beispiel:&nbsp; Teilnehmer verwalten, also neue hinzuf\u00fcgen. Wichtig: Notiere dir Benutzernamen und Passw\u00f6rter! den Lernstand abfragen, also sehen, wer die Schulung erledigt hat &#8211; und wer nicht Zertifikate herunterladen Teste es einfach aus &#8211; du kannst nichts &#8220;kaputt&#8221; machen. Wenn etwas nicht so klappt, wie du [&hellip;]","og_url":"https:\/\/praxistrainings-lms.de\/tr\/gruppenleiter-dashboard\/","og_site_name":"Praxistrainings-LMS","article_publisher":"https:\/\/www.facebook.com\/jennifer.ziegler.praxistraining.lms.de","article_modified_time":"2026-02-24T10:32:59+00:00","og_image":[{"width":1010,"height":1045,"url":"https:\/\/praxistrainings-lms.de\/wp-content\/uploads\/2023\/05\/4181-37b_10x15cm-e1683876526643.jpg","type":"image\/jpeg"}],"twitter_card":"summary_large_image","twitter_misc":{"Tahmini okuma s\u00fcresi":"1 dakika"},"schema":{"@context":"https:\/\/schema.org","@graph":[{"@type":"WebPage","@id":"https:\/\/praxistrainings-lms.de\/gruppenleiter-dashboard\/","url":"https:\/\/praxistrainings-lms.de\/gruppenleiter-dashboard\/","name":"Grup Lideri Kontrol Paneli - Pratik E\u011fitim LMS","isPartOf":{"@id":"https:\/\/praxistrainings-lms.de\/#website"},"primaryImageOfPage":{"@id":"https:\/\/praxistrainings-lms.de\/gruppenleiter-dashboard\/#primaryimage"},"image":{"@id":"https:\/\/praxistrainings-lms.de\/gruppenleiter-dashboard\/#primaryimage"},"thumbnailUrl":"https:\/\/praxistrainings-lms.de\/wp-content\/uploads\/2023\/05\/4181-37b_10x15cm-e1683876526643-290x300.jpg","datePublished":"2023-08-07T12:46:29+00:00","dateModified":"2026-02-24T10:32:59+00:00","breadcrumb":{"@id":"https:\/\/praxistrainings-lms.de\/gruppenleiter-dashboard\/#breadcrumb"},"inLanguage":"tr","potentialAction":[{"@type":"ReadAction","target":["https:\/\/praxistrainings-lms.de\/gruppenleiter-dashboard\/"]}]},{"@type":"ImageObject","inLanguage":"tr","@id":"https:\/\/praxistrainings-lms.de\/gruppenleiter-dashboard\/#primaryimage","url":"https:\/\/praxistrainings-lms.de\/wp-content\/uploads\/2023\/05\/4181-37b_10x15cm-e1683876526643-290x300.jpg","contentUrl":"https:\/\/praxistrainings-lms.de\/wp-content\/uploads\/2023\/05\/4181-37b_10x15cm-e1683876526643-290x300.jpg"},{"@type":"BreadcrumbList","@id":"https:\/\/praxistrainings-lms.de\/gruppenleiter-dashboard\/#breadcrumb","itemListElement":[{"@type":"ListItem","position":1,"name":"Startseite","item":"https:\/\/praxistrainings-lms.de\/"},{"@type":"ListItem","position":2,"name":"Gruppenleiter Dashboard"}]},{"@type":"WebSite","@id":"https:\/\/praxistrainings-lms.de\/#website","url":"https:\/\/praxistrainings-lms.de\/","name":"Uygulama E\u011fitimi LMS","description":"G\u0131da \u015firketlerinin QM &amp; QS e\u011fitimi","publisher":{"@id":"https:\/\/praxistrainings-lms.de\/#organization"},"potentialAction":[{"@type":"SearchAction","target":{"@type":"EntryPoint","urlTemplate":"https:\/\/praxistrainings-lms.de\/?s={search_term_string}"},"query-input":{"@type":"PropertyValueSpecification","valueRequired":true,"valueName":"search_term_string"}}],"inLanguage":"tr"},{"@type":"Organization","@id":"https:\/\/praxistrainings-lms.de\/#organization","name":"Uygulama E\u011fitimi LMS","url":"https:\/\/praxistrainings-lms.de\/","logo":{"@type":"ImageObject","inLanguage":"tr","@id":"https:\/\/praxistrainings-lms.de\/#\/schema\/logo\/image\/","url":"https:\/\/praxistrainings-lms.de\/wp-content\/uploads\/2022\/02\/WEB_LMS_Logo_Blue-e1646829814308.png","contentUrl":"https:\/\/praxistrainings-lms.de\/wp-content\/uploads\/2022\/02\/WEB_LMS_Logo_Blue-e1646829814308.png","width":286,"height":143,"caption":"Praxistrainings-LMS"},"image":{"@id":"https:\/\/praxistrainings-lms.de\/#\/schema\/logo\/image\/"},"sameAs":["https:\/\/www.facebook.com\/jennifer.ziegler.praxistraining.lms.de","https:\/\/www.linkedin.com\/in\/jennifer-ziegler-sichere-lm\/","https:\/\/www.youtube.com\/channel\/UCQ1DGMwNQlP9uMcX_P-_gTg"]}]}},"_links":{"self":[{"href":"https:\/\/praxistrainings-lms.de\/tr\/wp-json\/wp\/v2\/pages\/43113","targetHints":{"allow":["GET"]}}],"collection":[{"href":"https:\/\/praxistrainings-lms.de\/tr\/wp-json\/wp\/v2\/pages"}],"about":[{"href":"https:\/\/praxistrainings-lms.de\/tr\/wp-json\/wp\/v2\/types\/page"}],"author":[{"embeddable":true,"href":"https:\/\/praxistrainings-lms.de\/tr\/wp-json\/wp\/v2\/users\/1"}],"replies":[{"embeddable":true,"href":"https:\/\/praxistrainings-lms.de\/tr\/wp-json\/wp\/v2\/comments?post=43113"}],"version-history":[{"count":11,"href":"https:\/\/praxistrainings-lms.de\/tr\/wp-json\/wp\/v2\/pages\/43113\/revisions"}],"predecessor-version":[{"id":75629,"href":"https:\/\/praxistrainings-lms.de\/tr\/wp-json\/wp\/v2\/pages\/43113\/revisions\/75629"}],"wp:attachment":[{"href":"https:\/\/praxistrainings-lms.de\/tr\/wp-json\/wp\/v2\/media?parent=43113"}],"curies":[{"name":"wp","href":"https:\/\/api.w.org\/{rel}","templated":true}]}}