{"id":45341,"date":"2023-11-17T07:37:00","date_gmt":"2023-11-17T06:37:00","guid":{"rendered":"https:\/\/praxistrainings-lms.de\/?page_id=45341"},"modified":"2023-11-17T07:48:54","modified_gmt":"2023-11-17T06:48:54","slug":"melde-moegliche-fremdkoerper","status":"publish","type":"page","link":"https:\/\/praxistrainings-lms.de\/uk\/melde-moegliche-fremdkoerper\/","title":{"rendered":"\u041f\u043e\u0432\u0456\u0434\u043e\u043c\u0442\u0435 \u043f\u0440\u043e \u043c\u043e\u0436\u043b\u0438\u0432\u0456 \u0441\u0442\u043e\u0440\u043e\u043d\u043d\u0456 \u0442\u0456\u043b\u0430"},"content":{"rendered":"\t\t<div data-elementor-type=\"wp-page\" data-elementor-id=\"45341\" class=\"elementor elementor-45341\" data-elementor-post-type=\"page\">\n\t\t\t\t\t\t<section class=\"elementor-section elementor-top-section elementor-element elementor-element-240ac83 elementor-section-boxed elementor-section-height-default elementor-section-height-default\" data-id=\"240ac83\" data-element_type=\"section\" data-e-type=\"section\">\n\t\t\t\t\t\t<div class=\"elementor-container elementor-column-gap-default\">\n\t\t\t\t\t<div class=\"elementor-column elementor-col-100 elementor-top-column elementor-element elementor-element-aab285b\" data-id=\"aab285b\" data-element_type=\"column\" data-e-type=\"column\">\n\t\t\t<div class=\"elementor-widget-wrap elementor-element-populated\">\n\t\t\t\t\t\t<div class=\"elementor-element elementor-element-11164cd elementor-widget elementor-widget-html\" data-id=\"11164cd\" data-element_type=\"widget\" data-e-type=\"widget\" data-widget_type=\"html.default\">\n\t\t\t\t<div class=\"elementor-widget-container\">\n\t\t\t\t\t<div id=\"zf_div_dEPo0cFIZlZ3t2YvF-qRumrynlhu_1-rwnc0s6VM0mk\"><\/div><script type=\"text\/javascript\">(function() {\r\ntry{\r\nvar f = document.createElement(\"iframe\");\r\nf.src = 'https:\/\/forms.zohopublic.eu\/praxistrainingslms\/form\/FremdkrperFundemelden\/formperma\/dEPo0cFIZlZ3t2YvF-qRumrynlhu_1-rwnc0s6VM0mk?zf_rszfm=1';\r\nf.style.border=\"none\";\r\nf.style.height=\"1151px\";\r\nf.style.width=\"90%\";\r\nf.style.transition=\"all 0.5s ease\";\r\nf.setAttribute(\"aria-label\", 'Meldung von m\u00f6glichen Fremdk\u00f6rper-Quellen');\r\n\r\nvar d = document.getElementById(\"zf_div_dEPo0cFIZlZ3t2YvF-qRumrynlhu_1-rwnc0s6VM0mk\");\r\nd.appendChild(f);\r\nwindow.addEventListener('message', function (){\r\nvar evntData = event.data;\r\nif( evntData && evntData.constructor == String ){\r\nvar zf_ifrm_data = evntData.split(\"|\");\r\nif ( zf_ifrm_data.length == 2 ) {\r\nvar zf_perma = zf_ifrm_data[0];\r\nvar zf_ifrm_ht_nw = ( parseInt(zf_ifrm_data[1], 10) + 15 ) + \"px\";\r\nvar iframe = document.getElementById(\"zf_div_dEPo0cFIZlZ3t2YvF-qRumrynlhu_1-rwnc0s6VM0mk\").getElementsByTagName(\"iframe\")[0];\r\nif ( (iframe.src).indexOf('formperma') > 0 && (iframe.src).indexOf(zf_perma) > 0 ) {\r\nvar prevIframeHeight = iframe.style.height;\r\nif ( prevIframeHeight != zf_ifrm_ht_nw ) {\r\niframe.style.height = zf_ifrm_ht_nw;\r\n}\r\n}\r\n}\r\n}\r\n}, false);\r\n}catch(e){}\r\n})();<\/script>\t\t\t\t<\/div>\n\t\t\t\t<\/div>\n\t\t\t\t\t<\/div>\n\t\t<\/div>\n\t\t\t\t\t<\/div>\n\t\t<\/section>\n\t\t\t\t<\/div>\n\t\t","protected":false},"excerpt":{"rendered":"","protected":false},"author":1,"featured_media":0,"parent":0,"menu_order":0,"comment_status":"closed","ping_status":"closed","template":"","meta":{"_acf_changed":false,"site-sidebar-layout":"no-sidebar","site-content-layout":"page-builder","ast-site-content-layout":"full-width-container","site-content-style":"default","site-sidebar-style":"default","ast-global-header-display":"","ast-banner-title-visibility":"","ast-main-header-display":"","ast-hfb-above-header-display":"","ast-hfb-below-header-display":"","ast-hfb-mobile-header-display":"","site-post-title":"disabled","ast-breadcrumbs-content":"","ast-featured-img":"disabled","footer-sml-layout":"","ast-disable-related-posts":"","theme-transparent-header-meta":"","adv-header-id-meta":"","stick-header-meta":"","header-above-stick-meta":"","header-main-stick-meta":"","header-below-stick-meta":"","astra-migrate-meta-layouts":"set","ast-page-background-enabled":"default","ast-page-background-meta":{"desktop":{"background-color":"","background-image":"","background-repeat":"repeat","background-position":"center center","background-size":"auto","background-attachment":"scroll","background-type":"","background-media":"","overlay-type":"","overlay-color":"","overlay-opacity":"","overlay-gradient":""},"tablet":{"background-color":"","background-image":"","background-repeat":"repeat","background-position":"center center","background-size":"auto","background-attachment":"scroll","background-type":"","background-media":"","overlay-type":"","overlay-color":"","overlay-opacity":"","overlay-gradient":""},"mobile":{"background-color":"","background-image":"","background-repeat":"repeat","background-position":"center center","background-size":"auto","background-attachment":"scroll","background-type":"","background-media":"","overlay-type":"","overlay-color":"","overlay-opacity":"","overlay-gradient":""}},"ast-content-background-meta":{"desktop":{"background-color":"var(--ast-global-color-5)","background-image":"","background-repeat":"repeat","background-position":"center center","background-size":"auto","background-attachment":"scroll","background-type":"","background-media":"","overlay-type":"","overlay-color":"","overlay-opacity":"","overlay-gradient":""},"tablet":{"background-color":"var(--ast-global-color-5)","background-image":"","background-repeat":"repeat","background-position":"center center","background-size":"auto","background-attachment":"scroll","background-type":"","background-media":"","overlay-type":"","overlay-color":"","overlay-opacity":"","overlay-gradient":""},"mobile":{"background-color":"var(--ast-global-color-5)","background-image":"","background-repeat":"repeat","background-position":"center center","background-size":"auto","background-attachment":"scroll","background-type":"","background-media":"","overlay-type":"","overlay-color":"","overlay-opacity":"","overlay-gradient":""}},"footnotes":""},"class_list":["post-45341","page","type-page","status-publish","hentry"],"acf":[],"yoast_head":"<!-- This site is optimized with the Yoast SEO Premium plugin v27.4 (Yoast SEO v27.4) - https:\/\/yoast.com\/product\/yoast-seo-premium-wordpress\/ -->\n<title>Melde m\u00f6gliche Fremdk\u00f6rper - Praxistrainings-LMS<\/title>\n<meta name=\"description\" content=\"Nutze das Formular, um uns schnell und einfach \u00fcber m\u00f6gliche Quellen von Fremdk\u00f6rpern zu informieren. Wir pr\u00fcfen und beheben die Ursache.\" \/>\n<meta name=\"robots\" content=\"index, follow, max-snippet:-1, max-image-preview:large, max-video-preview:-1\" \/>\n<link rel=\"canonical\" href=\"https:\/\/praxistrainings-lms.de\/uk\/melde-moegliche-fremdkoerper\/\" \/>\n<meta property=\"og:locale\" content=\"uk_UA\" \/>\n<meta property=\"og:type\" content=\"article\" \/>\n<meta property=\"og:title\" content=\"Melde m\u00f6gliche Fremdk\u00f6rper\" \/>\n<meta property=\"og:description\" content=\"Nutze das Formular, um uns schnell und einfach \u00fcber m\u00f6gliche Quellen von Fremdk\u00f6rpern zu informieren. Wir pr\u00fcfen und beheben die Ursache.\" \/>\n<meta property=\"og:url\" content=\"https:\/\/praxistrainings-lms.de\/uk\/melde-moegliche-fremdkoerper\/\" \/>\n<meta property=\"og:site_name\" content=\"Praxistrainings-LMS\" \/>\n<meta property=\"article:publisher\" content=\"https:\/\/www.facebook.com\/jennifer.ziegler.praxistraining.lms.de\" \/>\n<meta property=\"article:modified_time\" content=\"2023-11-17T06:48:54+00:00\" \/>\n<meta name=\"twitter:card\" content=\"summary_large_image\" \/>\n<script type=\"application\/ld+json\" class=\"yoast-schema-graph\">{\"@context\":\"https:\\\/\\\/schema.org\",\"@graph\":[{\"@type\":\"WebPage\",\"@id\":\"https:\\\/\\\/praxistrainings-lms.de\\\/melde-moegliche-fremdkoerper\\\/\",\"url\":\"https:\\\/\\\/praxistrainings-lms.de\\\/melde-moegliche-fremdkoerper\\\/\",\"name\":\"Melde m\u00f6gliche Fremdk\u00f6rper - Praxistrainings-LMS\",\"isPartOf\":{\"@id\":\"https:\\\/\\\/praxistrainings-lms.de\\\/#website\"},\"datePublished\":\"2023-11-17T06:37:00+00:00\",\"dateModified\":\"2023-11-17T06:48:54+00:00\",\"description\":\"Nutze das Formular, um uns schnell und einfach \u00fcber m\u00f6gliche Quellen von Fremdk\u00f6rpern zu informieren. Wir pr\u00fcfen und beheben die Ursache.\",\"breadcrumb\":{\"@id\":\"https:\\\/\\\/praxistrainings-lms.de\\\/melde-moegliche-fremdkoerper\\\/#breadcrumb\"},\"inLanguage\":\"uk\",\"potentialAction\":[{\"@type\":\"ReadAction\",\"target\":[\"https:\\\/\\\/praxistrainings-lms.de\\\/melde-moegliche-fremdkoerper\\\/\"]}]},{\"@type\":\"BreadcrumbList\",\"@id\":\"https:\\\/\\\/praxistrainings-lms.de\\\/melde-moegliche-fremdkoerper\\\/#breadcrumb\",\"itemListElement\":[{\"@type\":\"ListItem\",\"position\":1,\"name\":\"Startseite\",\"item\":\"https:\\\/\\\/praxistrainings-lms.de\\\/\"},{\"@type\":\"ListItem\",\"position\":2,\"name\":\"Melde m\u00f6gliche Fremdk\u00f6rper\"}]},{\"@type\":\"WebSite\",\"@id\":\"https:\\\/\\\/praxistrainings-lms.de\\\/#website\",\"url\":\"https:\\\/\\\/praxistrainings-lms.de\\\/\",\"name\":\"Praxistrainings-LMS\",\"description\":\"Schulungen f\u00fcr QM &amp; QS von Lebensmittel-Unternehmen\",\"publisher\":{\"@id\":\"https:\\\/\\\/praxistrainings-lms.de\\\/#organization\"},\"potentialAction\":[{\"@type\":\"SearchAction\",\"target\":{\"@type\":\"EntryPoint\",\"urlTemplate\":\"https:\\\/\\\/praxistrainings-lms.de\\\/?s={search_term_string}\"},\"query-input\":{\"@type\":\"PropertyValueSpecification\",\"valueRequired\":true,\"valueName\":\"search_term_string\"}}],\"inLanguage\":\"uk\"},{\"@type\":\"Organization\",\"@id\":\"https:\\\/\\\/praxistrainings-lms.de\\\/#organization\",\"name\":\"Praxistrainings-LMS\",\"url\":\"https:\\\/\\\/praxistrainings-lms.de\\\/\",\"logo\":{\"@type\":\"ImageObject\",\"inLanguage\":\"uk\",\"@id\":\"https:\\\/\\\/praxistrainings-lms.de\\\/#\\\/schema\\\/logo\\\/image\\\/\",\"url\":\"https:\\\/\\\/praxistrainings-lms.de\\\/wp-content\\\/uploads\\\/2022\\\/02\\\/WEB_LMS_Logo_Blue-e1646829814308.png\",\"contentUrl\":\"https:\\\/\\\/praxistrainings-lms.de\\\/wp-content\\\/uploads\\\/2022\\\/02\\\/WEB_LMS_Logo_Blue-e1646829814308.png\",\"width\":286,\"height\":143,\"caption\":\"Praxistrainings-LMS\"},\"image\":{\"@id\":\"https:\\\/\\\/praxistrainings-lms.de\\\/#\\\/schema\\\/logo\\\/image\\\/\"},\"sameAs\":[\"https:\\\/\\\/www.facebook.com\\\/jennifer.ziegler.praxistraining.lms.de\",\"https:\\\/\\\/www.linkedin.com\\\/in\\\/jennifer-ziegler-sichere-lm\\\/\",\"https:\\\/\\\/www.youtube.com\\\/channel\\\/UCQ1DGMwNQlP9uMcX_P-_gTg\"]}]}<\/script>\n<!-- \/ Yoast SEO Premium plugin. -->","yoast_head_json":{"title":"\u041f\u043e\u0432\u0456\u0434\u043e\u043c\u0438\u0442\u0438 \u043f\u0440\u043e \u043c\u043e\u0436\u043b\u0438\u0432\u0456 \u0441\u0442\u043e\u0440\u043e\u043d\u043d\u0456 \u0442\u0456\u043b\u0430 - \u043f\u0440\u0430\u043a\u0442\u0438\u0447\u043d\u0435 \u043d\u0430\u0432\u0447\u0430\u043d\u043d\u044f LMS","description":"\u0412\u0438\u043a\u043e\u0440\u0438\u0441\u0442\u043e\u0432\u0443\u0439\u0442\u0435 \u0444\u043e\u0440\u043c\u0443, \u0449\u043e\u0431 \u0448\u0432\u0438\u0434\u043a\u043e \u0442\u0430 \u043b\u0435\u0433\u043a\u043e \u043f\u043e\u0432\u0456\u0434\u043e\u043c\u0438\u0442\u0438 \u043d\u0430\u0441 \u043f\u0440\u043e \u043c\u043e\u0436\u043b\u0438\u0432\u0456 \u0434\u0436\u0435\u0440\u0435\u043b\u0430 \u0441\u0442\u043e\u0440\u043e\u043d\u043d\u0456\u0445 \u0442\u0456\u043b. \u041f\u0435\u0440\u0435\u0432\u0456\u0440\u044f\u0454\u043c\u043e \u0442\u0430 \u0443\u0441\u0443\u0432\u0430\u0454\u043c\u043e \u043f\u0440\u0438\u0447\u0438\u043d\u0443.","robots":{"index":"index","follow":"follow","max-snippet":"max-snippet:-1","max-image-preview":"max-image-preview:large","max-video-preview":"max-video-preview:-1"},"canonical":"https:\/\/praxistrainings-lms.de\/uk\/melde-moegliche-fremdkoerper\/","og_locale":"uk_UA","og_type":"article","og_title":"Melde m\u00f6gliche Fremdk\u00f6rper","og_description":"Nutze das Formular, um uns schnell und einfach \u00fcber m\u00f6gliche Quellen von Fremdk\u00f6rpern zu informieren. Wir pr\u00fcfen und beheben die Ursache.","og_url":"https:\/\/praxistrainings-lms.de\/uk\/melde-moegliche-fremdkoerper\/","og_site_name":"Praxistrainings-LMS","article_publisher":"https:\/\/www.facebook.com\/jennifer.ziegler.praxistraining.lms.de","article_modified_time":"2023-11-17T06:48:54+00:00","twitter_card":"summary_large_image","schema":{"@context":"https:\/\/schema.org","@graph":[{"@type":"WebPage","@id":"https:\/\/praxistrainings-lms.de\/melde-moegliche-fremdkoerper\/","url":"https:\/\/praxistrainings-lms.de\/melde-moegliche-fremdkoerper\/","name":"\u041f\u043e\u0432\u0456\u0434\u043e\u043c\u0438\u0442\u0438 \u043f\u0440\u043e \u043c\u043e\u0436\u043b\u0438\u0432\u0456 \u0441\u0442\u043e\u0440\u043e\u043d\u043d\u0456 \u0442\u0456\u043b\u0430 - \u043f\u0440\u0430\u043a\u0442\u0438\u0447\u043d\u0435 \u043d\u0430\u0432\u0447\u0430\u043d\u043d\u044f LMS","isPartOf":{"@id":"https:\/\/praxistrainings-lms.de\/#website"},"datePublished":"2023-11-17T06:37:00+00:00","dateModified":"2023-11-17T06:48:54+00:00","description":"\u0412\u0438\u043a\u043e\u0440\u0438\u0441\u0442\u043e\u0432\u0443\u0439\u0442\u0435 \u0444\u043e\u0440\u043c\u0443, \u0449\u043e\u0431 \u0448\u0432\u0438\u0434\u043a\u043e \u0442\u0430 \u043b\u0435\u0433\u043a\u043e \u043f\u043e\u0432\u0456\u0434\u043e\u043c\u0438\u0442\u0438 \u043d\u0430\u0441 \u043f\u0440\u043e \u043c\u043e\u0436\u043b\u0438\u0432\u0456 \u0434\u0436\u0435\u0440\u0435\u043b\u0430 \u0441\u0442\u043e\u0440\u043e\u043d\u043d\u0456\u0445 \u0442\u0456\u043b. \u041f\u0435\u0440\u0435\u0432\u0456\u0440\u044f\u0454\u043c\u043e \u0442\u0430 \u0443\u0441\u0443\u0432\u0430\u0454\u043c\u043e \u043f\u0440\u0438\u0447\u0438\u043d\u0443.","breadcrumb":{"@id":"https:\/\/praxistrainings-lms.de\/melde-moegliche-fremdkoerper\/#breadcrumb"},"inLanguage":"uk","potentialAction":[{"@type":"ReadAction","target":["https:\/\/praxistrainings-lms.de\/melde-moegliche-fremdkoerper\/"]}]},{"@type":"BreadcrumbList","@id":"https:\/\/praxistrainings-lms.de\/melde-moegliche-fremdkoerper\/#breadcrumb","itemListElement":[{"@type":"ListItem","position":1,"name":"Startseite","item":"https:\/\/praxistrainings-lms.de\/"},{"@type":"ListItem","position":2,"name":"Melde m\u00f6gliche Fremdk\u00f6rper"}]},{"@type":"WebSite","@id":"https:\/\/praxistrainings-lms.de\/#website","url":"https:\/\/praxistrainings-lms.de\/","name":"\u041f\u0440\u0430\u043a\u0442\u0438\u0447\u043d\u0435 \u043d\u0430\u0432\u0447\u0430\u043d\u043d\u044f LMS","description":"\u0422\u0440\u0435\u043d\u0456\u043d\u0433 \u0434\u043b\u044f QM &amp; QS \u0445\u0430\u0440\u0447\u043e\u0432\u0438\u0445 \u043a\u043e\u043c\u043f\u0430\u043d\u0456\u0439","publisher":{"@id":"https:\/\/praxistrainings-lms.de\/#organization"},"potentialAction":[{"@type":"SearchAction","target":{"@type":"EntryPoint","urlTemplate":"https:\/\/praxistrainings-lms.de\/?s={search_term_string}"},"query-input":{"@type":"PropertyValueSpecification","valueRequired":true,"valueName":"search_term_string"}}],"inLanguage":"uk"},{"@type":"Organization","@id":"https:\/\/praxistrainings-lms.de\/#organization","name":"\u041f\u0440\u0430\u043a\u0442\u0438\u0447\u043d\u0435 \u043d\u0430\u0432\u0447\u0430\u043d\u043d\u044f LMS","url":"https:\/\/praxistrainings-lms.de\/","logo":{"@type":"ImageObject","inLanguage":"uk","@id":"https:\/\/praxistrainings-lms.de\/#\/schema\/logo\/image\/","url":"https:\/\/praxistrainings-lms.de\/wp-content\/uploads\/2022\/02\/WEB_LMS_Logo_Blue-e1646829814308.png","contentUrl":"https:\/\/praxistrainings-lms.de\/wp-content\/uploads\/2022\/02\/WEB_LMS_Logo_Blue-e1646829814308.png","width":286,"height":143,"caption":"Praxistrainings-LMS"},"image":{"@id":"https:\/\/praxistrainings-lms.de\/#\/schema\/logo\/image\/"},"sameAs":["https:\/\/www.facebook.com\/jennifer.ziegler.praxistraining.lms.de","https:\/\/www.linkedin.com\/in\/jennifer-ziegler-sichere-lm\/","https:\/\/www.youtube.com\/channel\/UCQ1DGMwNQlP9uMcX_P-_gTg"]}]}},"_links":{"self":[{"href":"https:\/\/praxistrainings-lms.de\/uk\/wp-json\/wp\/v2\/pages\/45341","targetHints":{"allow":["GET"]}}],"collection":[{"href":"https:\/\/praxistrainings-lms.de\/uk\/wp-json\/wp\/v2\/pages"}],"about":[{"href":"https:\/\/praxistrainings-lms.de\/uk\/wp-json\/wp\/v2\/types\/page"}],"author":[{"embeddable":true,"href":"https:\/\/praxistrainings-lms.de\/uk\/wp-json\/wp\/v2\/users\/1"}],"replies":[{"embeddable":true,"href":"https:\/\/praxistrainings-lms.de\/uk\/wp-json\/wp\/v2\/comments?post=45341"}],"version-history":[{"count":4,"href":"https:\/\/praxistrainings-lms.de\/uk\/wp-json\/wp\/v2\/pages\/45341\/revisions"}],"predecessor-version":[{"id":45345,"href":"https:\/\/praxistrainings-lms.de\/uk\/wp-json\/wp\/v2\/pages\/45341\/revisions\/45345"}],"wp:attachment":[{"href":"https:\/\/praxistrainings-lms.de\/uk\/wp-json\/wp\/v2\/media?parent=45341"}],"curies":[{"name":"\u0412\u041f","href":"https:\/\/api.w.org\/{rel}","templated":true}]}}