{"id":26335,"date":"2021-10-11T14:29:35","date_gmt":"2021-10-11T12:29:35","guid":{"rendered":"http:\/\/praxistrainings-lms.de\/?page_id=26335"},"modified":"2025-12-11T21:04:30","modified_gmt":"2025-12-11T20:04:30","slug":"impressum","status":"publish","type":"page","link":"https:\/\/praxistrainings-lms.de\/vi\/impressum\/","title":{"rendered":"d\u1ea5u \u1ea5n"},"content":{"rendered":"<div data-elementor-type=\"wp-page\" data-elementor-id=\"26335\" class=\"elementor elementor-26335\" data-elementor-post-type=\"page\">\n\t\t\t\t\t\t<section class=\"elementor-section elementor-top-section elementor-element elementor-element-68a5792 elementor-section-boxed elementor-section-height-default elementor-section-height-default\" data-id=\"68a5792\" data-element_type=\"section\" data-e-type=\"section\">\n\t\t\t\t\t\t<div class=\"elementor-container elementor-column-gap-default\">\n\t\t\t\t\t<div class=\"elementor-column elementor-col-100 elementor-top-column elementor-element elementor-element-7e814e2\" data-id=\"7e814e2\" data-element_type=\"column\" data-e-type=\"column\">\n\t\t\t<div class=\"elementor-widget-wrap elementor-element-populated\">\n\t\t\t\t\t\t<div class=\"elementor-element elementor-element-7bfc6ad elementor-widget elementor-widget-html\" data-id=\"7bfc6ad\" data-element_type=\"widget\" data-e-type=\"widget\" data-widget_type=\"html.default\">\n\t\t\t\t<div class=\"elementor-widget-container\">\n\t\t\t\t\t<h1>d\u1ea5u \u1ea5n<\/h1>\r\n\r\n<h2>Theo \u00a7 5 TMG<\/h2>\r\n<p>Ch\u1ee7 s\u1edf h\u1eefu: Jennifer Ziegler<br \/>\r\nT\u00ean c\u00f4ng ty: H\u1ec7 th\u1ed1ng qu\u1ea3n l\u00fd h\u1ecdc t\u1eadp th\u1ef1c ti\u1ec5n (Practical Training LMS)<br \/>\r\nK\u00f6sters Kamp 11<br \/>\r\n31840 Hessian Oldendorf<\/p>\r\n\r\n<h2>Ti\u1ebfp x\u00fac<\/h2>\r\n<p>\u0110i\u1ec7n tho\u1ea1i: +49 5152-7800574<br \/>\r\nEmail: jennifer.ziegler@praxistrainings-lms.de<\/p>\r\n\r\n<h2>M\u00e3 s\u1ed1 thu\u1ebf<\/h2>\r\n<p>M\u00e3 s\u1ed1 thu\u1ebf b\u00e1n h\u00e0ng theo \u00a7 27 m\u1ed9t lu\u1eadt thu\u1ebf b\u00e1n h\u00e0ng:<br \/>\r\nDE346203134<\/p>\r\n\r\n<h2>\u0111\u0103ng k\u00fd kinh doanh<\/h2>\r\n<p>\u0110\u0103ng k\u00fd kinh doanh theo \u00a7 14 GewO \u0111\u01b0\u1ee3c c\u1ea5p v\u00e0o ng\u00e0y 1 th\u00e1ng 11 n\u0103m 2021 b\u1edfi v\u0103n ph\u00f2ng tr\u1eadt t\u1ef1 c\u00f4ng c\u1ed9ng \u1edf Frankfurt am Main.<\/p>\r\n\r\n<h2>Th\u00f4ng tin v\u1ec1 b\u1ea3o hi\u1ec3m b\u1ed3i th\u01b0\u1eddng ngh\u1ec1 nghi\u1ec7p<\/h2>\r\n<p><strong>T\u00ean v\u00e0 tr\u1ee5 s\u1edf \u0111\u0103ng k\u00fd c\u1ee7a doanh nghi\u1ec7p b\u1ea3o hi\u1ec3m:<\/strong><br \/>\r\n\r\nC\u00f4ng ty b\u1ea3o hi\u1ec3m Allianz AG<br>\r\n\r\nTr\u1ee5 s\u1edf c\u00f4ng ty: Munich<br>\r\nT\u00f2a \u00e1n \u0111\u0103ng k\u00fd: T\u00f2a \u00e1n qu\u1eadn Munich HRB 75727\r\n<\/p>\r\n<p><strong>Ph\u1ea1m vi hi\u1ec7u l\u1ef1c c\u1ee7a b\u1ea3o hi\u1ec3m:<\/strong><br \/>\u0110\u1ee9c, \u00c1o, Th\u1ee5y S\u0129<\/p>\r\n\r\n<h2>Tr\u00e1ch nhi\u1ec7m bi\u00ean t\u1eadp<\/h2>\r\n<p>Jennifer Ziegler<br \/>\r\nK\u00f6sters Kamp 11<br \/>\r\n31840 Hessian Oldendorf<\/p>\r\n\r\n<h2>Gi\u1ea3i quy\u1ebft tranh ch\u1ea5p c\u1ee7a Li\u00ean minh Ch\u00e2u \u00c2u<\/h2>\r\n<p>\u1ee6y ban Ch\u00e2u \u00c2u cung c\u1ea5p m\u1ed9t n\u1ec1n t\u1ea3ng \u0111\u1ec3 gi\u1ea3i quy\u1ebft tranh ch\u1ea5p tr\u1ef1c tuy\u1ebfn (OS): <a href=\"https:\/\/ec.europa.eu\/consumers\/odr\/\" target=\"_blank\" rel=\"noopener noreferrer\">https:\/\/ec.europa.eu\/consumers\/odr\/<\/a>.<br \/> \u0110\u1ecba ch\u1ec9 e-mail c\u1ee7a ch\u00fang t\u00f4i c\u00f3 th\u1ec3 \u0111\u01b0\u1ee3c t\u00ecm th\u1ea5y \u1edf tr\u00ean trong d\u1ea5u \u1ea5n.<\/p>\r\n\r\n<h2>Gi\u1ea3i quy\u1ebft tranh ch\u1ea5p ng\u01b0\u1eddi ti\u00eau d\u00f9ng \/ h\u1ed9i \u0111\u1ed3ng tr\u1ecdng t\u00e0i ph\u1ed5 qu\u00e1t<\/h2>\r\n<p>Ch\u00fang t\u00f4i kh\u00f4ng c\u00f3 ngh\u0129a v\u1ee5 c\u0169ng nh\u01b0 kh\u00f4ng s\u1eb5n l\u00f2ng tham gia v\u00e0o c\u00e1c th\u1ee7 t\u1ee5c gi\u1ea3i quy\u1ebft tranh ch\u1ea5p tr\u01b0\u1edbc h\u1ed9i \u0111\u1ed3ng tr\u1ecdng t\u00e0i ng\u01b0\u1eddi ti\u00eau d\u00f9ng.<\/p>\r\n\r\n\t\t\t\t<\/div>\n\t\t\t\t<\/div>\n\t\t\t\t\t<\/div>\n\t\t<\/div>\n\t\t\t\t\t<\/div>\n\t\t<\/section>\n\t\t\t\t<section class=\"elementor-section elementor-top-section elementor-element elementor-element-ec7579c elementor-section-boxed elementor-section-height-default elementor-section-height-default\" data-id=\"ec7579c\" data-element_type=\"section\" data-e-type=\"section\">\n\t\t\t\t\t\t<div class=\"elementor-container elementor-column-gap-default\">\n\t\t\t\t\t<div class=\"elementor-column elementor-col-100 elementor-top-column elementor-element elementor-element-e77aae9\" data-id=\"e77aae9\" data-element_type=\"column\" data-e-type=\"column\">\n\t\t\t<div class=\"elementor-widget-wrap elementor-element-populated\">\n\t\t\t\t\t\t<div class=\"elementor-element elementor-element-d215696 elementor-widget elementor-widget-heading\" data-id=\"d215696\" data-element_type=\"widget\" data-e-type=\"widget\" data-widget_type=\"heading.default\">\n\t\t\t\t<div class=\"elementor-widget-container\">\n\t\t\t\t\t<h2 class=\"elementor-heading-title elementor-size-default\">h\u00ecnh \u1ea3nh \u0111\u00e3 ch\u00e8n<\/h2>\t\t\t\t<\/div>\n\t\t\t\t<\/div>\n\t\t\t\t\t<\/div>\n\t\t<\/div>\n\t\t\t\t\t<\/div>\n\t\t<\/section>\n\t\t\t\t<section class=\"elementor-section elementor-top-section elementor-element elementor-element-713a290 elementor-section-boxed elementor-section-height-default elementor-section-height-default\" data-id=\"713a290\" data-element_type=\"section\" data-e-type=\"section\">\n\t\t\t\t\t\t<div class=\"elementor-container elementor-column-gap-default\">\n\t\t\t\t\t<div class=\"elementor-column elementor-col-100 elementor-top-column elementor-element elementor-element-39e514c\" data-id=\"39e514c\" data-element_type=\"column\" data-e-type=\"column\">\n\t\t\t<div class=\"elementor-widget-wrap elementor-element-populated\">\n\t\t\t\t\t\t<div class=\"elementor-element elementor-element-6c1d698 elementor-widget elementor-widget-text-editor\" data-id=\"6c1d698\" data-element_type=\"widget\" data-e-type=\"widget\" data-widget_type=\"text-editor.default\">\n\t\t\t\t<div class=\"elementor-widget-container\">\n\t\t\t\t\t\t\t\t\t<ul><li><a href=\"https:\/\/pixabay.com\/\" target=\"_blank\" rel=\"noopener\">pixabay.com<\/a><\/li><li><a href=\"https:\/\/pexels.com\/\" target=\"_blank\" rel=\"noopener\">pexels.com<\/a><\/li><li><a href=\"https:\/\/stock.adobe.com\/\" target=\"_blank\" rel=\"noopener\">stock.adobe.com<\/a><\/li><li><a href=\"https:\/\/unsplash.com\">unsplash.com<\/a><\/li><li>v\u00e0 c\u00e1c c\u01a1 s\u1edf d\u1eef li\u1ec7u h\u00ecnh \u1ea3nh kh\u00e1c tu\u00e2n th\u1ee7 c\u00e1c quy\u1ec1n s\u1eed d\u1ee5ng<\/li><li>H\u00ecnh \u1ea3nh do AI t\u1ea1o ra (\u0111\u01b0\u1ee3c \u0111\u00e1nh d\u1ea5u b\u1eb1ng bi\u1ec3u t\u01b0\u1ee3ng \u201cAI\u201d ho\u1eb7c \u0111\u01b0\u1ee3c ghi ch\u00fa trong m\u00f4 t\u1ea3 h\u00ecnh \u1ea3nh)<\/li><li>h\u00ecnh \u1ea3nh ri\u00eang<\/li><\/ul>\t\t\t\t\t\t\t\t<\/div>\n\t\t\t\t<\/div>\n\t\t\t\t\t<\/div>\n\t\t<\/div>\n\t\t\t\t\t<\/div>\n\t\t<\/section>\n\t\t\t\t<section class=\"elementor-section elementor-top-section elementor-element elementor-element-7de06a0 elementor-section-boxed elementor-section-height-default elementor-section-height-default\" data-id=\"7de06a0\" data-element_type=\"section\" data-e-type=\"section\">\n\t\t\t\t\t\t<div class=\"elementor-container elementor-column-gap-default\">\n\t\t\t\t\t<div class=\"elementor-column elementor-col-100 elementor-top-column elementor-element elementor-element-0900a55\" data-id=\"0900a55\" data-element_type=\"column\" data-e-type=\"column\">\n\t\t\t<div class=\"elementor-widget-wrap elementor-element-populated\">\n\t\t\t\t\t\t<div class=\"elementor-element elementor-element-79188c5 elementor-widget elementor-widget-text-editor\" data-id=\"79188c5\" data-element_type=\"widget\" data-e-type=\"widget\" data-widget_type=\"text-editor.default\">\n\t\t\t\t<div class=\"elementor-widget-container\">\n\t\t\t\t\t\t\t\t\t<p>T\u00ednh \u0111\u1ebfn ng\u00e0y 11 th\u00e1ng 12 n\u0103m 2025 \u2013 Nh\u1eefng thay \u0111\u1ed5i: T\u00ean c\u00f4ng ty \u0111\u01b0\u1ee3c r\u00fat g\u1ecdn t\u1eeb \u201cPraxistrainings-Lebensmittelsicherheit\u201d th\u00e0nh \u201cPraxistrainings-LMS\u201d; gi\u1ea3m b\u1edbt th\u00f4ng tin v\u1ec1 c\u00f4ng ty b\u1ea3o hi\u1ec3m; thay \u0111\u1ed5i quy tr\u00ecnh gi\u1ea3i quy\u1ebft tranh ch\u1ea5p c\u1ee7a ng\u01b0\u1eddi ti\u00eau d\u00f9ng.<\/p>\t\t\t\t\t\t\t\t<\/div>\n\t\t\t\t<\/div>\n\t\t\t\t\t<\/div>\n\t\t<\/div>\n\t\t\t\t\t<\/div>\n\t\t<\/section>\n\t\t\t\t<\/div>","protected":false},"excerpt":{"rendered":"<p>Impressum Angaben gem\u00e4\u00df \u00a7 5 TMG Inhabering: Jennifer Ziegler Unternehmenstitel: Praxistrainings-LMS K\u00f6sters Kamp 11 31840 Hessisch Oldendorf Kontakt Telefon: +49 5152-7800574 E-Mail: jennifer.ziegler@praxistrainings-lms.de Umsatzsteuer-ID Umsatzsteuer-Identifikationsnummer gem\u00e4\u00df \u00a7 27 a Umsatzsteuergesetz: DE346203134 Gewerbeanmeldung Die Gewerbeanmeldung nach \u00a7 14 GewO wurde am 01.11.2021 durch das Ordnungsamt Frankfurt am Main erteilt. Angaben zur Berufs\u00adhaftpflicht\u00adversicherung Name und Sitz des [&hellip;]<\/p>\n","protected":false},"author":1,"featured_media":0,"parent":0,"menu_order":0,"comment_status":"closed","ping_status":"closed","template":"","meta":{"_acf_changed":false,"site-sidebar-layout":"no-sidebar","site-content-layout":"page-builder","ast-site-content-layout":"default","site-content-style":"default","site-sidebar-style":"default","ast-global-header-display":"","ast-banner-title-visibility":"","ast-main-header-display":"","ast-hfb-above-header-display":"","ast-hfb-below-header-display":"","ast-hfb-mobile-header-display":"","site-post-title":"disabled","ast-breadcrumbs-content":"","ast-featured-img":"disabled","footer-sml-layout":"","ast-disable-related-posts":"","theme-transparent-header-meta":"default","adv-header-id-meta":"","stick-header-meta":"","header-above-stick-meta":"","header-main-stick-meta":"","header-below-stick-meta":"","astra-migrate-meta-layouts":"default","ast-page-background-enabled":"default","ast-page-background-meta":{"desktop":{"background-color":"","background-image":"","background-repeat":"repeat","background-position":"center center","background-size":"auto","background-attachment":"scroll","background-type":"","background-media":"","overlay-type":"","overlay-color":"","overlay-opacity":"","overlay-gradient":""},"tablet":{"background-color":"","background-image":"","background-repeat":"repeat","background-position":"center center","background-size":"auto","background-attachment":"scroll","background-type":"","background-media":"","overlay-type":"","overlay-color":"","overlay-opacity":"","overlay-gradient":""},"mobile":{"background-color":"","background-image":"","background-repeat":"repeat","background-position":"center center","background-size":"auto","background-attachment":"scroll","background-type":"","background-media":"","overlay-type":"","overlay-color":"","overlay-opacity":"","overlay-gradient":""}},"ast-content-background-meta":{"desktop":{"background-color":"var(--ast-global-color-5)","background-image":"","background-repeat":"repeat","background-position":"center center","background-size":"auto","background-attachment":"scroll","background-type":"","background-media":"","overlay-type":"","overlay-color":"","overlay-opacity":"","overlay-gradient":""},"tablet":{"background-color":"var(--ast-global-color-5)","background-image":"","background-repeat":"repeat","background-position":"center center","background-size":"auto","background-attachment":"scroll","background-type":"","background-media":"","overlay-type":"","overlay-color":"","overlay-opacity":"","overlay-gradient":""},"mobile":{"background-color":"var(--ast-global-color-5)","background-image":"","background-repeat":"repeat","background-position":"center center","background-size":"auto","background-attachment":"scroll","background-type":"","background-media":"","overlay-type":"","overlay-color":"","overlay-opacity":"","overlay-gradient":""}},"footnotes":""},"class_list":["post-26335","page","type-page","status-publish","hentry"],"acf":[],"yoast_head":"<!-- This site is optimized with the Yoast SEO Premium plugin v27.3 (Yoast SEO v27.3) - https:\/\/yoast.com\/product\/yoast-seo-premium-wordpress\/ -->\n<title>Impressum von Praxistrainings-LMS: Jetzt informieren!<\/title>\n<meta name=\"description\" content=\"Sie m\u00f6chten mehr \u00fcber das Unternehmen Praxistrainings-LMS erfahren? Hier gelangen Sie direkt zum Impressum.\" \/>\n<meta name=\"robots\" content=\"index, follow, max-snippet:-1, max-image-preview:large, max-video-preview:-1\" \/>\n<link rel=\"canonical\" href=\"https:\/\/praxistrainings-lms.de\/vi\/impressum\/\" \/>\n<meta property=\"og:locale\" content=\"vi_VN\" \/>\n<meta property=\"og:type\" content=\"article\" \/>\n<meta property=\"og:title\" content=\"Impressum\" \/>\n<meta property=\"og:description\" content=\"Sie m\u00f6chten mehr \u00fcber das Unternehmen Praxistrainings-LMS erfahren? Hier gelangen Sie direkt zum Impressum.\" \/>\n<meta property=\"og:url\" content=\"https:\/\/praxistrainings-lms.de\/vi\/impressum\/\" \/>\n<meta property=\"og:site_name\" content=\"Praxistrainings-LMS\" \/>\n<meta property=\"article:publisher\" content=\"https:\/\/www.facebook.com\/jennifer.ziegler.praxistraining.lms.de\" \/>\n<meta property=\"article:modified_time\" content=\"2025-12-11T20:04:30+00:00\" \/>\n<meta name=\"twitter:card\" content=\"summary_large_image\" \/>\n<meta name=\"twitter:label1\" content=\"\u01af\u1edbc t\u00ednh th\u1eddi gian \u0111\u1ecdc\" \/>\n\t<meta name=\"twitter:data1\" content=\"1 ph\u00fat\" \/>\n<script type=\"application\/ld+json\" class=\"yoast-schema-graph\">{\"@context\":\"https:\\\/\\\/schema.org\",\"@graph\":[{\"@type\":\"WebPage\",\"@id\":\"https:\\\/\\\/praxistrainings-lms.de\\\/impressum\\\/\",\"url\":\"https:\\\/\\\/praxistrainings-lms.de\\\/impressum\\\/\",\"name\":\"Impressum von Praxistrainings-LMS: Jetzt informieren!\",\"isPartOf\":{\"@id\":\"https:\\\/\\\/praxistrainings-lms.de\\\/#website\"},\"datePublished\":\"2021-10-11T12:29:35+00:00\",\"dateModified\":\"2025-12-11T20:04:30+00:00\",\"description\":\"Sie m\u00f6chten mehr \u00fcber das Unternehmen Praxistrainings-LMS erfahren? Hier gelangen Sie direkt zum Impressum.\",\"breadcrumb\":{\"@id\":\"https:\\\/\\\/praxistrainings-lms.de\\\/impressum\\\/#breadcrumb\"},\"inLanguage\":\"vi\",\"potentialAction\":[{\"@type\":\"ReadAction\",\"target\":[\"https:\\\/\\\/praxistrainings-lms.de\\\/impressum\\\/\"]}]},{\"@type\":\"BreadcrumbList\",\"@id\":\"https:\\\/\\\/praxistrainings-lms.de\\\/impressum\\\/#breadcrumb\",\"itemListElement\":[{\"@type\":\"ListItem\",\"position\":1,\"name\":\"Startseite\",\"item\":\"https:\\\/\\\/praxistrainings-lms.de\\\/\"},{\"@type\":\"ListItem\",\"position\":2,\"name\":\"Impressum\"}]},{\"@type\":\"WebSite\",\"@id\":\"https:\\\/\\\/praxistrainings-lms.de\\\/#website\",\"url\":\"https:\\\/\\\/praxistrainings-lms.de\\\/\",\"name\":\"Praxistrainings-LMS\",\"description\":\"Schulungen f\u00fcr QM &amp; QS von Lebensmittel-Unternehmen\",\"publisher\":{\"@id\":\"https:\\\/\\\/praxistrainings-lms.de\\\/#organization\"},\"potentialAction\":[{\"@type\":\"SearchAction\",\"target\":{\"@type\":\"EntryPoint\",\"urlTemplate\":\"https:\\\/\\\/praxistrainings-lms.de\\\/?s={search_term_string}\"},\"query-input\":{\"@type\":\"PropertyValueSpecification\",\"valueRequired\":true,\"valueName\":\"search_term_string\"}}],\"inLanguage\":\"vi\"},{\"@type\":\"Organization\",\"@id\":\"https:\\\/\\\/praxistrainings-lms.de\\\/#organization\",\"name\":\"Praxistrainings-LMS\",\"url\":\"https:\\\/\\\/praxistrainings-lms.de\\\/\",\"logo\":{\"@type\":\"ImageObject\",\"inLanguage\":\"vi\",\"@id\":\"https:\\\/\\\/praxistrainings-lms.de\\\/#\\\/schema\\\/logo\\\/image\\\/\",\"url\":\"https:\\\/\\\/praxistrainings-lms.de\\\/wp-content\\\/uploads\\\/2022\\\/02\\\/WEB_LMS_Logo_Blue-e1646829814308.png\",\"contentUrl\":\"https:\\\/\\\/praxistrainings-lms.de\\\/wp-content\\\/uploads\\\/2022\\\/02\\\/WEB_LMS_Logo_Blue-e1646829814308.png\",\"width\":286,\"height\":143,\"caption\":\"Praxistrainings-LMS\"},\"image\":{\"@id\":\"https:\\\/\\\/praxistrainings-lms.de\\\/#\\\/schema\\\/logo\\\/image\\\/\"},\"sameAs\":[\"https:\\\/\\\/www.facebook.com\\\/jennifer.ziegler.praxistraining.lms.de\",\"https:\\\/\\\/www.linkedin.com\\\/in\\\/jennifer-ziegler-sichere-lm\\\/\",\"https:\\\/\\\/www.youtube.com\\\/channel\\\/UCQ1DGMwNQlP9uMcX_P-_gTg\"]}]}<\/script>\n<!-- \/ Yoast SEO Premium plugin. -->","yoast_head_json":{"title":"D\u1ea5u \u1ea5n t\u1eeb Praxistrainings-LMS: T\u00ecm hi\u1ec3u ngay!","description":"B\u1ea1n c\u00f3 mu\u1ed1n t\u00ecm hi\u1ec3u th\u00eam v\u1ec1 c\u00f4ng ty Praxistrainings-LMS kh\u00f4ng? T\u1ea1i \u0111\u00e2y b\u1ea1n c\u00f3 th\u1ec3 \u0111i th\u1eb3ng \u0111\u1ebfn nh\u00e0 xu\u1ea5t b\u1ea3n.","robots":{"index":"index","follow":"follow","max-snippet":"max-snippet:-1","max-image-preview":"max-image-preview:large","max-video-preview":"max-video-preview:-1"},"canonical":"https:\/\/praxistrainings-lms.de\/vi\/impressum\/","og_locale":"vi_VN","og_type":"article","og_title":"Impressum","og_description":"Sie m\u00f6chten mehr \u00fcber das Unternehmen Praxistrainings-LMS erfahren? Hier gelangen Sie direkt zum Impressum.","og_url":"https:\/\/praxistrainings-lms.de\/vi\/impressum\/","og_site_name":"Praxistrainings-LMS","article_publisher":"https:\/\/www.facebook.com\/jennifer.ziegler.praxistraining.lms.de","article_modified_time":"2025-12-11T20:04:30+00:00","twitter_card":"summary_large_image","twitter_misc":{"\u01af\u1edbc t\u00ednh th\u1eddi gian \u0111\u1ecdc":"1 ph\u00fat"},"schema":{"@context":"https:\/\/schema.org","@graph":[{"@type":"WebPage","@id":"https:\/\/praxistrainings-lms.de\/impressum\/","url":"https:\/\/praxistrainings-lms.de\/impressum\/","name":"D\u1ea5u \u1ea5n t\u1eeb Praxistrainings-LMS: T\u00ecm hi\u1ec3u ngay!","isPartOf":{"@id":"https:\/\/praxistrainings-lms.de\/#website"},"datePublished":"2021-10-11T12:29:35+00:00","dateModified":"2025-12-11T20:04:30+00:00","description":"B\u1ea1n c\u00f3 mu\u1ed1n t\u00ecm hi\u1ec3u th\u00eam v\u1ec1 c\u00f4ng ty Praxistrainings-LMS kh\u00f4ng? T\u1ea1i \u0111\u00e2y b\u1ea1n c\u00f3 th\u1ec3 \u0111i th\u1eb3ng \u0111\u1ebfn nh\u00e0 xu\u1ea5t b\u1ea3n.","breadcrumb":{"@id":"https:\/\/praxistrainings-lms.de\/impressum\/#breadcrumb"},"inLanguage":"vi","potentialAction":[{"@type":"ReadAction","target":["https:\/\/praxistrainings-lms.de\/impressum\/"]}]},{"@type":"BreadcrumbList","@id":"https:\/\/praxistrainings-lms.de\/impressum\/#breadcrumb","itemListElement":[{"@type":"ListItem","position":1,"name":"Startseite","item":"https:\/\/praxistrainings-lms.de\/"},{"@type":"ListItem","position":2,"name":"Impressum"}]},{"@type":"WebSite","@id":"https:\/\/praxistrainings-lms.de\/#website","url":"https:\/\/praxistrainings-lms.de\/","name":"Th\u1ef1c h\u00e0nh \u0111\u00e0o t\u1ea1o LMS","description":"\u0110\u00e0o t\u1ea1o QM &amp; QS c\u1ee7a c\u00e1c c\u00f4ng ty th\u1ef1c ph\u1ea9m","publisher":{"@id":"https:\/\/praxistrainings-lms.de\/#organization"},"potentialAction":[{"@type":"SearchAction","target":{"@type":"EntryPoint","urlTemplate":"https:\/\/praxistrainings-lms.de\/?s={search_term_string}"},"query-input":{"@type":"PropertyValueSpecification","valueRequired":true,"valueName":"search_term_string"}}],"inLanguage":"vi"},{"@type":"Organization","@id":"https:\/\/praxistrainings-lms.de\/#organization","name":"Th\u1ef1c h\u00e0nh \u0111\u00e0o t\u1ea1o LMS","url":"https:\/\/praxistrainings-lms.de\/","logo":{"@type":"ImageObject","inLanguage":"vi","@id":"https:\/\/praxistrainings-lms.de\/#\/schema\/logo\/image\/","url":"https:\/\/praxistrainings-lms.de\/wp-content\/uploads\/2022\/02\/WEB_LMS_Logo_Blue-e1646829814308.png","contentUrl":"https:\/\/praxistrainings-lms.de\/wp-content\/uploads\/2022\/02\/WEB_LMS_Logo_Blue-e1646829814308.png","width":286,"height":143,"caption":"Praxistrainings-LMS"},"image":{"@id":"https:\/\/praxistrainings-lms.de\/#\/schema\/logo\/image\/"},"sameAs":["https:\/\/www.facebook.com\/jennifer.ziegler.praxistraining.lms.de","https:\/\/www.linkedin.com\/in\/jennifer-ziegler-sichere-lm\/","https:\/\/www.youtube.com\/channel\/UCQ1DGMwNQlP9uMcX_P-_gTg"]}]}},"_links":{"self":[{"href":"https:\/\/praxistrainings-lms.de\/vi\/wp-json\/wp\/v2\/pages\/26335","targetHints":{"allow":["GET"]}}],"collection":[{"href":"https:\/\/praxistrainings-lms.de\/vi\/wp-json\/wp\/v2\/pages"}],"about":[{"href":"https:\/\/praxistrainings-lms.de\/vi\/wp-json\/wp\/v2\/types\/page"}],"author":[{"embeddable":true,"href":"https:\/\/praxistrainings-lms.de\/vi\/wp-json\/wp\/v2\/users\/1"}],"replies":[{"embeddable":true,"href":"https:\/\/praxistrainings-lms.de\/vi\/wp-json\/wp\/v2\/comments?post=26335"}],"version-history":[{"count":5,"href":"https:\/\/praxistrainings-lms.de\/vi\/wp-json\/wp\/v2\/pages\/26335\/revisions"}],"predecessor-version":[{"id":73316,"href":"https:\/\/praxistrainings-lms.de\/vi\/wp-json\/wp\/v2\/pages\/26335\/revisions\/73316"}],"wp:attachment":[{"href":"https:\/\/praxistrainings-lms.de\/vi\/wp-json\/wp\/v2\/media?parent=26335"}],"curies":[{"name":"wp","href":"https:\/\/api.w.org\/{rel}","templated":true}]}}