{"id":30716,"date":"2022-02-08T09:26:49","date_gmt":"2022-02-08T08:26:49","guid":{"rendered":"https:\/\/praxistrainings-lms.de\/?page_id=30716"},"modified":"2023-01-11T11:48:16","modified_gmt":"2023-01-11T10:48:16","slug":"feedback-a","status":"publish","type":"page","link":"https:\/\/praxistrainings-lms.de\/vi\/feedback-a\/","title":{"rendered":"Ph\u1ea3n h\u1ed3i A"},"content":{"rendered":"<div data-elementor-type=\"wp-page\" data-elementor-id=\"30716\" class=\"elementor elementor-30716\" data-elementor-post-type=\"page\">\n\t\t\t\t\t\t<section class=\"elementor-section elementor-top-section elementor-element elementor-element-7828d3e2 elementor-section-boxed elementor-section-height-default elementor-section-height-default\" data-id=\"7828d3e2\" data-element_type=\"section\" data-e-type=\"section\">\n\t\t\t\t\t\t<div class=\"elementor-container elementor-column-gap-default\">\n\t\t\t\t\t<div class=\"elementor-column elementor-col-100 elementor-top-column elementor-element elementor-element-628d65a4\" data-id=\"628d65a4\" data-element_type=\"column\" data-e-type=\"column\">\n\t\t\t<div class=\"elementor-widget-wrap elementor-element-populated\">\n\t\t\t\t\t\t<div class=\"elementor-element elementor-element-3c059ff4 elementor-widget elementor-widget-heading\" data-id=\"3c059ff4\" data-element_type=\"widget\" data-e-type=\"widget\" data-widget_type=\"heading.default\">\n\t\t\t\t<div class=\"elementor-widget-container\">\n\t\t\t\t\t<h1 class=\"elementor-heading-title elementor-size-default\">Th\u1ef1c h\u00e0nh \u0111\u00e0o t\u1ea1o LMS: Ph\u1ea3n h\u1ed3i<\/h1>\t\t\t\t<\/div>\n\t\t\t\t<\/div>\n\t\t\t\t\t<\/div>\n\t\t<\/div>\n\t\t\t\t\t<\/div>\n\t\t<\/section>\n\t\t\t\t<section class=\"elementor-section elementor-top-section elementor-element elementor-element-41d44e3 elementor-section-boxed elementor-section-height-default elementor-section-height-default\" data-id=\"41d44e3\" data-element_type=\"section\" data-e-type=\"section\">\n\t\t\t\t\t\t<div class=\"elementor-container elementor-column-gap-default\">\n\t\t\t\t\t<div class=\"elementor-column elementor-col-50 elementor-top-column elementor-element elementor-element-38603f67\" data-id=\"38603f67\" data-element_type=\"column\" data-e-type=\"column\">\n\t\t\t<div class=\"elementor-widget-wrap elementor-element-populated\">\n\t\t\t\t\t\t<div class=\"elementor-element elementor-element-9e13703 elementor-widget elementor-widget-html\" data-id=\"9e13703\" data-element_type=\"widget\" data-e-type=\"widget\" data-widget_type=\"html.default\">\n\t\t\t\t<div class=\"elementor-widget-container\">\n\t\t\t\t\t<iframe loading=\"lazy\" width=\"560\" height=\"315\" src=\"https:\/\/www.youtube-nocookie.com\/embed\/MJ3BTTQSRSg\" title=\"Tr\u00ecnh ph\u00e1t video YouTube\" frameborder=\"0\" allow=\"accelerometer; autoplay; clipboard-write; encrypted-media; gyroscope; picture-in-picture; web-share\" allowfullscreen><\/iframe>\t\t\t\t<\/div>\n\t\t\t\t<\/div>\n\t\t\t\t\t<\/div>\n\t\t<\/div>\n\t\t\t\t<div class=\"elementor-column elementor-col-50 elementor-top-column elementor-element elementor-element-3971a7a0\" data-id=\"3971a7a0\" data-element_type=\"column\" data-e-type=\"column\">\n\t\t\t<div class=\"elementor-widget-wrap elementor-element-populated\">\n\t\t\t\t\t\t<div class=\"elementor-element elementor-element-4aa38d88 elementor-widget elementor-widget-text-editor\" data-id=\"4aa38d88\" data-element_type=\"widget\" data-e-type=\"widget\" data-widget_type=\"text-editor.default\">\n\t\t\t\t<div class=\"elementor-widget-container\">\n\t\t\t\t\t\t\t\t\t<p><strong>C\u1ea3m \u01a1n b\u1ea1n \u0111\u00e3 \u0111\u00e1nh gi\u00e1 t\u1ed1t c\u1ee7a b\u1ea1n. Ch\u00fang t\u00f4i r\u1ea5t vui v\u00ec b\u1ea1n th\u00edch kh\u00f3a \u0111\u00e0o t\u1ea1o c\u1ee7a m\u00ecnh.<\/strong><\/p><p>C\u00f3 l\u1ebd b\u1ea1n c\u00f3 m\u1ed9t v\u00e0i ph\u00fat \u0111\u1ec3 l\u00e0m c\u1ee7a b\u1ea1n <a href=\"https:\/\/g.page\/r\/CWDQqMp4ahJOEAI\/review\">X\u1ebfp h\u1ea1ng tr\u00ean Google<\/a> \u0111\u1ec3 l\u1ea1i nh\u1eadn x\u00e9t v\u00e0 chia s\u1ebb kinh nghi\u1ec7m c\u1ee7a b\u1ea1n v\u1edbi LMS \u0111\u00e0o t\u1ea1o th\u1ef1c h\u00e0nh?\u00a0<\/p><p><iframe style=\"display: none;\" src=\"chrome-extension:\/\/ddafdejlekcmnafgnbllcfkebabhabcl\/html\/tpc.html\"><\/iframe><\/p><p><iframe style=\"display: none;\" src=\"chrome-extension:\/\/ddafdejlekcmnafgnbllcfkebabhabcl\/html\/tpc.html\"><\/iframe><\/p>\t\t\t\t\t\t\t\t<\/div>\n\t\t\t\t<\/div>\n\t\t\t\t\t<\/div>\n\t\t<\/div>\n\t\t\t\t\t<\/div>\n\t\t<\/section>\n\t\t\t\t<section class=\"elementor-section elementor-top-section elementor-element elementor-element-20edabbb elementor-section-boxed elementor-section-height-default elementor-section-height-default\" data-id=\"20edabbb\" data-element_type=\"section\" data-e-type=\"section\">\n\t\t\t\t\t\t<div class=\"elementor-container elementor-column-gap-default\">\n\t\t\t\t\t<div class=\"elementor-column elementor-col-100 elementor-top-column elementor-element elementor-element-2f090790\" data-id=\"2f090790\" data-element_type=\"column\" data-e-type=\"column\">\n\t\t\t<div class=\"elementor-widget-wrap elementor-element-populated\">\n\t\t\t\t\t\t<div class=\"elementor-element elementor-element-a3e3344 elementor-widget elementor-widget-text-editor\" data-id=\"a3e3344\" data-element_type=\"widget\" data-e-type=\"widget\" data-widget_type=\"text-editor.default\">\n\t\t\t\t<div class=\"elementor-widget-container\">\n\t\t\t\t\t\t\t\t\t<p>Ca\u0309m \u01a1n pha\u0309n h\u00f4i cu\u0309a ba\u0323n. \u0110\u00e2y l\u00e0 c\u00e1ch b\u1ea1n gi\u00fap ch\u00fang t\u00f4i tr\u1edf n\u00ean t\u1ed1t h\u01a1n n\u1eefa.<\/p>\t\t\t\t\t\t\t\t<\/div>\n\t\t\t\t<\/div>\n\t\t\t\t\t<\/div>\n\t\t<\/div>\n\t\t\t\t\t<\/div>\n\t\t<\/section>\n\t\t\t\t<\/div>","protected":false},"excerpt":{"rendered":"<p>\u0110\u00e0o t\u1ea1o th\u1ef1c h\u00e0nh LMS: Ph\u1ea3n h\u1ed3i C\u1ea3m \u01a1n b\u1ea1n \u0111\u00e3 \u0111\u00e1nh gi\u00e1 t\u1ed1t. Ch\u00fang t\u00f4i r\u1ea5t vui v\u00ec b\u1ea1n th\u00edch kh\u00f3a \u0111\u00e0o t\u1ea1o c\u1ee7a m\u00ecnh. C\u00f3 l\u1ebd b\u1ea1n v\u1eabn c\u00f2n v\u00e0i ph\u00fat \u0111\u1ec3 \u0111\u1ec3 l\u1ea1i \u0111\u00e1nh gi\u00e1 c\u1ee7a m\u00ecnh tr\u00ean Google v\u00e0 chia s\u1ebb kinh nghi\u1ec7m c\u1ee7a m\u00ecnh v\u1edbi LMS \u0111\u00e0o t\u1ea1o th\u1ef1c t\u1ebf? Ca\u0309m \u01a1n pha\u0309n h\u00f4i cu\u0309a ba\u0323n. \u0110\u00e2y l\u00e0 c\u00e1ch b\u1ea1n gi\u00fap ch\u00fang t\u00f4i tr\u1edf n\u00ean t\u1ed1t h\u01a1n n\u1eefa.<\/p>","protected":false},"author":1,"featured_media":0,"parent":0,"menu_order":0,"comment_status":"closed","ping_status":"closed","template":"","meta":{"_acf_changed":false,"site-sidebar-layout":"no-sidebar","site-content-layout":"page-builder","ast-site-content-layout":"default","site-content-style":"default","site-sidebar-style":"default","ast-global-header-display":"","ast-banner-title-visibility":"","ast-main-header-display":"","ast-hfb-above-header-display":"","ast-hfb-below-header-display":"","ast-hfb-mobile-header-display":"","site-post-title":"disabled","ast-breadcrumbs-content":"","ast-featured-img":"disabled","footer-sml-layout":"","ast-disable-related-posts":"","theme-transparent-header-meta":"default","adv-header-id-meta":"","stick-header-meta":"","header-above-stick-meta":"","header-main-stick-meta":"","header-below-stick-meta":"","astra-migrate-meta-layouts":"default","ast-page-background-enabled":"default","ast-page-background-meta":{"desktop":{"background-color":"","background-image":"","background-repeat":"repeat","background-position":"center center","background-size":"auto","background-attachment":"scroll","background-type":"","background-media":"","overlay-type":"","overlay-color":"","overlay-opacity":"","overlay-gradient":""},"tablet":{"background-color":"","background-image":"","background-repeat":"repeat","background-position":"center center","background-size":"auto","background-attachment":"scroll","background-type":"","background-media":"","overlay-type":"","overlay-color":"","overlay-opacity":"","overlay-gradient":""},"mobile":{"background-color":"","background-image":"","background-repeat":"repeat","background-position":"center center","background-size":"auto","background-attachment":"scroll","background-type":"","background-media":"","overlay-type":"","overlay-color":"","overlay-opacity":"","overlay-gradient":""}},"ast-content-background-meta":{"desktop":{"background-color":"var(--ast-global-color-5)","background-image":"","background-repeat":"repeat","background-position":"center center","background-size":"auto","background-attachment":"scroll","background-type":"","background-media":"","overlay-type":"","overlay-color":"","overlay-opacity":"","overlay-gradient":""},"tablet":{"background-color":"var(--ast-global-color-5)","background-image":"","background-repeat":"repeat","background-position":"center center","background-size":"auto","background-attachment":"scroll","background-type":"","background-media":"","overlay-type":"","overlay-color":"","overlay-opacity":"","overlay-gradient":""},"mobile":{"background-color":"var(--ast-global-color-5)","background-image":"","background-repeat":"repeat","background-position":"center center","background-size":"auto","background-attachment":"scroll","background-type":"","background-media":"","overlay-type":"","overlay-color":"","overlay-opacity":"","overlay-gradient":""}},"footnotes":""},"class_list":["post-30716","page","type-page","status-publish","hentry"],"acf":[],"yoast_head":"<!-- This site is optimized with the Yoast SEO Premium plugin v27.5 (Yoast SEO v27.5) - https:\/\/yoast.com\/product\/yoast-seo-premium-wordpress\/ -->\n<title>Feedback A - Praxistrainings-LMS<\/title>\n<meta name=\"robots\" content=\"noindex, follow\" \/>\n<meta property=\"og:locale\" content=\"vi_VN\" \/>\n<meta property=\"og:type\" content=\"article\" \/>\n<meta property=\"og:title\" content=\"Feedback A\" \/>\n<meta property=\"og:description\" content=\"Praxistrainings-LMS: Feedback Vielen Dank f\u00fcr deine gute Bewertung. Es freut uns, dass dir deine Schulung gefallen hat. Vielleicht hast du noch ein paar Minuten Zeit, um deine Bewertung auf Google zu hinterlassen und deine Erfahrungen mit Praxistrainings-LMS zu teilen?\u00a0 Vielen Dank f\u00fcr dein Feedback. So hilfst du uns, noch besser zu werden.\" \/>\n<meta property=\"og:url\" content=\"https:\/\/praxistrainings-lms.de\/vi\/feedback-a\/\" \/>\n<meta property=\"og:site_name\" content=\"Praxistrainings-LMS\" \/>\n<meta property=\"article:publisher\" content=\"https:\/\/www.facebook.com\/jennifer.ziegler.praxistraining.lms.de\" \/>\n<meta property=\"article:modified_time\" content=\"2023-01-11T10:48:16+00:00\" \/>\n<meta name=\"twitter:card\" content=\"summary_large_image\" \/>\n<meta name=\"twitter:label1\" content=\"\u01af\u1edbc t\u00ednh th\u1eddi gian \u0111\u1ecdc\" \/>\n\t<meta name=\"twitter:data1\" content=\"1 ph\u00fat\" \/>\n<script type=\"application\/ld+json\" class=\"yoast-schema-graph\">{\"@context\":\"https:\\\/\\\/schema.org\",\"@graph\":[{\"@type\":\"WebPage\",\"@id\":\"https:\\\/\\\/praxistrainings-lms.de\\\/feedback-a\\\/\",\"url\":\"https:\\\/\\\/praxistrainings-lms.de\\\/feedback-a\\\/\",\"name\":\"Feedback A - Praxistrainings-LMS\",\"isPartOf\":{\"@id\":\"https:\\\/\\\/praxistrainings-lms.de\\\/#website\"},\"datePublished\":\"2022-02-08T08:26:49+00:00\",\"dateModified\":\"2023-01-11T10:48:16+00:00\",\"breadcrumb\":{\"@id\":\"https:\\\/\\\/praxistrainings-lms.de\\\/feedback-a\\\/#breadcrumb\"},\"inLanguage\":\"vi\",\"potentialAction\":[{\"@type\":\"ReadAction\",\"target\":[\"https:\\\/\\\/praxistrainings-lms.de\\\/feedback-a\\\/\"]}]},{\"@type\":\"BreadcrumbList\",\"@id\":\"https:\\\/\\\/praxistrainings-lms.de\\\/feedback-a\\\/#breadcrumb\",\"itemListElement\":[{\"@type\":\"ListItem\",\"position\":1,\"name\":\"Startseite\",\"item\":\"https:\\\/\\\/praxistrainings-lms.de\\\/\"},{\"@type\":\"ListItem\",\"position\":2,\"name\":\"Feedback A\"}]},{\"@type\":\"WebSite\",\"@id\":\"https:\\\/\\\/praxistrainings-lms.de\\\/#website\",\"url\":\"https:\\\/\\\/praxistrainings-lms.de\\\/\",\"name\":\"Praxistrainings-LMS\",\"description\":\"Schulungen f\u00fcr QM &amp; QS von Lebensmittel-Unternehmen\",\"publisher\":{\"@id\":\"https:\\\/\\\/praxistrainings-lms.de\\\/#organization\"},\"potentialAction\":[{\"@type\":\"SearchAction\",\"target\":{\"@type\":\"EntryPoint\",\"urlTemplate\":\"https:\\\/\\\/praxistrainings-lms.de\\\/?s={search_term_string}\"},\"query-input\":{\"@type\":\"PropertyValueSpecification\",\"valueRequired\":true,\"valueName\":\"search_term_string\"}}],\"inLanguage\":\"vi\"},{\"@type\":\"Organization\",\"@id\":\"https:\\\/\\\/praxistrainings-lms.de\\\/#organization\",\"name\":\"Praxistrainings-LMS\",\"url\":\"https:\\\/\\\/praxistrainings-lms.de\\\/\",\"logo\":{\"@type\":\"ImageObject\",\"inLanguage\":\"vi\",\"@id\":\"https:\\\/\\\/praxistrainings-lms.de\\\/#\\\/schema\\\/logo\\\/image\\\/\",\"url\":\"https:\\\/\\\/praxistrainings-lms.de\\\/wp-content\\\/uploads\\\/2022\\\/02\\\/WEB_LMS_Logo_Blue-e1646829814308.png\",\"contentUrl\":\"https:\\\/\\\/praxistrainings-lms.de\\\/wp-content\\\/uploads\\\/2022\\\/02\\\/WEB_LMS_Logo_Blue-e1646829814308.png\",\"width\":286,\"height\":143,\"caption\":\"Praxistrainings-LMS\"},\"image\":{\"@id\":\"https:\\\/\\\/praxistrainings-lms.de\\\/#\\\/schema\\\/logo\\\/image\\\/\"},\"sameAs\":[\"https:\\\/\\\/www.facebook.com\\\/jennifer.ziegler.praxistraining.lms.de\",\"https:\\\/\\\/www.linkedin.com\\\/in\\\/jennifer-ziegler-sichere-lm\\\/\",\"https:\\\/\\\/www.youtube.com\\\/channel\\\/UCQ1DGMwNQlP9uMcX_P-_gTg\"]}]}<\/script>\n<!-- \/ Yoast SEO Premium plugin. -->","yoast_head_json":{"title":"Ph\u1ea3n h\u1ed3i A - \u0110\u00e0o t\u1ea1o th\u1ef1c h\u00e0nh LMS","robots":{"index":"noindex","follow":"follow"},"og_locale":"vi_VN","og_type":"article","og_title":"Feedback A","og_description":"Praxistrainings-LMS: Feedback Vielen Dank f\u00fcr deine gute Bewertung. Es freut uns, dass dir deine Schulung gefallen hat. Vielleicht hast du noch ein paar Minuten Zeit, um deine Bewertung auf Google zu hinterlassen und deine Erfahrungen mit Praxistrainings-LMS zu teilen?\u00a0 Vielen Dank f\u00fcr dein Feedback. So hilfst du uns, noch besser zu werden.","og_url":"https:\/\/praxistrainings-lms.de\/vi\/feedback-a\/","og_site_name":"Praxistrainings-LMS","article_publisher":"https:\/\/www.facebook.com\/jennifer.ziegler.praxistraining.lms.de","article_modified_time":"2023-01-11T10:48:16+00:00","twitter_card":"summary_large_image","twitter_misc":{"\u01af\u1edbc t\u00ednh th\u1eddi gian \u0111\u1ecdc":"1 ph\u00fat"},"schema":{"@context":"https:\/\/schema.org","@graph":[{"@type":"WebPage","@id":"https:\/\/praxistrainings-lms.de\/feedback-a\/","url":"https:\/\/praxistrainings-lms.de\/feedback-a\/","name":"Ph\u1ea3n h\u1ed3i A - \u0110\u00e0o t\u1ea1o th\u1ef1c h\u00e0nh LMS","isPartOf":{"@id":"https:\/\/praxistrainings-lms.de\/#website"},"datePublished":"2022-02-08T08:26:49+00:00","dateModified":"2023-01-11T10:48:16+00:00","breadcrumb":{"@id":"https:\/\/praxistrainings-lms.de\/feedback-a\/#breadcrumb"},"inLanguage":"vi","potentialAction":[{"@type":"ReadAction","target":["https:\/\/praxistrainings-lms.de\/feedback-a\/"]}]},{"@type":"BreadcrumbList","@id":"https:\/\/praxistrainings-lms.de\/feedback-a\/#breadcrumb","itemListElement":[{"@type":"ListItem","position":1,"name":"Startseite","item":"https:\/\/praxistrainings-lms.de\/"},{"@type":"ListItem","position":2,"name":"Feedback A"}]},{"@type":"WebSite","@id":"https:\/\/praxistrainings-lms.de\/#website","url":"https:\/\/praxistrainings-lms.de\/","name":"Th\u1ef1c h\u00e0nh \u0111\u00e0o t\u1ea1o LMS","description":"\u0110\u00e0o t\u1ea1o QM &amp; QS c\u1ee7a c\u00e1c c\u00f4ng ty th\u1ef1c ph\u1ea9m","publisher":{"@id":"https:\/\/praxistrainings-lms.de\/#organization"},"potentialAction":[{"@type":"SearchAction","target":{"@type":"EntryPoint","urlTemplate":"https:\/\/praxistrainings-lms.de\/?s={search_term_string}"},"query-input":{"@type":"PropertyValueSpecification","valueRequired":true,"valueName":"search_term_string"}}],"inLanguage":"vi"},{"@type":"Organization","@id":"https:\/\/praxistrainings-lms.de\/#organization","name":"Th\u1ef1c h\u00e0nh \u0111\u00e0o t\u1ea1o LMS","url":"https:\/\/praxistrainings-lms.de\/","logo":{"@type":"ImageObject","inLanguage":"vi","@id":"https:\/\/praxistrainings-lms.de\/#\/schema\/logo\/image\/","url":"https:\/\/praxistrainings-lms.de\/wp-content\/uploads\/2022\/02\/WEB_LMS_Logo_Blue-e1646829814308.png","contentUrl":"https:\/\/praxistrainings-lms.de\/wp-content\/uploads\/2022\/02\/WEB_LMS_Logo_Blue-e1646829814308.png","width":286,"height":143,"caption":"Praxistrainings-LMS"},"image":{"@id":"https:\/\/praxistrainings-lms.de\/#\/schema\/logo\/image\/"},"sameAs":["https:\/\/www.facebook.com\/jennifer.ziegler.praxistraining.lms.de","https:\/\/www.linkedin.com\/in\/jennifer-ziegler-sichere-lm\/","https:\/\/www.youtube.com\/channel\/UCQ1DGMwNQlP9uMcX_P-_gTg"]}]}},"_links":{"self":[{"href":"https:\/\/praxistrainings-lms.de\/vi\/wp-json\/wp\/v2\/pages\/30716","targetHints":{"allow":["GET"]}}],"collection":[{"href":"https:\/\/praxistrainings-lms.de\/vi\/wp-json\/wp\/v2\/pages"}],"about":[{"href":"https:\/\/praxistrainings-lms.de\/vi\/wp-json\/wp\/v2\/types\/page"}],"author":[{"embeddable":true,"href":"https:\/\/praxistrainings-lms.de\/vi\/wp-json\/wp\/v2\/users\/1"}],"replies":[{"embeddable":true,"href":"https:\/\/praxistrainings-lms.de\/vi\/wp-json\/wp\/v2\/comments?post=30716"}],"version-history":[{"count":0,"href":"https:\/\/praxistrainings-lms.de\/vi\/wp-json\/wp\/v2\/pages\/30716\/revisions"}],"wp:attachment":[{"href":"https:\/\/praxistrainings-lms.de\/vi\/wp-json\/wp\/v2\/media?parent=30716"}],"curies":[{"name":"wp","href":"https:\/\/api.w.org\/{rel}","templated":true}]}}