{"id":324,"date":"2019-02-12T01:29:05","date_gmt":"2019-02-12T00:29:05","guid":{"rendered":"http:\/\/praxistrainings-lms.de\/my-account\/"},"modified":"2026-01-07T15:11:58","modified_gmt":"2026-01-07T14:11:58","slug":"persoenlicher-account","status":"publish","type":"page","link":"https:\/\/praxistrainings-lms.de\/vi\/persoenlicher-account\/","title":{"rendered":"T\u00e0i kho\u1ea3n c\u00e1 nh\u00e2n"},"content":{"rendered":"<div data-elementor-type=\"wp-post\" data-elementor-id=\"324\" class=\"elementor elementor-324\" data-elementor-post-type=\"page\">\n\t\t\t\t\t\t<section class=\"elementor-section elementor-top-section elementor-element elementor-element-401763a elementor-section-boxed elementor-section-height-default elementor-section-height-default\" data-id=\"401763a\" data-element_type=\"section\" data-e-type=\"section\">\n\t\t\t\t\t\t<div class=\"elementor-container elementor-column-gap-default\">\n\t\t\t\t\t<div class=\"elementor-column elementor-col-100 elementor-top-column elementor-element elementor-element-6ab7f07\" data-id=\"6ab7f07\" data-element_type=\"column\" data-e-type=\"column\">\n\t\t\t<div class=\"elementor-widget-wrap elementor-element-populated\">\n\t\t\t\t\t\t<div class=\"elementor-element elementor-element-33d98fa elementor-widget elementor-widget-spacer\" data-id=\"33d98fa\" data-element_type=\"widget\" data-e-type=\"widget\" data-widget_type=\"spacer.default\">\n\t\t\t\t<div class=\"elementor-widget-container\">\n\t\t\t\t\t\t\t<div class=\"elementor-spacer\">\n\t\t\t<div class=\"elementor-spacer-inner\"><\/div>\n\t\t<\/div>\n\t\t\t\t\t\t<\/div>\n\t\t\t\t<\/div>\n\t\t\t\t\t<\/div>\n\t\t<\/div>\n\t\t\t\t\t<\/div>\n\t\t<\/section>\n\t\t\t\t<section class=\"elementor-section elementor-top-section elementor-element elementor-element-232ecab elementor-section-boxed elementor-section-height-default elementor-section-height-default\" data-id=\"232ecab\" data-element_type=\"section\" data-e-type=\"section\" data-settings=\"{&quot;background_background&quot;:&quot;classic&quot;}\">\n\t\t\t\t\t\t<div class=\"elementor-container elementor-column-gap-default\">\n\t\t\t\t\t<div class=\"elementor-column elementor-col-66 elementor-top-column elementor-element elementor-element-b0d382c\" data-id=\"b0d382c\" data-element_type=\"column\" data-e-type=\"column\">\n\t\t\t<div class=\"elementor-widget-wrap elementor-element-populated\">\n\t\t\t\t\t\t<div class=\"elementor-element elementor-element-24b52b5 elementor-widget elementor-widget-heading\" data-id=\"24b52b5\" data-element_type=\"widget\" data-e-type=\"widget\" data-widget_type=\"heading.default\">\n\t\t\t\t<div class=\"elementor-widget-container\">\n\t\t\t\t\t<h1 class=\"elementor-heading-title elementor-size-default\"><b>T\u00e0i kho\u1ea3n ng\u01b0\u1eddi d\u00f9ng<\/b><\/h1>\t\t\t\t<\/div>\n\t\t\t\t<\/div>\n\t\t\t\t<section class=\"elementor-section elementor-inner-section elementor-element elementor-element-e6d5cf6 elementor-section-boxed elementor-section-height-default elementor-section-height-default\" data-id=\"e6d5cf6\" data-element_type=\"section\" data-e-type=\"section\">\n\t\t\t\t\t\t<div class=\"elementor-container elementor-column-gap-default\">\n\t\t\t\t\t<div class=\"elementor-column elementor-col-50 elementor-inner-column elementor-element elementor-element-56580a4\" data-id=\"56580a4\" data-element_type=\"column\" data-e-type=\"column\">\n\t\t\t<div class=\"elementor-widget-wrap elementor-element-populated\">\n\t\t\t\t\t\t<div class=\"elementor-element elementor-element-fa20256 elementor-widget__width-initial elementor-widget elementor-widget-image\" data-id=\"fa20256\" data-element_type=\"widget\" data-e-type=\"widget\" data-widget_type=\"image.default\">\n\t\t\t\t<div class=\"elementor-widget-container\">\n\t\t\t\t\t\t\t\t\t\t\t\t\t\t\t<img loading=\"lazy\" decoding=\"async\" width=\"300\" height=\"275\" src=\"https:\/\/praxistrainings-lms.de\/wp-content\/uploads\/2023\/05\/4181-94a_10x15cm-300x275.jpg\" class=\"attachment-medium size-medium wp-image-40872\" alt=\"Jennifer Ziegler ch\u1ee7 \u0111\u00e0o t\u1ea1o th\u1ef1c h\u00e0nh LMS l\u1edbn\" srcset=\"https:\/\/praxistrainings-lms.de\/wp-content\/uploads\/2023\/05\/4181-94a_10x15cm-300x275.jpg 300w, https:\/\/praxistrainings-lms.de\/wp-content\/uploads\/2023\/05\/4181-94a_10x15cm-600x549.jpg 600w, https:\/\/praxistrainings-lms.de\/wp-content\/uploads\/2023\/05\/4181-94a_10x15cm-1024x937.jpg 1024w, https:\/\/praxistrainings-lms.de\/wp-content\/uploads\/2023\/05\/4181-94a_10x15cm-768x703.jpg 768w, https:\/\/praxistrainings-lms.de\/wp-content\/uploads\/2023\/05\/4181-94a_10x15cm-13x12.jpg 13w, https:\/\/praxistrainings-lms.de\/wp-content\/uploads\/2023\/05\/4181-94a_10x15cm.jpg 1290w\" sizes=\"auto, (max-width: 300px) 100vw, 300px\" \/>\t\t\t\t\t\t\t\t\t\t\t\t\t\t\t<\/div>\n\t\t\t\t<\/div>\n\t\t\t\t\t<\/div>\n\t\t<\/div>\n\t\t\t\t<div class=\"elementor-column elementor-col-50 elementor-inner-column elementor-element elementor-element-be910f8\" data-id=\"be910f8\" data-element_type=\"column\" data-e-type=\"column\">\n\t\t\t<div class=\"elementor-widget-wrap elementor-element-populated\">\n\t\t\t\t\t\t<div class=\"elementor-element elementor-element-fcc5b42 elementor-widget elementor-widget-text-editor\" data-id=\"fcc5b42\" data-element_type=\"widget\" data-e-type=\"widget\" data-widget_type=\"text-editor.default\">\n\t\t\t\t<div class=\"elementor-widget-container\">\n\t\t\t\t\t\t\t\t\t<p style=\"text-align: left;\"><b>Ch\u00e0o m\u1eebng!<\/b><br \/><span style=\"font-style: inherit; font-weight: inherit; color: var( --e-global-color-text );\">Sau khi b\u1ea1n \u0111\u00e3 \u0111\u0103ng k\u00fd, b\u1ea1n s\u1ebd t\u00ecm th\u1ea5y t\u1ea5t c\u1ea3 c\u00e1c kh\u00f3a h\u1ecdc m\u00e0 b\u1ea1n \u0111\u00e3 \u0111\u01b0\u1ee3c k\u00edch ho\u1ea1t t\u1ea1i \u0111\u00e2y.\u00a0<\/span><span style=\"color: var( --e-global-color-text ); font-style: inherit; font-weight: inherit;\">N\u1ebfu b\u1ea1n \u0111\u00e3 \u0111\u1eb7t nhi\u1ec1u h\u01a1n m\u1ed9t kh\u00f3a h\u1ecdc, b\u1ea1n lu\u00f4n c\u00f3 th\u1ec3 quay l\u1ea1i trang n\u00e0y v\u00e0 m\u1edf c\u00e1c kh\u00f3a h\u1ecdc kh\u00e1c b\u1eb1ng c\u00e1ch nh\u1ea5p v\u00e0o \u201cT\u00e0i kho\u1ea3n ng\u01b0\u1eddi d\u00f9ng\u201d \u1edf tr\u00ean c\u00f9ng b\u00ean ph\u1ea3i.<br \/><\/span><span style=\"font-style: inherit; font-weight: inherit; color: var( --e-global-color-text ); letter-spacing: 0px;\">B\u1ea1n c\u00f3 th\u1ec3 th\u1ef1c hi\u1ec7n \u0111\u00e0o t\u1ea1o tr\u00ean \u0111i\u1ec7n tho\u1ea1i di \u0111\u1ed9ng, m\u00e1y t\u00ednh b\u1ea3ng ho\u1eb7c PC. Vui l\u00f2ng s\u1eed d\u1ee5ng <\/span><strong style=\"font-style: inherit; color: var( --e-global-color-text ); letter-spacing: 0px;\">kh\u00f4ng ph\u1ea3i Firefox<\/strong><span style=\"font-style: inherit; font-weight: inherit; color: var( --e-global-color-text ); letter-spacing: 0px;\"> nh\u01b0 m\u1ed9t tr\u00ecnh duy\u1ec7t, v\u00ec c\u00e1c v\u1ea5n \u0111\u1ec1 hi\u1ec3n th\u1ecb c\u00f3 th\u1ec3 x\u1ea3y ra \u1edf \u0111\u00e2y.<\/span><\/p><p><iframe style=\"display: none;\" src=\"chrome-extension:\/\/ddafdejlekcmnafgnbllcfkebabhabcl\/html\/tpc.html\"><\/iframe><\/p><p><iframe id=\"zShareTpcCheck\" style=\"display: none;\" src=\"chrome-extension:\/\/ddafdejlekcmnafgnbllcfkebabhabcl\/html\/tpc.html\"><\/iframe><span id=\"zoho_button_ext\" style=\"display: none; position: absolute; z-index: 99999999; width: 80px; height: 31px; background-image: url('chrome-extension:\/\/ddafdejlekcmnafgnbllcfkebabhabcl\/images\/zshare.png'); background-size: 80px 31px; opacity: 0.9; cursor: pointer; top: 0px; left: 0px;\"><\/span><\/p><p><iframe id=\"zShareTpcCheck\" style=\"display: none;\" src=\"chrome-extension:\/\/ddafdejlekcmnafgnbllcfkebabhabcl\/html\/tpc.html\"><\/iframe><\/p><p><iframe id=\"zShareTpcCheck\" style=\"display: none;\" src=\"chrome-extension:\/\/ddafdejlekcmnafgnbllcfkebabhabcl\/html\/tpc.html\"><\/iframe><\/p>\t\t\t\t\t\t\t\t<\/div>\n\t\t\t\t<\/div>\n\t\t\t\t\t<\/div>\n\t\t<\/div>\n\t\t\t\t\t<\/div>\n\t\t<\/section>\n\t\t\t\t\t<\/div>\n\t\t<\/div>\n\t\t\t\t<div class=\"elementor-column elementor-col-33 elementor-top-column elementor-element elementor-element-137ea30\" data-id=\"137ea30\" data-element_type=\"column\" data-e-type=\"column\">\n\t\t\t<div class=\"elementor-widget-wrap elementor-element-populated\">\n\t\t\t\t\t\t<div class=\"elementor-element elementor-element-2a0bb81 elementor-widget elementor-widget-spacer\" data-id=\"2a0bb81\" data-element_type=\"widget\" data-e-type=\"widget\" data-widget_type=\"spacer.default\">\n\t\t\t\t<div class=\"elementor-widget-container\">\n\t\t\t\t\t\t\t<div class=\"elementor-spacer\">\n\t\t\t<div class=\"elementor-spacer-inner\"><\/div>\n\t\t<\/div>\n\t\t\t\t\t\t<\/div>\n\t\t\t\t<\/div>\n\t\t\t\t<div class=\"elementor-element elementor-element-50eb430 elementor-widget elementor-widget-shortcode\" data-id=\"50eb430\" data-element_type=\"widget\" data-e-type=\"widget\" data-widget_type=\"shortcode.default\">\n\t\t\t\t<div class=\"elementor-widget-container\">\n\t\t\t\t\t\t\t<div class=\"elementor-shortcode\"><div class=\"learndash-wrapper\"><a class=\"ld-login ld-login ld-login-text ld-login-button ld-button\" href=\"#login\"><span class=\"ld-icon ld-icon-login ld-icon-left\"><\/span>\u0110\u0103ng nh\u1eadp<\/a><\/div><\/div>\n\t\t\t\t\t\t<\/div>\n\t\t\t\t<\/div>\n\t\t\t\t\t<\/div>\n\t\t<\/div>\n\t\t\t\t\t<\/div>\n\t\t<\/section>\n\t\t\t\t<section class=\"elementor-section elementor-top-section elementor-element elementor-element-715ce554 elementor-section-boxed elementor-section-height-default elementor-section-height-default\" data-id=\"715ce554\" data-element_type=\"section\" data-e-type=\"section\" data-settings=\"{&quot;background_background&quot;:&quot;classic&quot;}\">\n\t\t\t\t\t\t<div class=\"elementor-container elementor-column-gap-default\">\n\t\t\t\t\t<div class=\"elementor-column elementor-col-100 elementor-top-column elementor-element elementor-element-29407310\" data-id=\"29407310\" data-element_type=\"column\" data-e-type=\"column\">\n\t\t\t<div class=\"elementor-widget-wrap elementor-element-populated\">\n\t\t\t\t\t\t<div class=\"elementor-element elementor-element-de61cad elementor-widget-divider--view-line elementor-widget elementor-widget-divider\" data-id=\"de61cad\" data-element_type=\"widget\" data-e-type=\"widget\" data-widget_type=\"divider.default\">\n\t\t\t\t<div class=\"elementor-widget-container\">\n\t\t\t\t\t\t\t<div class=\"elementor-divider\">\n\t\t\t<span class=\"elementor-divider-separator\">\n\t\t\t\t\t\t<\/span>\n\t\t<\/div>\n\t\t\t\t\t\t<\/div>\n\t\t\t\t<\/div>\n\t\t\t\t<div class=\"elementor-element elementor-element-1726973e elementor-widget elementor-widget-shortcode\" data-id=\"1726973e\" data-element_type=\"widget\" data-e-type=\"widget\" data-widget_type=\"shortcode.default\">\n\t\t\t\t<div class=\"elementor-widget-container\">\n\t\t\t\t\t\t\t<div class=\"elementor-shortcode\"><\/div>\n\t\t\t\t\t\t<\/div>\n\t\t\t\t<\/div>\n\t\t\t\t\t<\/div>\n\t\t<\/div>\n\t\t\t\t\t<\/div>\n\t\t<\/section>\n\t\t\t\t<section class=\"elementor-section elementor-top-section elementor-element elementor-element-68e6d7d elementor-section-boxed elementor-section-height-default elementor-section-height-default\" data-id=\"68e6d7d\" data-element_type=\"section\" data-e-type=\"section\" data-settings=\"{&quot;background_background&quot;:&quot;classic&quot;}\">\n\t\t\t\t\t\t<div class=\"elementor-container elementor-column-gap-default\">\n\t\t\t\t\t<div class=\"elementor-column elementor-col-33 elementor-top-column elementor-element elementor-element-7a89de5\" data-id=\"7a89de5\" data-element_type=\"column\" data-e-type=\"column\">\n\t\t\t<div class=\"elementor-widget-wrap elementor-element-populated\">\n\t\t\t\t\t\t<div class=\"elementor-element elementor-element-d7b674a elementor-widget elementor-widget-shortcode\" data-id=\"d7b674a\" data-element_type=\"widget\" data-e-type=\"widget\" data-widget_type=\"shortcode.default\">\n\t\t\t\t<div class=\"elementor-widget-container\">\n\t\t\t\t\t\t\t<div class=\"elementor-shortcode\"><div class=\"learndash-wrapper\"><a class=\"ld-login ld-login ld-login-text ld-login-button ld-button\" href=\"#login\"><span class=\"ld-icon ld-icon-login ld-icon-left\"><\/span>\u0110\u0103ng nh\u1eadp<\/a><\/div><\/div>\n\t\t\t\t\t\t<\/div>\n\t\t\t\t<\/div>\n\t\t\t\t\t<\/div>\n\t\t<\/div>\n\t\t\t\t<div class=\"elementor-column elementor-col-66 elementor-top-column elementor-element elementor-element-309369d\" data-id=\"309369d\" data-element_type=\"column\" data-e-type=\"column\">\n\t\t\t<div class=\"elementor-widget-wrap\">\n\t\t\t\t\t\t\t<\/div>\n\t\t<\/div>\n\t\t\t\t\t<\/div>\n\t\t<\/section>\n\t\t\t\t<\/div>","protected":false},"excerpt":{"rendered":"<p>User Account Herzlich willkommen!Hier findest du nach der Anmeldung alle Kurse, f\u00fcr die du freigeschaltet bist.\u00a0Wenn du mehr als einen Kurs gebucht hast, dann kannst du \u00fcber Klick auf &#8220;User Account&#8221; oben rechts immer wieder auf diese Seite kommen und die anderen Kurse \u00f6ffnen.Die Schulung kannst du am Handy, Tablet oder am PC durchf\u00fchren. Bitte [&hellip;]<\/p>\n","protected":false},"author":1,"featured_media":0,"parent":0,"menu_order":0,"comment_status":"closed","ping_status":"closed","template":"","meta":{"_acf_changed":false,"site-sidebar-layout":"default","site-content-layout":"page-builder","ast-site-content-layout":"full-width-container","site-content-style":"unboxed","site-sidebar-style":"unboxed","ast-global-header-display":"","ast-banner-title-visibility":"","ast-main-header-display":"","ast-hfb-above-header-display":"","ast-hfb-below-header-display":"","ast-hfb-mobile-header-display":"","site-post-title":"disabled","ast-breadcrumbs-content":"","ast-featured-img":"disabled","footer-sml-layout":"","ast-disable-related-posts":"","theme-transparent-header-meta":"enabled","adv-header-id-meta":"","stick-header-meta":"","header-above-stick-meta":"","header-main-stick-meta":"","header-below-stick-meta":"","astra-migrate-meta-layouts":"set","ast-page-background-enabled":"default","ast-page-background-meta":{"desktop":{"background-color":"","background-image":"","background-repeat":"repeat","background-position":"center center","background-size":"auto","background-attachment":"scroll","background-type":"","background-media":"","overlay-type":"","overlay-color":"","overlay-opacity":"","overlay-gradient":""},"tablet":{"background-color":"","background-image":"","background-repeat":"repeat","background-position":"center center","background-size":"auto","background-attachment":"scroll","background-type":"","background-media":"","overlay-type":"","overlay-color":"","overlay-opacity":"","overlay-gradient":""},"mobile":{"background-color":"","background-image":"","background-repeat":"repeat","background-position":"center center","background-size":"auto","background-attachment":"scroll","background-type":"","background-media":"","overlay-type":"","overlay-color":"","overlay-opacity":"","overlay-gradient":""}},"ast-content-background-meta":{"desktop":{"background-color":"var(--ast-global-color-5)","background-image":"","background-repeat":"repeat","background-position":"center center","background-size":"auto","background-attachment":"scroll","background-type":"","background-media":"","overlay-type":"","overlay-color":"","overlay-opacity":"","overlay-gradient":""},"tablet":{"background-color":"var(--ast-global-color-5)","background-image":"","background-repeat":"repeat","background-position":"center center","background-size":"auto","background-attachment":"scroll","background-type":"","background-media":"","overlay-type":"","overlay-color":"","overlay-opacity":"","overlay-gradient":""},"mobile":{"background-color":"var(--ast-global-color-5)","background-image":"","background-repeat":"repeat","background-position":"center center","background-size":"auto","background-attachment":"scroll","background-type":"","background-media":"","overlay-type":"","overlay-color":"","overlay-opacity":"","overlay-gradient":""}},"footnotes":""},"class_list":["post-324","page","type-page","status-publish","hentry"],"acf":[],"yoast_head":"<!-- This site is optimized with the Yoast SEO Premium plugin v27.5 (Yoast SEO v27.5) - https:\/\/yoast.com\/product\/yoast-seo-premium-wordpress\/ -->\n<title>Pers\u00f6nlicher Account - Praxistrainings-LMS<\/title>\n<meta name=\"description\" content=\"F\u00fcr die E-Learning-Kunden von Praxistrainings-LMS: Zugang zu Ihrem pers\u00f6nlichen User-Account. Jetzt mit Benutzername und Passwort anmelden.\" \/>\n<meta name=\"robots\" content=\"index, follow, max-snippet:-1, max-image-preview:large, max-video-preview:-1\" \/>\n<link rel=\"canonical\" href=\"https:\/\/praxistrainings-lms.de\/vi\/persoenlicher-account\/\" \/>\n<meta property=\"og:locale\" content=\"vi_VN\" \/>\n<meta property=\"og:type\" content=\"article\" \/>\n<meta property=\"og:title\" content=\"Pers\u00f6nlicher Account\" \/>\n<meta property=\"og:description\" content=\"F\u00fcr die E-Learning-Kunden von Praxistrainings-LMS: Zugang zu Ihrem pers\u00f6nlichen User-Account. Jetzt mit Benutzername und Passwort anmelden.\" \/>\n<meta property=\"og:url\" content=\"https:\/\/praxistrainings-lms.de\/vi\/persoenlicher-account\/\" \/>\n<meta property=\"og:site_name\" content=\"Praxistrainings-LMS\" \/>\n<meta property=\"article:publisher\" content=\"https:\/\/www.facebook.com\/jennifer.ziegler.praxistraining.lms.de\" \/>\n<meta property=\"article:modified_time\" content=\"2026-01-07T14:11:58+00:00\" \/>\n<meta property=\"og:image\" content=\"https:\/\/praxistrainings-lms.de\/wp-content\/uploads\/2023\/05\/4181-94a_10x15cm.jpg\" \/>\n\t<meta property=\"og:image:width\" content=\"1290\" \/>\n\t<meta property=\"og:image:height\" content=\"1181\" \/>\n\t<meta property=\"og:image:type\" content=\"image\/jpeg\" \/>\n<meta name=\"twitter:card\" content=\"summary_large_image\" \/>\n<meta name=\"twitter:label1\" content=\"\u01af\u1edbc t\u00ednh th\u1eddi gian \u0111\u1ecdc\" \/>\n\t<meta name=\"twitter:data1\" content=\"1 ph\u00fat\" \/>\n<script type=\"application\/ld+json\" class=\"yoast-schema-graph\">{\"@context\":\"https:\\\/\\\/schema.org\",\"@graph\":[{\"@type\":\"WebPage\",\"@id\":\"https:\\\/\\\/praxistrainings-lms.de\\\/persoenlicher-account\\\/\",\"url\":\"https:\\\/\\\/praxistrainings-lms.de\\\/persoenlicher-account\\\/\",\"name\":\"Pers\u00f6nlicher Account - Praxistrainings-LMS\",\"isPartOf\":{\"@id\":\"https:\\\/\\\/praxistrainings-lms.de\\\/#website\"},\"primaryImageOfPage\":{\"@id\":\"https:\\\/\\\/praxistrainings-lms.de\\\/persoenlicher-account\\\/#primaryimage\"},\"image\":{\"@id\":\"https:\\\/\\\/praxistrainings-lms.de\\\/persoenlicher-account\\\/#primaryimage\"},\"thumbnailUrl\":\"https:\\\/\\\/praxistrainings-lms.de\\\/wp-content\\\/uploads\\\/2023\\\/05\\\/4181-94a_10x15cm-300x275.jpg\",\"datePublished\":\"2019-02-12T00:29:05+00:00\",\"dateModified\":\"2026-01-07T14:11:58+00:00\",\"description\":\"F\u00fcr die E-Learning-Kunden von Praxistrainings-LMS: Zugang zu Ihrem pers\u00f6nlichen User-Account. Jetzt mit Benutzername und Passwort anmelden.\",\"breadcrumb\":{\"@id\":\"https:\\\/\\\/praxistrainings-lms.de\\\/persoenlicher-account\\\/#breadcrumb\"},\"inLanguage\":\"vi\",\"potentialAction\":[{\"@type\":\"ReadAction\",\"target\":[\"https:\\\/\\\/praxistrainings-lms.de\\\/persoenlicher-account\\\/\"]}]},{\"@type\":\"ImageObject\",\"inLanguage\":\"vi\",\"@id\":\"https:\\\/\\\/praxistrainings-lms.de\\\/persoenlicher-account\\\/#primaryimage\",\"url\":\"https:\\\/\\\/praxistrainings-lms.de\\\/wp-content\\\/uploads\\\/2023\\\/05\\\/4181-94a_10x15cm-300x275.jpg\",\"contentUrl\":\"https:\\\/\\\/praxistrainings-lms.de\\\/wp-content\\\/uploads\\\/2023\\\/05\\\/4181-94a_10x15cm-300x275.jpg\"},{\"@type\":\"BreadcrumbList\",\"@id\":\"https:\\\/\\\/praxistrainings-lms.de\\\/persoenlicher-account\\\/#breadcrumb\",\"itemListElement\":[{\"@type\":\"ListItem\",\"position\":1,\"name\":\"Startseite\",\"item\":\"https:\\\/\\\/praxistrainings-lms.de\\\/\"},{\"@type\":\"ListItem\",\"position\":2,\"name\":\"Pers\u00f6nlicher Account\"}]},{\"@type\":\"WebSite\",\"@id\":\"https:\\\/\\\/praxistrainings-lms.de\\\/#website\",\"url\":\"https:\\\/\\\/praxistrainings-lms.de\\\/\",\"name\":\"Praxistrainings-LMS\",\"description\":\"Schulungen f\u00fcr QM &amp; QS von Lebensmittel-Unternehmen\",\"publisher\":{\"@id\":\"https:\\\/\\\/praxistrainings-lms.de\\\/#organization\"},\"potentialAction\":[{\"@type\":\"SearchAction\",\"target\":{\"@type\":\"EntryPoint\",\"urlTemplate\":\"https:\\\/\\\/praxistrainings-lms.de\\\/?s={search_term_string}\"},\"query-input\":{\"@type\":\"PropertyValueSpecification\",\"valueRequired\":true,\"valueName\":\"search_term_string\"}}],\"inLanguage\":\"vi\"},{\"@type\":\"Organization\",\"@id\":\"https:\\\/\\\/praxistrainings-lms.de\\\/#organization\",\"name\":\"Praxistrainings-LMS\",\"url\":\"https:\\\/\\\/praxistrainings-lms.de\\\/\",\"logo\":{\"@type\":\"ImageObject\",\"inLanguage\":\"vi\",\"@id\":\"https:\\\/\\\/praxistrainings-lms.de\\\/#\\\/schema\\\/logo\\\/image\\\/\",\"url\":\"https:\\\/\\\/praxistrainings-lms.de\\\/wp-content\\\/uploads\\\/2022\\\/02\\\/WEB_LMS_Logo_Blue-e1646829814308.png\",\"contentUrl\":\"https:\\\/\\\/praxistrainings-lms.de\\\/wp-content\\\/uploads\\\/2022\\\/02\\\/WEB_LMS_Logo_Blue-e1646829814308.png\",\"width\":286,\"height\":143,\"caption\":\"Praxistrainings-LMS\"},\"image\":{\"@id\":\"https:\\\/\\\/praxistrainings-lms.de\\\/#\\\/schema\\\/logo\\\/image\\\/\"},\"sameAs\":[\"https:\\\/\\\/www.facebook.com\\\/jennifer.ziegler.praxistraining.lms.de\",\"https:\\\/\\\/www.linkedin.com\\\/in\\\/jennifer-ziegler-sichere-lm\\\/\",\"https:\\\/\\\/www.youtube.com\\\/channel\\\/UCQ1DGMwNQlP9uMcX_P-_gTg\"]}]}<\/script>\n<!-- \/ Yoast SEO Premium plugin. -->","yoast_head_json":{"title":"T\u00e0i kho\u1ea3n c\u00e1 nh\u00e2n - \u0110\u00e0o t\u1ea1o th\u1ef1c h\u00e0nh LMS","description":"D\u00e0nh cho kh\u00e1ch h\u00e0ng h\u1ecdc tr\u1ef1c tuy\u1ebfn c\u1ee7a Praxistrainings-LMS: Truy c\u1eadp v\u00e0o t\u00e0i kho\u1ea3n ng\u01b0\u1eddi d\u00f9ng c\u00e1 nh\u00e2n c\u1ee7a b\u1ea1n. \u0110\u0103ng nh\u1eadp ngay b\u00e2y gi\u1edd v\u1edbi t\u00ean ng\u01b0\u1eddi d\u00f9ng v\u00e0 m\u1eadt kh\u1ea9u c\u1ee7a b\u1ea1n.","robots":{"index":"index","follow":"follow","max-snippet":"max-snippet:-1","max-image-preview":"max-image-preview:large","max-video-preview":"max-video-preview:-1"},"canonical":"https:\/\/praxistrainings-lms.de\/vi\/persoenlicher-account\/","og_locale":"vi_VN","og_type":"article","og_title":"Pers\u00f6nlicher Account","og_description":"F\u00fcr die E-Learning-Kunden von Praxistrainings-LMS: Zugang zu Ihrem pers\u00f6nlichen User-Account. Jetzt mit Benutzername und Passwort anmelden.","og_url":"https:\/\/praxistrainings-lms.de\/vi\/persoenlicher-account\/","og_site_name":"Praxistrainings-LMS","article_publisher":"https:\/\/www.facebook.com\/jennifer.ziegler.praxistraining.lms.de","article_modified_time":"2026-01-07T14:11:58+00:00","og_image":[{"width":1290,"height":1181,"url":"https:\/\/praxistrainings-lms.de\/wp-content\/uploads\/2023\/05\/4181-94a_10x15cm.jpg","type":"image\/jpeg"}],"twitter_card":"summary_large_image","twitter_misc":{"\u01af\u1edbc t\u00ednh th\u1eddi gian \u0111\u1ecdc":"1 ph\u00fat"},"schema":{"@context":"https:\/\/schema.org","@graph":[{"@type":"WebPage","@id":"https:\/\/praxistrainings-lms.de\/persoenlicher-account\/","url":"https:\/\/praxistrainings-lms.de\/persoenlicher-account\/","name":"T\u00e0i kho\u1ea3n c\u00e1 nh\u00e2n - \u0110\u00e0o t\u1ea1o th\u1ef1c h\u00e0nh LMS","isPartOf":{"@id":"https:\/\/praxistrainings-lms.de\/#website"},"primaryImageOfPage":{"@id":"https:\/\/praxistrainings-lms.de\/persoenlicher-account\/#primaryimage"},"image":{"@id":"https:\/\/praxistrainings-lms.de\/persoenlicher-account\/#primaryimage"},"thumbnailUrl":"https:\/\/praxistrainings-lms.de\/wp-content\/uploads\/2023\/05\/4181-94a_10x15cm-300x275.jpg","datePublished":"2019-02-12T00:29:05+00:00","dateModified":"2026-01-07T14:11:58+00:00","description":"D\u00e0nh cho kh\u00e1ch h\u00e0ng h\u1ecdc tr\u1ef1c tuy\u1ebfn c\u1ee7a Praxistrainings-LMS: Truy c\u1eadp v\u00e0o t\u00e0i kho\u1ea3n ng\u01b0\u1eddi d\u00f9ng c\u00e1 nh\u00e2n c\u1ee7a b\u1ea1n. \u0110\u0103ng nh\u1eadp ngay b\u00e2y gi\u1edd v\u1edbi t\u00ean ng\u01b0\u1eddi d\u00f9ng v\u00e0 m\u1eadt kh\u1ea9u c\u1ee7a b\u1ea1n.","breadcrumb":{"@id":"https:\/\/praxistrainings-lms.de\/persoenlicher-account\/#breadcrumb"},"inLanguage":"vi","potentialAction":[{"@type":"ReadAction","target":["https:\/\/praxistrainings-lms.de\/persoenlicher-account\/"]}]},{"@type":"ImageObject","inLanguage":"vi","@id":"https:\/\/praxistrainings-lms.de\/persoenlicher-account\/#primaryimage","url":"https:\/\/praxistrainings-lms.de\/wp-content\/uploads\/2023\/05\/4181-94a_10x15cm-300x275.jpg","contentUrl":"https:\/\/praxistrainings-lms.de\/wp-content\/uploads\/2023\/05\/4181-94a_10x15cm-300x275.jpg"},{"@type":"BreadcrumbList","@id":"https:\/\/praxistrainings-lms.de\/persoenlicher-account\/#breadcrumb","itemListElement":[{"@type":"ListItem","position":1,"name":"Startseite","item":"https:\/\/praxistrainings-lms.de\/"},{"@type":"ListItem","position":2,"name":"Pers\u00f6nlicher Account"}]},{"@type":"WebSite","@id":"https:\/\/praxistrainings-lms.de\/#website","url":"https:\/\/praxistrainings-lms.de\/","name":"Th\u1ef1c h\u00e0nh \u0111\u00e0o t\u1ea1o LMS","description":"\u0110\u00e0o t\u1ea1o QM &amp; QS c\u1ee7a c\u00e1c c\u00f4ng ty th\u1ef1c ph\u1ea9m","publisher":{"@id":"https:\/\/praxistrainings-lms.de\/#organization"},"potentialAction":[{"@type":"SearchAction","target":{"@type":"EntryPoint","urlTemplate":"https:\/\/praxistrainings-lms.de\/?s={search_term_string}"},"query-input":{"@type":"PropertyValueSpecification","valueRequired":true,"valueName":"search_term_string"}}],"inLanguage":"vi"},{"@type":"Organization","@id":"https:\/\/praxistrainings-lms.de\/#organization","name":"Th\u1ef1c h\u00e0nh \u0111\u00e0o t\u1ea1o LMS","url":"https:\/\/praxistrainings-lms.de\/","logo":{"@type":"ImageObject","inLanguage":"vi","@id":"https:\/\/praxistrainings-lms.de\/#\/schema\/logo\/image\/","url":"https:\/\/praxistrainings-lms.de\/wp-content\/uploads\/2022\/02\/WEB_LMS_Logo_Blue-e1646829814308.png","contentUrl":"https:\/\/praxistrainings-lms.de\/wp-content\/uploads\/2022\/02\/WEB_LMS_Logo_Blue-e1646829814308.png","width":286,"height":143,"caption":"Praxistrainings-LMS"},"image":{"@id":"https:\/\/praxistrainings-lms.de\/#\/schema\/logo\/image\/"},"sameAs":["https:\/\/www.facebook.com\/jennifer.ziegler.praxistraining.lms.de","https:\/\/www.linkedin.com\/in\/jennifer-ziegler-sichere-lm\/","https:\/\/www.youtube.com\/channel\/UCQ1DGMwNQlP9uMcX_P-_gTg"]}]}},"_links":{"self":[{"href":"https:\/\/praxistrainings-lms.de\/vi\/wp-json\/wp\/v2\/pages\/324","targetHints":{"allow":["GET"]}}],"collection":[{"href":"https:\/\/praxistrainings-lms.de\/vi\/wp-json\/wp\/v2\/pages"}],"about":[{"href":"https:\/\/praxistrainings-lms.de\/vi\/wp-json\/wp\/v2\/types\/page"}],"author":[{"embeddable":true,"href":"https:\/\/praxistrainings-lms.de\/vi\/wp-json\/wp\/v2\/users\/1"}],"replies":[{"embeddable":true,"href":"https:\/\/praxistrainings-lms.de\/vi\/wp-json\/wp\/v2\/comments?post=324"}],"version-history":[{"count":8,"href":"https:\/\/praxistrainings-lms.de\/vi\/wp-json\/wp\/v2\/pages\/324\/revisions"}],"predecessor-version":[{"id":74104,"href":"https:\/\/praxistrainings-lms.de\/vi\/wp-json\/wp\/v2\/pages\/324\/revisions\/74104"}],"wp:attachment":[{"href":"https:\/\/praxistrainings-lms.de\/vi\/wp-json\/wp\/v2\/media?parent=324"}],"curies":[{"name":"wp","href":"https:\/\/api.w.org\/{rel}","templated":true}]}}