{"id":43113,"date":"2023-08-07T14:46:29","date_gmt":"2023-08-07T12:46:29","guid":{"rendered":"https:\/\/praxistrainings-lms.de\/?page_id=43113"},"modified":"2026-02-24T11:32:59","modified_gmt":"2026-02-24T10:32:59","slug":"gruppenleiter-dashboard","status":"publish","type":"page","link":"https:\/\/praxistrainings-lms.de\/vi\/gruppenleiter-dashboard\/","title":{"rendered":"B\u1ea3ng \u0111i\u1ec1u khi\u1ec3n tr\u01b0\u1edfng nh\u00f3m"},"content":{"rendered":"<div data-elementor-type=\"wp-page\" data-elementor-id=\"43113\" class=\"elementor elementor-43113\" data-elementor-post-type=\"page\">\n\t\t\t\t\t\t<section class=\"elementor-section elementor-top-section elementor-element elementor-element-a59dc37 elementor-section-boxed elementor-section-height-default elementor-section-height-default\" data-id=\"a59dc37\" data-element_type=\"section\" data-e-type=\"section\">\n\t\t\t\t\t\t<div class=\"elementor-container elementor-column-gap-default\">\n\t\t\t\t\t<div class=\"elementor-column elementor-col-100 elementor-top-column elementor-element elementor-element-9281d3a\" data-id=\"9281d3a\" data-element_type=\"column\" data-e-type=\"column\">\n\t\t\t<div class=\"elementor-widget-wrap elementor-element-populated\">\n\t\t\t\t\t\t<div class=\"elementor-element elementor-element-6bb8b8e elementor-widget elementor-widget-heading\" data-id=\"6bb8b8e\" data-element_type=\"widget\" data-e-type=\"widget\" data-widget_type=\"heading.default\">\n\t\t\t\t<div class=\"elementor-widget-container\">\n\t\t\t\t\t<h2 class=\"elementor-heading-title elementor-size-default\"><b>Ch\u00e0o m\u1eebng b\u1ea1n \u0111\u1ebfn v\u1edbi b\u1ea3ng \u0111i\u1ec1u khi\u1ec3n c\u1ee7a tr\u01b0\u1edfng nh\u00f3m<\/b><\/h2>\t\t\t\t<\/div>\n\t\t\t\t<\/div>\n\t\t\t\t\t<\/div>\n\t\t<\/div>\n\t\t\t\t\t<\/div>\n\t\t<\/section>\n\t\t\t\t<section class=\"elementor-section elementor-top-section elementor-element elementor-element-f423ee1 elementor-section-boxed elementor-section-height-default elementor-section-height-default\" data-id=\"f423ee1\" data-element_type=\"section\" data-e-type=\"section\">\n\t\t\t\t\t\t<div class=\"elementor-container elementor-column-gap-default\">\n\t\t\t\t\t<div class=\"elementor-column elementor-col-33 elementor-top-column elementor-element elementor-element-6fc48b2\" data-id=\"6fc48b2\" data-element_type=\"column\" data-e-type=\"column\">\n\t\t\t<div class=\"elementor-widget-wrap elementor-element-populated\">\n\t\t\t\t\t\t<div class=\"elementor-element elementor-element-101501f elementor-widget elementor-widget-image\" data-id=\"101501f\" data-element_type=\"widget\" data-e-type=\"widget\" data-widget_type=\"image.default\">\n\t\t\t\t<div class=\"elementor-widget-container\">\n\t\t\t\t\t\t\t\t\t\t\t\t\t\t\t<img loading=\"lazy\" decoding=\"async\" width=\"290\" height=\"300\" src=\"https:\/\/praxistrainings-lms.de\/wp-content\/uploads\/2023\/05\/4181-37b_10x15cm-e1683876526643-290x300.jpg\" class=\"attachment-medium size-medium wp-image-41176\" alt=\"\u0110\u00e0o t\u1ea1o-LMHV-4-Jennifer-Ziegler-kh\u00f4ng th\u00edch\" srcset=\"https:\/\/praxistrainings-lms.de\/wp-content\/uploads\/2023\/05\/4181-37b_10x15cm-e1683876526643-290x300.jpg 290w, https:\/\/praxistrainings-lms.de\/wp-content\/uploads\/2023\/05\/4181-37b_10x15cm-e1683876526643-600x621.jpg 600w, https:\/\/praxistrainings-lms.de\/wp-content\/uploads\/2023\/05\/4181-37b_10x15cm-e1683876526643-990x1024.jpg 990w, https:\/\/praxistrainings-lms.de\/wp-content\/uploads\/2023\/05\/4181-37b_10x15cm-e1683876526643-768x795.jpg 768w, https:\/\/praxistrainings-lms.de\/wp-content\/uploads\/2023\/05\/4181-37b_10x15cm-e1683876526643-12x12.jpg 12w, https:\/\/praxistrainings-lms.de\/wp-content\/uploads\/2023\/05\/4181-37b_10x15cm-e1683876526643.jpg 1010w\" sizes=\"auto, (max-width: 290px) 100vw, 290px\" \/>\t\t\t\t\t\t\t\t\t\t\t\t\t\t\t<\/div>\n\t\t\t\t<\/div>\n\t\t\t\t\t<\/div>\n\t\t<\/div>\n\t\t\t\t<div class=\"elementor-column elementor-col-66 elementor-top-column elementor-element elementor-element-74a3adf\" data-id=\"74a3adf\" data-element_type=\"column\" data-e-type=\"column\">\n\t\t\t<div class=\"elementor-widget-wrap elementor-element-populated\">\n\t\t\t\t\t\t<div class=\"elementor-element elementor-element-0f07927 elementor-widget elementor-widget-text-editor\" data-id=\"0f07927\" data-element_type=\"widget\" data-e-type=\"widget\" data-widget_type=\"text-editor.default\">\n\t\t\t\t<div class=\"elementor-widget-container\">\n\t\t\t\t\t\t\t\t\t<p>V\u00ed d\u1ee5: trong b\u1ea3ng \u0111i\u1ec1u khi\u1ec3n c\u1ee7a tr\u01b0\u1edfng nh\u00f3m, b\u1ea1n c\u00f3 th\u1ec3:&nbsp;<\/p>\n<ul>\n<li>Qu\u1ea3n l\u00fd ng\u01b0\u1eddi tham gia, t\u1ee9c l\u00e0 th\u00eam ng\u01b0\u1eddi m\u1edbi. <b>Quan tr\u1ecdng: H\u00e3y ghi l\u1ea1i t\u00ean ng\u01b0\u1eddi d\u00f9ng v\u00e0 m\u1eadt kh\u1ea9u c\u1ee7a b\u1ea1n!<\/b><\/li>\n<li>truy v\u1ea5n tr\u1ea1ng th\u00e1i h\u1ecdc t\u1eadp, t\u1ee9c l\u00e0 xem ai \u0111\u00e3 ho\u00e0n th\u00e0nh kh\u00f3a \u0111\u00e0o t\u1ea1o - v\u00e0 ai ch\u01b0a<\/li>\n<li>T\u1ea3i xu\u1ed1ng ch\u1ee9ng ch\u1ec9<\/li>\n<\/ul>\n<div><strong>Ch\u1ec9 c\u1ea7n ki\u1ec3m tra n\u00f3 - b\u1ea1n kh\u00f4ng th\u1ec3 \u201cph\u00e1 v\u1ee1\u201d b\u1ea5t c\u1ee9 th\u1ee9 g\u00ec.<\/strong><\/div>\t\t\t\t\t\t\t\t<\/div>\n\t\t\t\t<\/div>\n\t\t\t\t\t<\/div>\n\t\t<\/div>\n\t\t\t\t\t<\/div>\n\t\t<\/section>\n\t\t\t\t<section class=\"elementor-section elementor-top-section elementor-element elementor-element-c86392e elementor-section-boxed elementor-section-height-default elementor-section-height-default\" data-id=\"c86392e\" data-element_type=\"section\" data-e-type=\"section\">\n\t\t\t\t\t\t<div class=\"elementor-container elementor-column-gap-default\">\n\t\t\t\t\t<div class=\"elementor-column elementor-col-100 elementor-top-column elementor-element elementor-element-f445933\" data-id=\"f445933\" data-element_type=\"column\" data-e-type=\"column\">\n\t\t\t<div class=\"elementor-widget-wrap elementor-element-populated\">\n\t\t\t\t\t\t<div class=\"elementor-element elementor-element-71be884 elementor-widget elementor-widget-text-editor\" data-id=\"71be884\" data-element_type=\"widget\" data-e-type=\"widget\" data-widget_type=\"text-editor.default\">\n\t\t\t\t<div class=\"elementor-widget-container\">\n\t\t\t\t\t\t\t\t\t<p><strong>N\u1ebfu c\u00f3 \u0111i\u1ec1u g\u00ec \u0111\u00f3 kh\u00f4ng di\u1ec5n ra theo c\u00e1ch b\u1ea1n mu\u1ed1n: g\u1eedi email <a href=\"mailto:info@praxistrainings-lms.de\">info@praxistrainings-lms.de<\/a>.\u00a0<\/strong><\/p>\t\t\t\t\t\t\t\t<\/div>\n\t\t\t\t<\/div>\n\t\t\t\t\t<\/div>\n\t\t<\/div>\n\t\t\t\t\t<\/div>\n\t\t<\/section>\n\t\t\t\t<section class=\"elementor-section elementor-top-section elementor-element elementor-element-7b10c25 elementor-section-boxed elementor-section-height-default elementor-section-height-default\" data-id=\"7b10c25\" data-element_type=\"section\" data-e-type=\"section\">\n\t\t\t\t\t\t<div class=\"elementor-container elementor-column-gap-default\">\n\t\t\t\t\t<div class=\"elementor-column elementor-col-100 elementor-top-column elementor-element elementor-element-27ec4b7\" data-id=\"27ec4b7\" data-element_type=\"column\" data-e-type=\"column\">\n\t\t\t<div class=\"elementor-widget-wrap elementor-element-populated\">\n\t\t\t\t\t\t<div class=\"elementor-element elementor-element-4ac3636 elementor-widget elementor-widget-shortcode\" data-id=\"4ac3636\" data-element_type=\"widget\" data-e-type=\"widget\" data-widget_type=\"shortcode.default\">\n\t\t\t\t<div class=\"elementor-widget-container\">\n\t\t\t\t\t\t\t<div class=\"elementor-shortcode\"><div class=\"learndash-wrapper\"><a class=\"ld-login ld-login ld-login-text ld-login-button ld-button\" href=\"#login\"><span class=\"ld-icon ld-icon-login ld-icon-left\"><\/span>\u0110\u0103ng nh\u1eadp<\/a><\/div><\/div>\n\t\t\t\t\t\t<\/div>\n\t\t\t\t<\/div>\n\t\t\t\t<div class=\"elementor-element elementor-element-bf5f501 elementor-widget-divider--view-line elementor-widget elementor-widget-divider\" data-id=\"bf5f501\" data-element_type=\"widget\" data-e-type=\"widget\" data-widget_type=\"divider.default\">\n\t\t\t\t<div class=\"elementor-widget-container\">\n\t\t\t\t\t\t\t<div class=\"elementor-divider\">\n\t\t\t<span class=\"elementor-divider-separator\">\n\t\t\t\t\t\t<\/span>\n\t\t<\/div>\n\t\t\t\t\t\t<\/div>\n\t\t\t\t<\/div>\n\t\t\t\t\t<\/div>\n\t\t<\/div>\n\t\t\t\t\t<\/div>\n\t\t<\/section>\n\t\t\t\t<section class=\"elementor-section elementor-top-section elementor-element elementor-element-6d4509b elementor-section-boxed elementor-section-height-default elementor-section-height-default\" data-id=\"6d4509b\" data-element_type=\"section\" data-e-type=\"section\">\n\t\t\t\t\t\t<div class=\"elementor-container elementor-column-gap-default\">\n\t\t\t\t\t<div class=\"elementor-column elementor-col-100 elementor-top-column elementor-element elementor-element-1620e44\" data-id=\"1620e44\" data-element_type=\"column\" data-e-type=\"column\">\n\t\t\t<div class=\"elementor-widget-wrap elementor-element-populated\">\n\t\t\t\t\t\t<div class=\"elementor-element elementor-element-1fe1eb6 elementor-widget elementor-widget-shortcode\" data-id=\"1fe1eb6\" data-element_type=\"widget\" data-e-type=\"widget\" data-widget_type=\"shortcode.default\">\n\t\t\t\t<div class=\"elementor-widget-container\">\n\t\t\t\t\t\t\t<div class=\"elementor-shortcode\">B\u1ea1n ph\u1ea3i \u0111\u0103ng nh\u1eadp \u0111\u1ec3 xem b\u00e1o c\u00e1o n\u00e0y.<\/div>\n\t\t\t\t\t\t<\/div>\n\t\t\t\t<\/div>\n\t\t\t\t<div class=\"elementor-element elementor-element-43a9465 elementor-widget-divider--view-line elementor-widget elementor-widget-divider\" data-id=\"43a9465\" data-element_type=\"widget\" data-e-type=\"widget\" data-widget_type=\"divider.default\">\n\t\t\t\t<div class=\"elementor-widget-container\">\n\t\t\t\t\t\t\t<div class=\"elementor-divider\">\n\t\t\t<span class=\"elementor-divider-separator\">\n\t\t\t\t\t\t<\/span>\n\t\t<\/div>\n\t\t\t\t\t\t<\/div>\n\t\t\t\t<\/div>\n\t\t\t\t\t<\/div>\n\t\t<\/div>\n\t\t\t\t\t<\/div>\n\t\t<\/section>\n\t\t\t\t<\/div>","protected":false},"excerpt":{"rendered":"<p>Herzlich willkommen im Gruppenleiter-Dashboard Im Gruppenleiter Dashboard kannst du zum Beispiel:&nbsp; Teilnehmer verwalten, also neue hinzuf\u00fcgen. Wichtig: Notiere dir Benutzernamen und Passw\u00f6rter! den Lernstand abfragen, also sehen, wer die Schulung erledigt hat &#8211; und wer nicht Zertifikate herunterladen Teste es einfach aus &#8211; du kannst nichts &#8220;kaputt&#8221; machen. Wenn etwas nicht so klappt, wie du [&hellip;]<\/p>\n","protected":false},"author":1,"featured_media":0,"parent":0,"menu_order":0,"comment_status":"closed","ping_status":"closed","template":"","meta":{"_acf_changed":false,"site-sidebar-layout":"default","site-content-layout":"","ast-site-content-layout":"default","site-content-style":"default","site-sidebar-style":"default","ast-global-header-display":"","ast-banner-title-visibility":"","ast-main-header-display":"","ast-hfb-above-header-display":"","ast-hfb-below-header-display":"","ast-hfb-mobile-header-display":"","site-post-title":"","ast-breadcrumbs-content":"","ast-featured-img":"","footer-sml-layout":"","ast-disable-related-posts":"","theme-transparent-header-meta":"","adv-header-id-meta":"","stick-header-meta":"","header-above-stick-meta":"","header-main-stick-meta":"","header-below-stick-meta":"","astra-migrate-meta-layouts":"default","ast-page-background-enabled":"default","ast-page-background-meta":{"desktop":{"background-color":"","background-image":"","background-repeat":"repeat","background-position":"center center","background-size":"auto","background-attachment":"scroll","background-type":"","background-media":"","overlay-type":"","overlay-color":"","overlay-opacity":"","overlay-gradient":""},"tablet":{"background-color":"","background-image":"","background-repeat":"repeat","background-position":"center center","background-size":"auto","background-attachment":"scroll","background-type":"","background-media":"","overlay-type":"","overlay-color":"","overlay-opacity":"","overlay-gradient":""},"mobile":{"background-color":"","background-image":"","background-repeat":"repeat","background-position":"center center","background-size":"auto","background-attachment":"scroll","background-type":"","background-media":"","overlay-type":"","overlay-color":"","overlay-opacity":"","overlay-gradient":""}},"ast-content-background-meta":{"desktop":{"background-color":"var(--ast-global-color-5)","background-image":"","background-repeat":"repeat","background-position":"center center","background-size":"auto","background-attachment":"scroll","background-type":"","background-media":"","overlay-type":"","overlay-color":"","overlay-opacity":"","overlay-gradient":""},"tablet":{"background-color":"var(--ast-global-color-5)","background-image":"","background-repeat":"repeat","background-position":"center center","background-size":"auto","background-attachment":"scroll","background-type":"","background-media":"","overlay-type":"","overlay-color":"","overlay-opacity":"","overlay-gradient":""},"mobile":{"background-color":"var(--ast-global-color-5)","background-image":"","background-repeat":"repeat","background-position":"center center","background-size":"auto","background-attachment":"scroll","background-type":"","background-media":"","overlay-type":"","overlay-color":"","overlay-opacity":"","overlay-gradient":""}},"footnotes":""},"class_list":["post-43113","page","type-page","status-publish","hentry"],"acf":[],"yoast_head":"<!-- This site is optimized with the Yoast SEO Premium plugin v27.5 (Yoast SEO v27.5) - https:\/\/yoast.com\/product\/yoast-seo-premium-wordpress\/ -->\n<title>Gruppenleiter Dashboard - Praxistrainings-LMS<\/title>\n<meta name=\"robots\" content=\"index, follow, max-snippet:-1, max-image-preview:large, max-video-preview:-1\" \/>\n<link rel=\"canonical\" href=\"https:\/\/praxistrainings-lms.de\/vi\/gruppenleiter-dashboard\/\" \/>\n<meta property=\"og:locale\" content=\"vi_VN\" \/>\n<meta property=\"og:type\" content=\"article\" \/>\n<meta property=\"og:title\" content=\"Gruppenleiter Dashboard\" \/>\n<meta property=\"og:description\" content=\"Herzlich willkommen im Gruppenleiter-Dashboard Im Gruppenleiter Dashboard kannst du zum Beispiel:&nbsp; Teilnehmer verwalten, also neue hinzuf\u00fcgen. Wichtig: Notiere dir Benutzernamen und Passw\u00f6rter! den Lernstand abfragen, also sehen, wer die Schulung erledigt hat &#8211; und wer nicht Zertifikate herunterladen Teste es einfach aus &#8211; du kannst nichts &#8220;kaputt&#8221; machen. Wenn etwas nicht so klappt, wie du [&hellip;]\" \/>\n<meta property=\"og:url\" content=\"https:\/\/praxistrainings-lms.de\/vi\/gruppenleiter-dashboard\/\" \/>\n<meta property=\"og:site_name\" content=\"Praxistrainings-LMS\" \/>\n<meta property=\"article:publisher\" content=\"https:\/\/www.facebook.com\/jennifer.ziegler.praxistraining.lms.de\" \/>\n<meta property=\"article:modified_time\" content=\"2026-02-24T10:32:59+00:00\" \/>\n<meta property=\"og:image\" content=\"https:\/\/praxistrainings-lms.de\/wp-content\/uploads\/2023\/05\/4181-37b_10x15cm-e1683876526643.jpg\" \/>\n\t<meta property=\"og:image:width\" content=\"1010\" \/>\n\t<meta property=\"og:image:height\" content=\"1045\" \/>\n\t<meta property=\"og:image:type\" content=\"image\/jpeg\" \/>\n<meta name=\"twitter:card\" content=\"summary_large_image\" \/>\n<meta name=\"twitter:label1\" content=\"\u01af\u1edbc t\u00ednh th\u1eddi gian \u0111\u1ecdc\" \/>\n\t<meta name=\"twitter:data1\" content=\"1 ph\u00fat\" \/>\n<script type=\"application\/ld+json\" class=\"yoast-schema-graph\">{\"@context\":\"https:\\\/\\\/schema.org\",\"@graph\":[{\"@type\":\"WebPage\",\"@id\":\"https:\\\/\\\/praxistrainings-lms.de\\\/gruppenleiter-dashboard\\\/\",\"url\":\"https:\\\/\\\/praxistrainings-lms.de\\\/gruppenleiter-dashboard\\\/\",\"name\":\"Gruppenleiter Dashboard - Praxistrainings-LMS\",\"isPartOf\":{\"@id\":\"https:\\\/\\\/praxistrainings-lms.de\\\/#website\"},\"primaryImageOfPage\":{\"@id\":\"https:\\\/\\\/praxistrainings-lms.de\\\/gruppenleiter-dashboard\\\/#primaryimage\"},\"image\":{\"@id\":\"https:\\\/\\\/praxistrainings-lms.de\\\/gruppenleiter-dashboard\\\/#primaryimage\"},\"thumbnailUrl\":\"https:\\\/\\\/praxistrainings-lms.de\\\/wp-content\\\/uploads\\\/2023\\\/05\\\/4181-37b_10x15cm-e1683876526643-290x300.jpg\",\"datePublished\":\"2023-08-07T12:46:29+00:00\",\"dateModified\":\"2026-02-24T10:32:59+00:00\",\"breadcrumb\":{\"@id\":\"https:\\\/\\\/praxistrainings-lms.de\\\/gruppenleiter-dashboard\\\/#breadcrumb\"},\"inLanguage\":\"vi\",\"potentialAction\":[{\"@type\":\"ReadAction\",\"target\":[\"https:\\\/\\\/praxistrainings-lms.de\\\/gruppenleiter-dashboard\\\/\"]}]},{\"@type\":\"ImageObject\",\"inLanguage\":\"vi\",\"@id\":\"https:\\\/\\\/praxistrainings-lms.de\\\/gruppenleiter-dashboard\\\/#primaryimage\",\"url\":\"https:\\\/\\\/praxistrainings-lms.de\\\/wp-content\\\/uploads\\\/2023\\\/05\\\/4181-37b_10x15cm-e1683876526643-290x300.jpg\",\"contentUrl\":\"https:\\\/\\\/praxistrainings-lms.de\\\/wp-content\\\/uploads\\\/2023\\\/05\\\/4181-37b_10x15cm-e1683876526643-290x300.jpg\"},{\"@type\":\"BreadcrumbList\",\"@id\":\"https:\\\/\\\/praxistrainings-lms.de\\\/gruppenleiter-dashboard\\\/#breadcrumb\",\"itemListElement\":[{\"@type\":\"ListItem\",\"position\":1,\"name\":\"Startseite\",\"item\":\"https:\\\/\\\/praxistrainings-lms.de\\\/\"},{\"@type\":\"ListItem\",\"position\":2,\"name\":\"Gruppenleiter Dashboard\"}]},{\"@type\":\"WebSite\",\"@id\":\"https:\\\/\\\/praxistrainings-lms.de\\\/#website\",\"url\":\"https:\\\/\\\/praxistrainings-lms.de\\\/\",\"name\":\"Praxistrainings-LMS\",\"description\":\"Schulungen f\u00fcr QM &amp; QS von Lebensmittel-Unternehmen\",\"publisher\":{\"@id\":\"https:\\\/\\\/praxistrainings-lms.de\\\/#organization\"},\"potentialAction\":[{\"@type\":\"SearchAction\",\"target\":{\"@type\":\"EntryPoint\",\"urlTemplate\":\"https:\\\/\\\/praxistrainings-lms.de\\\/?s={search_term_string}\"},\"query-input\":{\"@type\":\"PropertyValueSpecification\",\"valueRequired\":true,\"valueName\":\"search_term_string\"}}],\"inLanguage\":\"vi\"},{\"@type\":\"Organization\",\"@id\":\"https:\\\/\\\/praxistrainings-lms.de\\\/#organization\",\"name\":\"Praxistrainings-LMS\",\"url\":\"https:\\\/\\\/praxistrainings-lms.de\\\/\",\"logo\":{\"@type\":\"ImageObject\",\"inLanguage\":\"vi\",\"@id\":\"https:\\\/\\\/praxistrainings-lms.de\\\/#\\\/schema\\\/logo\\\/image\\\/\",\"url\":\"https:\\\/\\\/praxistrainings-lms.de\\\/wp-content\\\/uploads\\\/2022\\\/02\\\/WEB_LMS_Logo_Blue-e1646829814308.png\",\"contentUrl\":\"https:\\\/\\\/praxistrainings-lms.de\\\/wp-content\\\/uploads\\\/2022\\\/02\\\/WEB_LMS_Logo_Blue-e1646829814308.png\",\"width\":286,\"height\":143,\"caption\":\"Praxistrainings-LMS\"},\"image\":{\"@id\":\"https:\\\/\\\/praxistrainings-lms.de\\\/#\\\/schema\\\/logo\\\/image\\\/\"},\"sameAs\":[\"https:\\\/\\\/www.facebook.com\\\/jennifer.ziegler.praxistraining.lms.de\",\"https:\\\/\\\/www.linkedin.com\\\/in\\\/jennifer-ziegler-sichere-lm\\\/\",\"https:\\\/\\\/www.youtube.com\\\/channel\\\/UCQ1DGMwNQlP9uMcX_P-_gTg\"]}]}<\/script>\n<!-- \/ Yoast SEO Premium plugin. -->","yoast_head_json":{"title":"B\u1ea3ng \u0111i\u1ec1u khi\u1ec3n Tr\u01b0\u1edfng nh\u00f3m - LMS \u0111\u00e0o t\u1ea1o th\u1ef1c h\u00e0nh","robots":{"index":"index","follow":"follow","max-snippet":"max-snippet:-1","max-image-preview":"max-image-preview:large","max-video-preview":"max-video-preview:-1"},"canonical":"https:\/\/praxistrainings-lms.de\/vi\/gruppenleiter-dashboard\/","og_locale":"vi_VN","og_type":"article","og_title":"Gruppenleiter Dashboard","og_description":"Herzlich willkommen im Gruppenleiter-Dashboard Im Gruppenleiter Dashboard kannst du zum Beispiel:&nbsp; Teilnehmer verwalten, also neue hinzuf\u00fcgen. Wichtig: Notiere dir Benutzernamen und Passw\u00f6rter! den Lernstand abfragen, also sehen, wer die Schulung erledigt hat &#8211; und wer nicht Zertifikate herunterladen Teste es einfach aus &#8211; du kannst nichts &#8220;kaputt&#8221; machen. Wenn etwas nicht so klappt, wie du [&hellip;]","og_url":"https:\/\/praxistrainings-lms.de\/vi\/gruppenleiter-dashboard\/","og_site_name":"Praxistrainings-LMS","article_publisher":"https:\/\/www.facebook.com\/jennifer.ziegler.praxistraining.lms.de","article_modified_time":"2026-02-24T10:32:59+00:00","og_image":[{"width":1010,"height":1045,"url":"https:\/\/praxistrainings-lms.de\/wp-content\/uploads\/2023\/05\/4181-37b_10x15cm-e1683876526643.jpg","type":"image\/jpeg"}],"twitter_card":"summary_large_image","twitter_misc":{"\u01af\u1edbc t\u00ednh th\u1eddi gian \u0111\u1ecdc":"1 ph\u00fat"},"schema":{"@context":"https:\/\/schema.org","@graph":[{"@type":"WebPage","@id":"https:\/\/praxistrainings-lms.de\/gruppenleiter-dashboard\/","url":"https:\/\/praxistrainings-lms.de\/gruppenleiter-dashboard\/","name":"B\u1ea3ng \u0111i\u1ec1u khi\u1ec3n Tr\u01b0\u1edfng nh\u00f3m - LMS \u0111\u00e0o t\u1ea1o th\u1ef1c h\u00e0nh","isPartOf":{"@id":"https:\/\/praxistrainings-lms.de\/#website"},"primaryImageOfPage":{"@id":"https:\/\/praxistrainings-lms.de\/gruppenleiter-dashboard\/#primaryimage"},"image":{"@id":"https:\/\/praxistrainings-lms.de\/gruppenleiter-dashboard\/#primaryimage"},"thumbnailUrl":"https:\/\/praxistrainings-lms.de\/wp-content\/uploads\/2023\/05\/4181-37b_10x15cm-e1683876526643-290x300.jpg","datePublished":"2023-08-07T12:46:29+00:00","dateModified":"2026-02-24T10:32:59+00:00","breadcrumb":{"@id":"https:\/\/praxistrainings-lms.de\/gruppenleiter-dashboard\/#breadcrumb"},"inLanguage":"vi","potentialAction":[{"@type":"ReadAction","target":["https:\/\/praxistrainings-lms.de\/gruppenleiter-dashboard\/"]}]},{"@type":"ImageObject","inLanguage":"vi","@id":"https:\/\/praxistrainings-lms.de\/gruppenleiter-dashboard\/#primaryimage","url":"https:\/\/praxistrainings-lms.de\/wp-content\/uploads\/2023\/05\/4181-37b_10x15cm-e1683876526643-290x300.jpg","contentUrl":"https:\/\/praxistrainings-lms.de\/wp-content\/uploads\/2023\/05\/4181-37b_10x15cm-e1683876526643-290x300.jpg"},{"@type":"BreadcrumbList","@id":"https:\/\/praxistrainings-lms.de\/gruppenleiter-dashboard\/#breadcrumb","itemListElement":[{"@type":"ListItem","position":1,"name":"Startseite","item":"https:\/\/praxistrainings-lms.de\/"},{"@type":"ListItem","position":2,"name":"Gruppenleiter Dashboard"}]},{"@type":"WebSite","@id":"https:\/\/praxistrainings-lms.de\/#website","url":"https:\/\/praxistrainings-lms.de\/","name":"Th\u1ef1c h\u00e0nh \u0111\u00e0o t\u1ea1o LMS","description":"\u0110\u00e0o t\u1ea1o QM &amp; QS c\u1ee7a c\u00e1c c\u00f4ng ty th\u1ef1c ph\u1ea9m","publisher":{"@id":"https:\/\/praxistrainings-lms.de\/#organization"},"potentialAction":[{"@type":"SearchAction","target":{"@type":"EntryPoint","urlTemplate":"https:\/\/praxistrainings-lms.de\/?s={search_term_string}"},"query-input":{"@type":"PropertyValueSpecification","valueRequired":true,"valueName":"search_term_string"}}],"inLanguage":"vi"},{"@type":"Organization","@id":"https:\/\/praxistrainings-lms.de\/#organization","name":"Th\u1ef1c h\u00e0nh \u0111\u00e0o t\u1ea1o LMS","url":"https:\/\/praxistrainings-lms.de\/","logo":{"@type":"ImageObject","inLanguage":"vi","@id":"https:\/\/praxistrainings-lms.de\/#\/schema\/logo\/image\/","url":"https:\/\/praxistrainings-lms.de\/wp-content\/uploads\/2022\/02\/WEB_LMS_Logo_Blue-e1646829814308.png","contentUrl":"https:\/\/praxistrainings-lms.de\/wp-content\/uploads\/2022\/02\/WEB_LMS_Logo_Blue-e1646829814308.png","width":286,"height":143,"caption":"Praxistrainings-LMS"},"image":{"@id":"https:\/\/praxistrainings-lms.de\/#\/schema\/logo\/image\/"},"sameAs":["https:\/\/www.facebook.com\/jennifer.ziegler.praxistraining.lms.de","https:\/\/www.linkedin.com\/in\/jennifer-ziegler-sichere-lm\/","https:\/\/www.youtube.com\/channel\/UCQ1DGMwNQlP9uMcX_P-_gTg"]}]}},"_links":{"self":[{"href":"https:\/\/praxistrainings-lms.de\/vi\/wp-json\/wp\/v2\/pages\/43113","targetHints":{"allow":["GET"]}}],"collection":[{"href":"https:\/\/praxistrainings-lms.de\/vi\/wp-json\/wp\/v2\/pages"}],"about":[{"href":"https:\/\/praxistrainings-lms.de\/vi\/wp-json\/wp\/v2\/types\/page"}],"author":[{"embeddable":true,"href":"https:\/\/praxistrainings-lms.de\/vi\/wp-json\/wp\/v2\/users\/1"}],"replies":[{"embeddable":true,"href":"https:\/\/praxistrainings-lms.de\/vi\/wp-json\/wp\/v2\/comments?post=43113"}],"version-history":[{"count":11,"href":"https:\/\/praxistrainings-lms.de\/vi\/wp-json\/wp\/v2\/pages\/43113\/revisions"}],"predecessor-version":[{"id":75629,"href":"https:\/\/praxistrainings-lms.de\/vi\/wp-json\/wp\/v2\/pages\/43113\/revisions\/75629"}],"wp:attachment":[{"href":"https:\/\/praxistrainings-lms.de\/vi\/wp-json\/wp\/v2\/media?parent=43113"}],"curies":[{"name":"wp","href":"https:\/\/api.w.org\/{rel}","templated":true}]}}